{"id":116,"date":"2019-07-02T14:18:23","date_gmt":"2019-07-02T11:18:23","guid":{"rendered":"http:\/\/draculafilm.ro\/?page_id=116"},"modified":"2019-07-02T14:21:07","modified_gmt":"2019-07-02T11:21:07","slug":"about-festival","status":"publish","type":"page","link":"http:\/\/draculafilm.ro\/2019\/en\/about-festival\/","title":{"rendered":"About festival"},"content":{"rendered":"[vc_row type=&#8221;in_container&#8221; full_screen_row_position=&#8221;middle&#8221; scene_position=&#8221;center&#8221; text_color=&#8221;dark&#8221; text_align=&#8221;left&#8221; overlay_strength=&#8221;0.3&#8243; shape_divider_position=&#8221;bottom&#8221; bg_image_animation=&#8221;none&#8221;][vc_column column_padding=&#8221;no-extra-padding&#8221; column_padding_position=&#8221;all&#8221; background_color_opacity=&#8221;1&#8243; background_hover_color_opacity=&#8221;1&#8243; column_link_target=&#8221;_self&#8221; column_shadow=&#8221;none&#8221; column_border_radius=&#8221;none&#8221; width=&#8221;1\/1&#8243; tablet_width_inherit=&#8221;default&#8221; tablet_text_alignment=&#8221;default&#8221; phone_text_alignment=&#8221;default&#8221; column_border_width=&#8221;none&#8221; column_border_style=&#8221;solid&#8221; bg_image_animation=&#8221;none&#8221;][vc_video link=&#8221;https:\/\/www.youtube.com\/watch?v=hZx8Oyd2aj4&#8243;][\/vc_column][\/vc_row][vc_row type=&#8221;in_container&#8221; full_screen_row_position=&#8221;middle&#8221; bg_color=&#8221;#f5f0ec&#8221; scene_position=&#8221;center&#8221; text_color=&#8221;dark&#8221; text_align=&#8221;left&#8221; class=&#8221;form_ro&#8221; overlay_strength=&#8221;0.3&#8243; shape_divider_position=&#8221;bottom&#8221; bg_image_animation=&#8221;none&#8221; shape_type=&#8221;&#8221;][vc_column column_padding=&#8221;padding-3-percent&#8221; column_padding_position=&#8221;all&#8221; background_color_opacity=&#8221;1&#8243; background_hover_color_opacity=&#8221;1&#8243; column_link_target=&#8221;_self&#8221; column_shadow=&#8221;none&#8221; column_border_radius=&#8221;none&#8221; width=&#8221;1\/1&#8243; tablet_width_inherit=&#8221;default&#8221; tablet_text_alignment=&#8221;default&#8221; phone_text_alignment=&#8221;default&#8221; column_border_width=&#8221;none&#8221; column_border_style=&#8221;solid&#8221; bg_image_animation=&#8221;none&#8221;][vc_column_text]<strong>Dracula Film Festival<\/strong> este un festival competi\u021bional \u2013 \u00een cadrul c\u0103ruia vor fi proiectate filme <strong>horror<\/strong>, <strong>SF<\/strong>, <strong>supranaturale<\/strong>, <strong>thriller<\/strong> sau <strong>fantasy<\/strong> \u2013 \u0219i are 3 sec\u021biuni: competi\u021bie lungmetraj interna\u021bional, competi\u021bie scurtmetraj interna\u021bional \u0219i competi\u021bie scurtmetraj rom\u00e2nesc (DFF este singurul festival din Rom\u00e2nia de acest gen care are o competi\u021bie de scurtmetraj).<\/p>\n<p>\u00cencep\u00e2nd cu edi\u021bia a IV-a (2016) <strong>Dracula Film Festival<\/strong> a mai adaugat o sec\u021biune, numit\u0103 <strong><a href=\"http:\/\/draculadigital.ro\" target=\"_blank\" rel=\"noopener noreferrer\">Dracula Digital<\/a><\/strong>, care are scopul de a promova educa\u0163ia cinematografic\u0103 \u00een r\u00e2ndul adolescen\u0163ilor, de a le oferi tinerilor din toat\u0103 \u0163ara \u0219ansa de a se apropia de lumea filmului, \u015fi de a descoperi \u015fi cultiva noi talente \u00een cinematografia din Rom\u00e2nia. Acest atelier se adreseaz\u0103 adolescen\u0163ilor cu v\u00e2rste cuprinse \u00eentre 16 \u015fi 29 ani, din toat\u0103 \u0163ara, pasiona\u0163i de film \u0219i fotografie.[\/vc_column_text][\/vc_column][\/vc_row]\n","protected":false},"excerpt":{"rendered":"<p>[vc_row type=&#8221;in_container&#8221; full_screen_row_position=&#8221;middle&#8221; scene_position=&#8221;center&#8221; text_color=&#8221;dark&#8221; text_align=&#8221;left&#8221; overlay_strength=&#8221;0.3&#8243; shape_divider_position=&#8221;bottom&#8221; bg_image_animation=&#8221;none&#8221;][vc_column column_padding=&#8221;no-extra-padding&#8221; column_padding_position=&#8221;all&#8221; background_color_opacity=&#8221;1&#8243; background_hover_color_opacity=&#8221;1&#8243; column_link_target=&#8221;_self&#8221; column_shadow=&#8221;none&#8221; column_border_radius=&#8221;none&#8221; width=&#8221;1\/1&#8243; tablet_width_inherit=&#8221;default&#8221; tablet_text_alignment=&#8221;default&#8221; phone_text_alignment=&#8221;default&#8221; column_border_width=&#8221;none&#8221; column_border_style=&#8221;solid&#8221; bg_image_animation=&#8221;none&#8221;][vc_video link=&#8221;https:\/\/www.youtube.com\/watch?v=hZx8Oyd2aj4&#8243;][\/vc_column][\/vc_row][vc_row type=&#8221;in_container&#8221; full_screen_row_position=&#8221;middle&#8221; bg_color=&#8221;#f5f0ec&#8221; scene_position=&#8221;center&#8221; text_color=&#8221;dark&#8221; text_align=&#8221;left&#8221;&#8230;<\/p>\n","protected":false},"author":2,"featured_media":0,"parent":0,"menu_order":0,"comment_status":"closed","ping_status":"closed","template":"page-sidebar.php","meta":[],"yoast_head":"<!-- This site is optimized with the Yoast SEO plugin v15.0 - https:\/\/yoast.com\/wordpress\/plugins\/seo\/ -->\n<title>About festival - Dracula Film Festival - 2019<\/title>\n<meta name=\"robots\" content=\"noindex, follow\" \/>\n<meta property=\"og:locale\" content=\"ro_RO\" \/>\n<meta property=\"og:type\" content=\"article\" \/>\n<meta property=\"og:title\" content=\"About festival - Dracula Film Festival - 2019\" \/>\n<meta property=\"og:description\" content=\"[vc_row type=&#8221;in_container&#8221; full_screen_row_position=&#8221;middle&#8221; scene_position=&#8221;center&#8221; text_color=&#8221;dark&#8221; text_align=&#8221;left&#8221; overlay_strength=&#8221;0.3&#8243; shape_divider_position=&#8221;bottom&#8221; bg_image_animation=&#8221;none&#8221;][vc_column column_padding=&#8221;no-extra-padding&#8221; column_padding_position=&#8221;all&#8221; background_color_opacity=&#8221;1&#8243; background_hover_color_opacity=&#8221;1&#8243; column_link_target=&#8221;_self&#8221; column_shadow=&#8221;none&#8221; column_border_radius=&#8221;none&#8221; width=&#8221;1\/1&#8243; tablet_width_inherit=&#8221;default&#8221; tablet_text_alignment=&#8221;default&#8221; phone_text_alignment=&#8221;default&#8221; column_border_width=&#8221;none&#8221; column_border_style=&#8221;solid&#8221; bg_image_animation=&#8221;none&#8221;][vc_video link=&#8221;https:\/\/www.youtube.com\/watch?v=hZx8Oyd2aj4&#8243;][\/vc_column][\/vc_row][vc_row type=&#8221;in_container&#8221; full_screen_row_position=&#8221;middle&#8221; bg_color=&#8221;#f5f0ec&#8221; scene_position=&#8221;center&#8221; text_color=&#8221;dark&#8221; text_align=&#8221;left&#8221;...\" \/>\n<meta property=\"og:url\" content=\"http:\/\/draculafilm.ro\/2019\/en\/about-festival\/\" \/>\n<meta property=\"og:site_name\" content=\"Dracula Film Festival - 2019\" \/>\n<meta property=\"article:modified_time\" content=\"2019-07-02T11:21:07+00:00\" \/>\n<meta name=\"twitter:card\" content=\"summary_large_image\" \/>\n<script type=\"application\/ld+json\" class=\"yoast-schema-graph\">{\"@context\":\"https:\/\/schema.org\",\"@graph\":[{\"@type\":\"WebSite\",\"@id\":\"http:\/\/draculafilm.ro\/2019\/#website\",\"url\":\"http:\/\/draculafilm.ro\/2019\/\",\"name\":\"Dracula Film Festival - 2019\",\"description\":\"Dracula Film Festival - Horror &amp; Fantasy Film Festival.\",\"potentialAction\":[{\"@type\":\"SearchAction\",\"target\":\"http:\/\/draculafilm.ro\/2019\/?s={search_term_string}\",\"query-input\":\"required name=search_term_string\"}],\"inLanguage\":\"ro-RO\"},{\"@type\":\"WebPage\",\"@id\":\"http:\/\/draculafilm.ro\/2019\/en\/about-festival\/#webpage\",\"url\":\"http:\/\/draculafilm.ro\/2019\/en\/about-festival\/\",\"name\":\"About festival - Dracula Film Festival - 2019\",\"isPartOf\":{\"@id\":\"http:\/\/draculafilm.ro\/2019\/#website\"},\"datePublished\":\"2019-07-02T11:18:23+00:00\",\"dateModified\":\"2019-07-02T11:21:07+00:00\",\"inLanguage\":\"ro-RO\",\"potentialAction\":[{\"@type\":\"ReadAction\",\"target\":[\"http:\/\/draculafilm.ro\/2019\/en\/about-festival\/\"]}]}]}<\/script>\n<!-- \/ Yoast SEO plugin. -->","_links":{"self":[{"href":"http:\/\/draculafilm.ro\/2019\/wp-json\/wp\/v2\/pages\/116"}],"collection":[{"href":"http:\/\/draculafilm.ro\/2019\/wp-json\/wp\/v2\/pages"}],"about":[{"href":"http:\/\/draculafilm.ro\/2019\/wp-json\/wp\/v2\/types\/page"}],"author":[{"embeddable":true,"href":"http:\/\/draculafilm.ro\/2019\/wp-json\/wp\/v2\/users\/2"}],"replies":[{"embeddable":true,"href":"http:\/\/draculafilm.ro\/2019\/wp-json\/wp\/v2\/comments?post=116"}],"version-history":[{"count":2,"href":"http:\/\/draculafilm.ro\/2019\/wp-json\/wp\/v2\/pages\/116\/revisions"}],"predecessor-version":[{"id":119,"href":"http:\/\/draculafilm.ro\/2019\/wp-json\/wp\/v2\/pages\/116\/revisions\/119"}],"wp:attachment":[{"href":"http:\/\/draculafilm.ro\/2019\/wp-json\/wp\/v2\/media?parent=116"}],"curies":[{"name":"wp","href":"https:\/\/api.w.org\/{rel}","templated":true}]}}