{"id":34,"date":"2019-06-28T17:47:24","date_gmt":"2019-06-28T14:47:24","guid":{"rendered":"http:\/\/draculafilm.ro\/?page_id=34"},"modified":"2019-10-07T18:30:59","modified_gmt":"2019-10-07T15:30:59","slug":"regulament","status":"publish","type":"page","link":"http:\/\/draculafilm.ro\/2019\/regulament\/","title":{"rendered":"Regulament"},"content":{"rendered":"[vc_row type=&#8221;in_container&#8221; full_screen_row_position=&#8221;middle&#8221; bg_color=&#8221;#f5f0ec&#8221; scene_position=&#8221;center&#8221; text_color=&#8221;dark&#8221; text_align=&#8221;left&#8221; class=&#8221;form_ro&#8221; overlay_strength=&#8221;0.3&#8243; shape_divider_position=&#8221;bottom&#8221; bg_image_animation=&#8221;none&#8221; shape_type=&#8221;&#8221;][vc_column column_padding=&#8221;padding-3-percent&#8221; column_padding_position=&#8221;all&#8221; background_color_opacity=&#8221;1&#8243; background_hover_color_opacity=&#8221;1&#8243; column_link_target=&#8221;_self&#8221; column_shadow=&#8221;none&#8221; column_border_radius=&#8221;none&#8221; width=&#8221;1\/1&#8243; tablet_width_inherit=&#8221;default&#8221; tablet_text_alignment=&#8221;default&#8221; phone_text_alignment=&#8221;default&#8221; column_border_width=&#8221;none&#8221; column_border_style=&#8221;solid&#8221; bg_image_animation=&#8221;none&#8221;][vc_column_text]\n<h4 style=\"margin-bottom: 30px;\">DRACULA INTERNA\u0162IONAL FILM FESTIVAL anun\u021b\u0103 lansarea competi\u021biei de filme de scurtmetraj, anima\u021bie \u0219i lungmetraje pe teme horror, SF, thriller, supranaturale, comedii negre, anima\u021bii, filme experimentale, culte pentru a 7-a edi\u021bie a festivalului.<\/h4>\n<h3>REGULI GENERALE<\/h3>\n<p>A 7-a edi\u021bie a Dracula Film Festival va avea loc \u00een perioada 16-20 octombrie 2019 la Bra\u0219ov, Rom\u00e2nia.<\/p>\n<p>Pentru a fi eligibil \u00een Selec\u021bia Oficial\u0103 2019 este obligatoriu ca filmele de lungmetraj s\u0103 nu fi fost prezentate la un alt festilval de filme horror \u015fi fantastice din Rom\u00e2nia. Aceast\u0103 regul\u0103 este valabil\u0103 \u0219i pentru scurtmetrajele interna\u021bionale.<\/p>\n<p>Pentru a fi eligibile, filmele trebuie s\u0103 fie produse \u00een perioada 2017 p\u00e2n\u0103 \u00een prezent.<\/p>\n<p>Toate filmele eligibile la Selec\u021bia Oficial\u0103 vor fi evaluate de o comisie a c\u0103rei decizie de a le introduce sau nu in Selec\u021bia Oficial\u0103 DFF 2019 este final\u0103.<\/p>\n<p>Toate filmele selectate pot fi introduse \u00een programul de vizion\u0103ri a Dracula International Film Festival \u00een 2019 \u015fi 2020.<\/p>\n<p>Toate filmele \u00eenscrise pentru competi\u021bie trebuie s\u0103 con\u021bin\u0103 subtitrare, astfel:<\/p>\n<ul>\n<li>Dac\u0103 filmul este rom\u00e2nesc, filmul trebuie s\u0103 aiba \u0219i subtitrare \u00een englez\u0103;<\/li>\n<li>Dac\u0103 filmul este \u00een orice alt\u0103 limb\u0103, filmul trebuie s\u0103 aiba \u0219i subtitrare \u00een englez\u0103;<\/li>\n<li>Subtitr\u0103rile filmelor sunt responsabilitatea exclusiv\u0103 a produc\u0103torilor filmului;<\/li>\n<li>Toate filmele trebuie s\u0103 furnizeze \u0219i lista dialogurilor in limba englez\u0103.<\/li>\n<\/ul>\n<p>Candita\u021bii trebuie s\u0103 completeze formularul de \u00eenscriere care poate fi descarcat de pe acest <a href=\"http:\/\/draculafilm.ro\/wp-content\/uploads\/form\/formular-de-inscriere-DFF-2019.pdf\" target=\"_blank\" rel=\"noopener noreferrer\"><strong>link<\/strong><\/a> \u0219i s\u0103 \u00eel trimit\u0103 \u00eempreun\u0103 cu documentele solicitate la adresa de email: <strong>subscriptions@draculafilm.ro<\/strong>. Termenul limit\u0103 pentru \u00eenscrieri este <strong>6 septembrie 2019<\/strong>.<\/p>\n<p>Lista filmelor selectate ce vor fi incluse \u00een Selec\u0163ia Oficial\u0103 2019 va fi anun\u0163at\u0103 pe site-ul nostru 20 Septembrie 2019. Filmele care nu \u00eendeplinesc criteriile de mai sus vor fi excluse din competi\u021bie.<\/p>\n<p>Toate DVD-urile cu filmele selectate devin proprietatea festivalului \u015fi vor fi p\u0103strate \u00een arhiv\u0103. Aceste materiale nu vor fi folosi \u00een scopuri generatoare de profit.<\/p>\n<p>Dracula International Film Festival va stabili date proiec\u0163iilor pentru toate filmele selectate.<\/p>\n<p>Dac\u0103 au fost selectate, filmele nu mai pot fi retrase din competi\u021bie. \u00censcrierea unui film \u00een competi\u0163ia DFF 2019 implic\u0103 acceptarea regulilor de organizare a festivalului.<\/p>\n<p>V\u0103 rog s\u0103 \u021bine\u021bi cont c\u0103 festivalul nu pl\u0103te\u0219te taxe de difuzare pentru nici un film \u00eenscris \u00een competi\u021bie.<\/p>\n<p>Durata fimelor pentru diferitele sec\u021biuni ale festivalului sunt:<\/p>\n<ul>\n<li>lungmetraje: minimum 70 minute;<\/li>\n<li>scurtmetraje: p\u00e2n\u0103 la 20 minutes.<\/li>\n<\/ul>\n<p>Filmele se pot transmite \u00een format:<\/p>\n<ul>\n<li>DCP<\/li>\n<li>Regiunea 1, 2 sau 0 DVD sau Blu-ray<\/li>\n<li>Online Streaming Media (youTube, Vimeo, etc.)<\/li>\n<li>.mpg;<\/li>\n<li>.mov<\/li>\n<li>.avi<\/li>\n<\/ul>\n<p>Kit-ul de pres\u0103 trebuie s\u0103 includ\u0103 urm\u0103toarele materiale:<\/p>\n<ul>\n<li>Imagini din film la o rezolu\u021bie de min. 350 DPI \u00een format JPG, GIF, TIFF sau PSD (min. 3);<\/li>\n<li>Afi\u015ful filmului la o rezolu\u021bie de min. 350 DPI \u00een format JPG, GIF, TIFF sau PSD;<\/li>\n<li>Trailerul filmului sau link c\u0103tre trailerul filmului;<\/li>\n<li>Distribu\u021bia filmului;<\/li>\n<li>Formularul de \u00eenscriere semnat;<\/li>\n<li>Candida\u021bii trebuie s\u0103 \u00ee\u0219i asume costurile de transport pentru filmele \u00eenscrise \u00een competi\u021bie.<\/li>\n<\/ul>\n<p>Termenul limit\u0103 pentru primirea filmelor \u015fi a materialelor conexe este 30 Septembrie 2019.<\/p>\n<p>Materialele digitale trebuie trimise la adresa de email: <strong>subscriptions@draculafilm.ro.<\/strong><\/p>\n<h3>OPERELE SELECTATE<\/h3>\n<p>Din momentul anun\u0163\u0103rii filmelor selectate, candida\u0163ii au la dispozi\u0163ie 10 zile pentru a trimite materialele solicitate \u015fi pentru a confirma informa\u0163iile din formularul de \u00eenscriere.<\/p>\n<p>Orice informa\u0163ii sau modificari trimise dup\u0103 data de 30 Septembrie nu vor mai fi luate \u00een calcul.<\/p>\n<h3>PREMII<\/h3>\n<p>Premiile Dracula Film Festival 2019 sunt urm\u0103toarele:<\/p>\n<ul>\n<li>Dracula Trophy<\/li>\n<li>Little Dracula<\/li>\n<\/ul>\n<p>Pentru orice fel de neclarit\u0103\u0163i sau informa\u0163ii suplimentare, v\u0103 rug\u0103m s\u0103 ne contacta\u0163i \u00een scris la adresa de e-mail: subscriptions@draculafilm.ro<\/p>\n<h3>ACCEPTAREA TERMENILOR<\/h3>\n<p>Pentru promovarea festivalului, concuren\u0163ii autorizeaz\u0103 folosirea de c\u0103tre organizatori a informa\u0163iilor \u015fi imaginilor trimise \u00een scopul realiz\u0103rii catalogului festivalului dar \u0219i punerea la dispozi\u0163ia presei a acestor imagini \/ materiale video si alte informa\u0163ii pentru difuzarea unor emisiuni TV dedicate Festivalului (f\u0103r\u0103 preten\u0163ii financiare).<\/p>\n<p>Festivalul este deschis pentru public. Un num\u0103r important de ziari\u0219ti acredita\u021bi din presa scris\u0103 \u0219i audio-video precum \u0219i distribuitori fiind invita\u021bi la manifestare.<\/p>\n<p>Este interzis\u0103 \u00eenscrierea filmelor pentru care participan\u021bii la competi\u021bie nu de\u021bin drepturile de autor sau nu au acordul autorului pentru a utiliza respectivele materiale.<\/p>\n<p>Concurentul este singurul responsabil pentru orice consecin\u021be directe sau indirecte care pot ap\u0103rea ca urmare a particip\u00eerii cu filmele la aceast\u0103 competi\u021bie.<\/p>\n<p>Organizatorul \u00ee\u0219i rezerv\u0103 dreptul de a nu lua \u00een considerare filmele pe care le consider\u0103 obscene, provocatoare sau care \u00eencalc\u0103 \u00een vreun fel Legea drepturilor de autor sau alte legi rom\u00e2ne\u0219ti \u00een vigoare la data Compe\u021bitiei<\/p>\n<p>Participarea la Festival implic\u0103 respectarea necondi\u021bionat\u0103 a tuturor prevederilor regulamentului.[\/vc_column_text][\/vc_column][\/vc_row]\n","protected":false},"excerpt":{"rendered":"<p>[vc_row type=&#8221;in_container&#8221; full_screen_row_position=&#8221;middle&#8221; bg_color=&#8221;#f5f0ec&#8221; scene_position=&#8221;center&#8221; text_color=&#8221;dark&#8221; text_align=&#8221;left&#8221; class=&#8221;form_ro&#8221; overlay_strength=&#8221;0.3&#8243; shape_divider_position=&#8221;bottom&#8221; bg_image_animation=&#8221;none&#8221; shape_type=&#8221;&#8221;][vc_column column_padding=&#8221;padding-3-percent&#8221; column_padding_position=&#8221;all&#8221; background_color_opacity=&#8221;1&#8243; background_hover_color_opacity=&#8221;1&#8243; column_link_target=&#8221;_self&#8221; column_shadow=&#8221;none&#8221; column_border_radius=&#8221;none&#8221; width=&#8221;1\/1&#8243; tablet_width_inherit=&#8221;default&#8221; tablet_text_alignment=&#8221;default&#8221; phone_text_alignment=&#8221;default&#8221; column_border_width=&#8221;none&#8221; column_border_style=&#8221;solid&#8221; bg_image_animation=&#8221;none&#8221;][vc_column_text] DRACULA INTERNA\u0162IONAL FILM FESTIVAL&#8230;<\/p>\n","protected":false},"author":2,"featured_media":0,"parent":0,"menu_order":0,"comment_status":"closed","ping_status":"closed","template":"page-sidebar.php","meta":[],"yoast_head":"<!-- This site is optimized with the Yoast SEO plugin v15.0 - https:\/\/yoast.com\/wordpress\/plugins\/seo\/ -->\n<title>Regulament - Dracula Film Festival - 2019<\/title>\n<meta name=\"robots\" content=\"noindex, follow\" \/>\n<meta property=\"og:locale\" content=\"ro_RO\" \/>\n<meta property=\"og:type\" content=\"article\" \/>\n<meta property=\"og:title\" content=\"Regulament - Dracula Film Festival - 2019\" \/>\n<meta property=\"og:description\" content=\"[vc_row type=&#8221;in_container&#8221; full_screen_row_position=&#8221;middle&#8221; bg_color=&#8221;#f5f0ec&#8221; scene_position=&#8221;center&#8221; text_color=&#8221;dark&#8221; text_align=&#8221;left&#8221; class=&#8221;form_ro&#8221; overlay_strength=&#8221;0.3&#8243; shape_divider_position=&#8221;bottom&#8221; bg_image_animation=&#8221;none&#8221; shape_type=&#8221;&#8221;][vc_column column_padding=&#8221;padding-3-percent&#8221; column_padding_position=&#8221;all&#8221; background_color_opacity=&#8221;1&#8243; background_hover_color_opacity=&#8221;1&#8243; column_link_target=&#8221;_self&#8221; column_shadow=&#8221;none&#8221; column_border_radius=&#8221;none&#8221; width=&#8221;1\/1&#8243; tablet_width_inherit=&#8221;default&#8221; tablet_text_alignment=&#8221;default&#8221; phone_text_alignment=&#8221;default&#8221; column_border_width=&#8221;none&#8221; column_border_style=&#8221;solid&#8221; bg_image_animation=&#8221;none&#8221;][vc_column_text] DRACULA INTERNA\u0162IONAL FILM FESTIVAL...\" \/>\n<meta property=\"og:url\" content=\"http:\/\/draculafilm.ro\/2019\/regulament\/\" \/>\n<meta property=\"og:site_name\" content=\"Dracula Film Festival - 2019\" \/>\n<meta property=\"article:modified_time\" content=\"2019-10-07T15:30:59+00:00\" \/>\n<meta name=\"twitter:card\" content=\"summary_large_image\" \/>\n<script type=\"application\/ld+json\" class=\"yoast-schema-graph\">{\"@context\":\"https:\/\/schema.org\",\"@graph\":[{\"@type\":\"WebSite\",\"@id\":\"http:\/\/draculafilm.ro\/2019\/#website\",\"url\":\"http:\/\/draculafilm.ro\/2019\/\",\"name\":\"Dracula Film Festival - 2019\",\"description\":\"Dracula Film Festival - Horror &amp; Fantasy Film Festival.\",\"potentialAction\":[{\"@type\":\"SearchAction\",\"target\":\"http:\/\/draculafilm.ro\/2019\/?s={search_term_string}\",\"query-input\":\"required name=search_term_string\"}],\"inLanguage\":\"ro-RO\"},{\"@type\":\"WebPage\",\"@id\":\"http:\/\/draculafilm.ro\/2019\/regulament\/#webpage\",\"url\":\"http:\/\/draculafilm.ro\/2019\/regulament\/\",\"name\":\"Regulament - Dracula Film Festival - 2019\",\"isPartOf\":{\"@id\":\"http:\/\/draculafilm.ro\/2019\/#website\"},\"datePublished\":\"2019-06-28T14:47:24+00:00\",\"dateModified\":\"2019-10-07T15:30:59+00:00\",\"inLanguage\":\"ro-RO\",\"potentialAction\":[{\"@type\":\"ReadAction\",\"target\":[\"http:\/\/draculafilm.ro\/2019\/regulament\/\"]}]}]}<\/script>\n<!-- \/ Yoast SEO plugin. -->","_links":{"self":[{"href":"http:\/\/draculafilm.ro\/2019\/wp-json\/wp\/v2\/pages\/34"}],"collection":[{"href":"http:\/\/draculafilm.ro\/2019\/wp-json\/wp\/v2\/pages"}],"about":[{"href":"http:\/\/draculafilm.ro\/2019\/wp-json\/wp\/v2\/types\/page"}],"author":[{"embeddable":true,"href":"http:\/\/draculafilm.ro\/2019\/wp-json\/wp\/v2\/users\/2"}],"replies":[{"embeddable":true,"href":"http:\/\/draculafilm.ro\/2019\/wp-json\/wp\/v2\/comments?post=34"}],"version-history":[{"count":9,"href":"http:\/\/draculafilm.ro\/2019\/wp-json\/wp\/v2\/pages\/34\/revisions"}],"predecessor-version":[{"id":213,"href":"http:\/\/draculafilm.ro\/2019\/wp-json\/wp\/v2\/pages\/34\/revisions\/213"}],"wp:attachment":[{"href":"http:\/\/draculafilm.ro\/2019\/wp-json\/wp\/v2\/media?parent=34"}],"curies":[{"name":"wp","href":"https:\/\/api.w.org\/{rel}","templated":true}]}}