{"id":464,"date":"2019-10-03T17:09:47","date_gmt":"2019-10-03T14:09:47","guid":{"rendered":"http:\/\/draculafilm.ro\/?page_id=464"},"modified":"2019-10-07T18:22:40","modified_gmt":"2019-10-07T15:22:40","slug":"juriu","status":"publish","type":"page","link":"http:\/\/draculafilm.ro\/2019\/juriu\/","title":{"rendered":"Juriu"},"content":{"rendered":"[vc_row type=&#8221;in_container&#8221; full_screen_row_position=&#8221;middle&#8221; column_margin=&#8221;default&#8221; scene_position=&#8221;center&#8221; text_color=&#8221;dark&#8221; text_align=&#8221;left&#8221; overlay_strength=&#8221;0.3&#8243; shape_divider_position=&#8221;bottom&#8221; bg_image_animation=&#8221;none&#8221;][vc_column column_padding=&#8221;no-extra-padding&#8221; column_padding_position=&#8221;all&#8221; background_color_opacity=&#8221;1&#8243; background_hover_color_opacity=&#8221;1&#8243; column_link_target=&#8221;_self&#8221; column_shadow=&#8221;none&#8221; column_border_radius=&#8221;none&#8221; width=&#8221;1\/1&#8243; tablet_width_inherit=&#8221;default&#8221; tablet_text_alignment=&#8221;default&#8221; phone_text_alignment=&#8221;default&#8221; overlay_strength=&#8221;0.3&#8243; column_border_width=&#8221;none&#8221; column_border_style=&#8221;solid&#8221; bg_image_animation=&#8221;none&#8221;][vc_custom_heading text=&#8221;Juriu Dracula Film Festival 2019&#8243; font_container=&#8221;tag:h2|text_align:center&#8221; use_theme_fonts=&#8221;yes&#8221;][\/vc_column][\/vc_row][vc_row type=&#8221;in_container&#8221; full_screen_row_position=&#8221;middle&#8221; equal_height=&#8221;yes&#8221; content_placement=&#8221;top&#8221; column_margin=&#8221;default&#8221; scene_position=&#8221;center&#8221; text_color=&#8221;dark&#8221; text_align=&#8221;left&#8221; overlay_strength=&#8221;0.3&#8243; shape_divider_position=&#8221;bottom&#8221; bg_image_animation=&#8221;none&#8221; shape_type=&#8221;&#8221;][vc_column column_padding=&#8221;padding-1-percent&#8221; column_padding_position=&#8221;all&#8221; background_color_opacity=&#8221;1&#8243; background_hover_color_opacity=&#8221;1&#8243; column_link_target=&#8221;_self&#8221; column_shadow=&#8221;none&#8221; column_border_radius=&#8221;none&#8221; width=&#8221;1\/3&#8243; tablet_width_inherit=&#8221;default&#8221; tablet_text_alignment=&#8221;default&#8221; phone_text_alignment=&#8221;default&#8221; overlay_strength=&#8221;0.3&#8243; column_border_width=&#8221;none&#8221; column_border_style=&#8221;solid&#8221; bg_image_animation=&#8221;none&#8221;][image_with_animation image_url=&#8221;846&#8243; alignment=&#8221;&#8221; animation=&#8221;Fade In&#8221; hover_animation=&#8221;none&#8221; border_radius=&#8221;none&#8221; box_shadow=&#8221;none&#8221; image_loading=&#8221;default&#8221; max_width=&#8221;100%&#8221; max_width_mobile=&#8221;default&#8221;][vc_custom_heading text=&#8221;Anders Banke&#8221; font_container=&#8221;tag:h3|text_align:center|color:%23ed1c24&#8243; use_theme_fonts=&#8221;yes&#8221; el_class=&#8221;bloodsucker&#8221; css=&#8221;.vc_custom_1570451370833{padding-top: 20px !important;}&#8221;][vc_text_separator title=&#8221;Suedia&#8221; color=&#8221;custom&#8221; accent_color=&#8221;#ed1c24&#8243;][vc_column_text]Anders Banke (Suedia) este produc\u0103tor (\u201cShelley\u201d, drama Horror al lui Ali \u2018Border\u2019 Abbasi, cu Cosmina Stratan \u00een rolul mamei surogat) \u015fi regizor (serialul \u201cChernobyl: Zone of Exclusion\u201d).<\/p>\n<p>Ca \u0219i filmul lui Julian Richards, \u0219i filmul s\u0103u \u201cFrostbitten\u201d va fi proiectat, duminic\u0103, 20 octombrie la Cinemateca Patria, fiind urmat de un Q&amp;A.[\/vc_column_text][\/vc_column][vc_column column_padding=&#8221;padding-1-percent&#8221; column_padding_position=&#8221;all&#8221; background_color_opacity=&#8221;1&#8243; background_hover_color_opacity=&#8221;1&#8243; column_link_target=&#8221;_self&#8221; column_shadow=&#8221;none&#8221; column_border_radius=&#8221;none&#8221; width=&#8221;1\/3&#8243; tablet_width_inherit=&#8221;default&#8221; tablet_text_alignment=&#8221;default&#8221; phone_text_alignment=&#8221;default&#8221; overlay_strength=&#8221;0.3&#8243; column_border_width=&#8221;none&#8221; column_border_style=&#8221;solid&#8221; bg_image_animation=&#8221;none&#8221;][image_with_animation image_url=&#8221;857&#8243; alignment=&#8221;&#8221; animation=&#8221;Fade In&#8221; hover_animation=&#8221;none&#8221; border_radius=&#8221;none&#8221; box_shadow=&#8221;none&#8221; image_loading=&#8221;default&#8221; max_width=&#8221;100%&#8221; max_width_mobile=&#8221;default&#8221;][vc_custom_heading text=&#8221;Ivan Zuccon&#8221; font_container=&#8221;tag:h3|text_align:center|color:%23ed1c24&#8243; use_theme_fonts=&#8221;yes&#8221; el_class=&#8221;bloodsucker&#8221; css=&#8221;.vc_custom_1570451378577{padding-top: 20px !important;}&#8221;][vc_text_separator title=&#8221;Italia&#8221; color=&#8221;custom&#8221; accent_color=&#8221;#ed1c24&#8243;][vc_column_text]Ivan Zuccon &#8211; realizator \u0219i produc\u0103tor italian independent. A realizat 8 filme, fiecare dintre ele fiind distribuit la nivel mondial.<\/p>\n<p>Lucreaz\u0103 cu nume mari din industria cinematografic\u0103 din SUA \u0219i Europa \u0219i este, de asemenea, editorul de film al maestrului italian Pupi Avati.[\/vc_column_text][\/vc_column][vc_column column_padding=&#8221;padding-1-percent&#8221; column_padding_position=&#8221;all&#8221; background_color_opacity=&#8221;1&#8243; background_hover_color_opacity=&#8221;1&#8243; column_link_target=&#8221;_self&#8221; column_shadow=&#8221;none&#8221; column_border_radius=&#8221;none&#8221; width=&#8221;1\/3&#8243; tablet_width_inherit=&#8221;default&#8221; tablet_text_alignment=&#8221;default&#8221; phone_text_alignment=&#8221;default&#8221; overlay_strength=&#8221;0.3&#8243; column_border_width=&#8221;none&#8221; column_border_style=&#8221;solid&#8221; bg_image_animation=&#8221;none&#8221;][image_with_animation image_url=&#8221;860&#8243; alignment=&#8221;&#8221; animation=&#8221;Fade In&#8221; hover_animation=&#8221;none&#8221; border_radius=&#8221;none&#8221; box_shadow=&#8221;none&#8221; image_loading=&#8221;default&#8221; max_width=&#8221;100%&#8221; max_width_mobile=&#8221;default&#8221;][vc_custom_heading text=&#8221;Julian Richards&#8221; font_container=&#8221;tag:h3|text_align:center|color:%23ed1c24&#8243; use_theme_fonts=&#8221;yes&#8221; el_class=&#8221;bloodsucker&#8221; css=&#8221;.vc_custom_1570451384143{padding-top: 20px !important;}&#8221;][vc_text_separator title=&#8221;Anglia&#8221; color=&#8221;custom&#8221; accent_color=&#8221;#ed1c24&#8243;][vc_column_text]Julian Richards, membru mai vechi al familiei Dracula Film Festival, c\u00e2\u015ftig\u0103tor anul acesta al premiului pentru cel mai bun regizor la Fantasporto pentru \u201cDaddy\u2019s Girl\u201d \u015fi \u201cReborn\u201d (ultimul va putea fi vizionat \u00een cadrul festivalului ca prefa\u0163\u0103 la sesiunea de Q&amp;A cu realizatorul) revine la Bra\u0219ov, de aceast\u0103 dat\u0103 \u00een calitate de membru al juriului.[\/vc_column_text][\/vc_column][\/vc_row][vc_row type=&#8221;in_container&#8221; full_screen_row_position=&#8221;middle&#8221; column_margin=&#8221;default&#8221; scene_position=&#8221;center&#8221; text_color=&#8221;dark&#8221; text_align=&#8221;left&#8221; overlay_strength=&#8221;0.3&#8243; shape_divider_position=&#8221;bottom&#8221; bg_image_animation=&#8221;none&#8221;][vc_column column_padding=&#8221;no-extra-padding&#8221; column_padding_position=&#8221;all&#8221; background_color_opacity=&#8221;1&#8243; background_hover_color_opacity=&#8221;1&#8243; column_link_target=&#8221;_self&#8221; column_shadow=&#8221;none&#8221; column_border_radius=&#8221;none&#8221; width=&#8221;1\/1&#8243; tablet_width_inherit=&#8221;default&#8221; tablet_text_alignment=&#8221;default&#8221; phone_text_alignment=&#8221;default&#8221; overlay_strength=&#8221;0.3&#8243; column_border_width=&#8221;none&#8221; column_border_style=&#8221;solid&#8221; bg_image_animation=&#8221;none&#8221;][divider line_type=&#8221;No Line&#8221; custom_height=&#8221;20&#8243;][\/vc_column][\/vc_row][vc_row type=&#8221;in_container&#8221; full_screen_row_position=&#8221;middle&#8221; column_margin=&#8221;default&#8221; scene_position=&#8221;center&#8221; text_color=&#8221;dark&#8221; text_align=&#8221;left&#8221; overlay_strength=&#8221;0.3&#8243; shape_divider_position=&#8221;bottom&#8221; bg_image_animation=&#8221;none&#8221;][vc_column column_padding=&#8221;no-extra-padding&#8221; column_padding_position=&#8221;all&#8221; background_color_opacity=&#8221;1&#8243; background_hover_color_opacity=&#8221;1&#8243; column_link_target=&#8221;_self&#8221; column_shadow=&#8221;none&#8221; column_border_radius=&#8221;none&#8221; width=&#8221;1\/1&#8243; tablet_width_inherit=&#8221;default&#8221; tablet_text_alignment=&#8221;default&#8221; phone_text_alignment=&#8221;default&#8221; overlay_strength=&#8221;0.3&#8243; column_border_width=&#8221;none&#8221; column_border_style=&#8221;solid&#8221; bg_image_animation=&#8221;none&#8221;][vc_custom_heading text=&#8221;Juriu Dracula Digital 2019&#8243; font_container=&#8221;tag:h2|text_align:center&#8221; use_theme_fonts=&#8221;yes&#8221;][\/vc_column][\/vc_row][vc_row type=&#8221;in_container&#8221; full_screen_row_position=&#8221;middle&#8221; equal_height=&#8221;yes&#8221; content_placement=&#8221;top&#8221; column_margin=&#8221;default&#8221; scene_position=&#8221;center&#8221; text_color=&#8221;dark&#8221; text_align=&#8221;left&#8221; overlay_strength=&#8221;0.3&#8243; shape_divider_position=&#8221;bottom&#8221; bg_image_animation=&#8221;none&#8221; shape_type=&#8221;&#8221;][vc_column column_padding=&#8221;padding-1-percent&#8221; column_padding_position=&#8221;all&#8221; background_color_opacity=&#8221;1&#8243; background_hover_color_opacity=&#8221;1&#8243; column_link_target=&#8221;_self&#8221; column_shadow=&#8221;none&#8221; column_border_radius=&#8221;none&#8221; width=&#8221;1\/3&#8243; tablet_width_inherit=&#8221;default&#8221; tablet_text_alignment=&#8221;default&#8221; phone_text_alignment=&#8221;default&#8221; overlay_strength=&#8221;0.3&#8243; column_border_width=&#8221;none&#8221; column_border_style=&#8221;solid&#8221; bg_image_animation=&#8221;none&#8221;][image_with_animation image_url=&#8221;865&#8243; alignment=&#8221;&#8221; animation=&#8221;Fade In&#8221; hover_animation=&#8221;none&#8221; border_radius=&#8221;none&#8221; box_shadow=&#8221;none&#8221; image_loading=&#8221;default&#8221; max_width=&#8221;100%&#8221; max_width_mobile=&#8221;default&#8221;][vc_custom_heading text=&#8221;Eugen Neagu&#8221; font_container=&#8221;tag:h3|text_align:center|color:%23ed1c24&#8243; use_theme_fonts=&#8221;yes&#8221; el_class=&#8221;bloodsucker&#8221; css=&#8221;.vc_custom_1570451477851{padding-top: 20px !important;}&#8221;][vc_text_separator title=&#8221;Rom\u00e2nia&#8221; color=&#8221;custom&#8221; accent_color=&#8221;#ed1c24&#8243;][vc_column_text]Prima intalnire cu industria cinematografic\u0103 are loc in anul 1983. In Bucure\u0219ti,Sergiu Nicolaescu era in plin\u0103 desf\u0103\u0219urare a realizarii produc\u021biei &#8222;23 August 1944&#8221; ,devenit apoi dublu film &#8222;Ziua Z&#8221; si &#8222;Oglinda&#8221;.<\/p>\n<p>Marele regizor ofera un mic rol de c\u00e2teva replici c\u0103tre regretatul Mircea Albulescu t\u00e2n\u0103rului de pe atunci Eugen Neagu,film\u0103ri de o durat\u0103 de cateva zile din p\u0103cate neacreditate \u0219i o parte din film\u0103ri c\u0103zute la montaj.<\/p>\n<p>Acel moment d\u0103 na\u0219tere unei decizii fulminante si anume aceea de a face parte din industria cinematografic\u0103.[\/vc_column_text][\/vc_column][vc_column column_padding=&#8221;padding-1-percent&#8221; column_padding_position=&#8221;all&#8221; background_color_opacity=&#8221;1&#8243; background_hover_color_opacity=&#8221;1&#8243; column_link_target=&#8221;_self&#8221; column_shadow=&#8221;none&#8221; column_border_radius=&#8221;none&#8221; width=&#8221;1\/3&#8243; tablet_width_inherit=&#8221;default&#8221; tablet_text_alignment=&#8221;default&#8221; phone_text_alignment=&#8221;default&#8221; overlay_strength=&#8221;0.3&#8243; column_border_width=&#8221;none&#8221; column_border_style=&#8221;solid&#8221; bg_image_animation=&#8221;none&#8221;][image_with_animation image_url=&#8221;866&#8243; alignment=&#8221;&#8221; animation=&#8221;Fade In&#8221; hover_animation=&#8221;none&#8221; border_radius=&#8221;none&#8221; box_shadow=&#8221;none&#8221; image_loading=&#8221;default&#8221; max_width=&#8221;100%&#8221; max_width_mobile=&#8221;default&#8221;][vc_custom_heading text=&#8221;Gabriel B\u0103l\u0103nescu&#8221; font_container=&#8221;tag:h3|text_align:center|color:%23ed1c24&#8243; use_theme_fonts=&#8221;yes&#8221; el_class=&#8221;bloodsucker&#8221; css=&#8221;.vc_custom_1570451956863{padding-top: 20px !important;}&#8221;][vc_text_separator title=&#8221;Rom\u00e2nia&#8221; color=&#8221;custom&#8221; accent_color=&#8221;#ed1c24&#8243;][vc_column_text]Gabriel a p\u0103r\u0103sit Rom\u00e2nia imediat dup\u0103 c\u0103derea cortinei de fier. Via\u021ba sa \u0219i calea social\u0103 s-au dezvoltat \u00een America de Nord \u0219i Europa, dup\u0103 ce a studiat antropologia \u0219i sociologia p\u00e2n\u0103 la un nivel de doctorat \u0219i cu un MBA \u00een marketing.<\/p>\n<p>Gabriel \u00eenva\u021b\u0103 acum abilit\u0103\u021bile de parenting care se \u00eempletesc cu pasiunea sa pentru fotografie \u0219i un impuls profund pentru a evolua spiritual.[\/vc_column_text][\/vc_column][vc_column column_padding=&#8221;padding-1-percent&#8221; column_padding_position=&#8221;all&#8221; background_color_opacity=&#8221;1&#8243; background_hover_color_opacity=&#8221;1&#8243; column_link_target=&#8221;_self&#8221; column_shadow=&#8221;none&#8221; column_border_radius=&#8221;none&#8221; width=&#8221;1\/3&#8243; tablet_width_inherit=&#8221;default&#8221; tablet_text_alignment=&#8221;default&#8221; phone_text_alignment=&#8221;default&#8221; overlay_strength=&#8221;0.3&#8243; column_border_width=&#8221;none&#8221; column_border_style=&#8221;solid&#8221; bg_image_animation=&#8221;none&#8221;][image_with_animation image_url=&#8221;868&#8243; alignment=&#8221;&#8221; animation=&#8221;Fade In&#8221; hover_animation=&#8221;none&#8221; border_radius=&#8221;none&#8221; box_shadow=&#8221;none&#8221; image_loading=&#8221;default&#8221; max_width=&#8221;100%&#8221; max_width_mobile=&#8221;default&#8221;][vc_custom_heading text=&#8221;\u015etefan Iancu&#8221; font_container=&#8221;tag:h3|text_align:center|color:%23ed1c24&#8243; use_theme_fonts=&#8221;yes&#8221; el_class=&#8221;bloodsucker&#8221; css=&#8221;.vc_custom_1570453990119{padding-top: 20px !important;}&#8221;][vc_text_separator title=&#8221;Anglia&#8221; color=&#8221;custom&#8221; accent_color=&#8221;#ed1c24&#8243;][vc_column_text]N\u0103scut pe 26 decembrie 1997, \u015etefan Iancu a interpretat roluri \u00een peste zece produc\u0163ii rom\u00e2ne\u015fti \u015fi str\u0103ine, lungmetraje \u015fi filme de televiziune. A f\u0103cut parte din distribu\u0163ia unor filme precum \u201eKyra Kyralina\u201d (2014), de Dan Pi\u0163a, \u201eWalking with the enemy\u201d (2013), de Mark Schmidt, \u015fi \u201eAmintiri din epoca de aur\u201d(2009), proiect de Cristian Mungiu.<\/p>\n<p>A \u00eemp\u0103r\u0163it, la v\u00e2rsta de cinci ani, platoul de filmare cu Keira Knightley \u015fi c\u00e2\u0163iva ani mai t\u00e2rziu, cu Steven Segal. \u00cen septembrie 2017, el a primit Premiul de Originalitate \u201eMargareta P\u00e2slaru\u201d, \u00een valoare de 1.000 de dolari.[\/vc_column_text][\/vc_column][\/vc_row]\n","protected":false},"excerpt":{"rendered":"<p>[vc_row type=&#8221;in_container&#8221; full_screen_row_position=&#8221;middle&#8221; column_margin=&#8221;default&#8221; scene_position=&#8221;center&#8221; text_color=&#8221;dark&#8221; text_align=&#8221;left&#8221; overlay_strength=&#8221;0.3&#8243; shape_divider_position=&#8221;bottom&#8221; bg_image_animation=&#8221;none&#8221;][vc_column column_padding=&#8221;no-extra-padding&#8221; column_padding_position=&#8221;all&#8221; background_color_opacity=&#8221;1&#8243; background_hover_color_opacity=&#8221;1&#8243; column_link_target=&#8221;_self&#8221; column_shadow=&#8221;none&#8221; column_border_radius=&#8221;none&#8221; width=&#8221;1\/1&#8243; tablet_width_inherit=&#8221;default&#8221; tablet_text_alignment=&#8221;default&#8221; phone_text_alignment=&#8221;default&#8221; overlay_strength=&#8221;0.3&#8243; column_border_width=&#8221;none&#8221; column_border_style=&#8221;solid&#8221; bg_image_animation=&#8221;none&#8221;][vc_custom_heading text=&#8221;Juriu Dracula Film Festival 2019&#8243;&#8230;<\/p>\n","protected":false},"author":2,"featured_media":0,"parent":0,"menu_order":0,"comment_status":"closed","ping_status":"closed","template":"page-sidebar.php","meta":[],"yoast_head":"<!-- This site is optimized with the Yoast SEO plugin v15.0 - https:\/\/yoast.com\/wordpress\/plugins\/seo\/ -->\n<title>Juriu - Dracula Film Festival - 2019<\/title>\n<meta name=\"robots\" content=\"noindex, follow\" \/>\n<meta property=\"og:locale\" content=\"ro_RO\" \/>\n<meta property=\"og:type\" content=\"article\" \/>\n<meta property=\"og:title\" content=\"Juriu - Dracula Film Festival - 2019\" \/>\n<meta property=\"og:description\" content=\"[vc_row type=&#8221;in_container&#8221; full_screen_row_position=&#8221;middle&#8221; column_margin=&#8221;default&#8221; scene_position=&#8221;center&#8221; text_color=&#8221;dark&#8221; text_align=&#8221;left&#8221; overlay_strength=&#8221;0.3&#8243; shape_divider_position=&#8221;bottom&#8221; bg_image_animation=&#8221;none&#8221;][vc_column column_padding=&#8221;no-extra-padding&#8221; column_padding_position=&#8221;all&#8221; background_color_opacity=&#8221;1&#8243; background_hover_color_opacity=&#8221;1&#8243; column_link_target=&#8221;_self&#8221; column_shadow=&#8221;none&#8221; column_border_radius=&#8221;none&#8221; width=&#8221;1\/1&#8243; tablet_width_inherit=&#8221;default&#8221; tablet_text_alignment=&#8221;default&#8221; phone_text_alignment=&#8221;default&#8221; overlay_strength=&#8221;0.3&#8243; column_border_width=&#8221;none&#8221; column_border_style=&#8221;solid&#8221; bg_image_animation=&#8221;none&#8221;][vc_custom_heading text=&#8221;Juriu Dracula Film Festival 2019&#8243;...\" \/>\n<meta property=\"og:url\" content=\"http:\/\/draculafilm.ro\/2019\/juriu\/\" \/>\n<meta property=\"og:site_name\" content=\"Dracula Film Festival - 2019\" \/>\n<meta property=\"article:modified_time\" content=\"2019-10-07T15:22:40+00:00\" \/>\n<meta name=\"twitter:card\" content=\"summary_large_image\" \/>\n<script type=\"application\/ld+json\" class=\"yoast-schema-graph\">{\"@context\":\"https:\/\/schema.org\",\"@graph\":[{\"@type\":\"WebSite\",\"@id\":\"http:\/\/draculafilm.ro\/2019\/#website\",\"url\":\"http:\/\/draculafilm.ro\/2019\/\",\"name\":\"Dracula Film Festival - 2019\",\"description\":\"Dracula Film Festival - Horror &amp; Fantasy Film Festival.\",\"potentialAction\":[{\"@type\":\"SearchAction\",\"target\":\"http:\/\/draculafilm.ro\/2019\/?s={search_term_string}\",\"query-input\":\"required name=search_term_string\"}],\"inLanguage\":\"ro-RO\"},{\"@type\":\"WebPage\",\"@id\":\"http:\/\/draculafilm.ro\/2019\/juriu\/#webpage\",\"url\":\"http:\/\/draculafilm.ro\/2019\/juriu\/\",\"name\":\"Juriu - Dracula Film Festival - 2019\",\"isPartOf\":{\"@id\":\"http:\/\/draculafilm.ro\/2019\/#website\"},\"datePublished\":\"2019-10-03T14:09:47+00:00\",\"dateModified\":\"2019-10-07T15:22:40+00:00\",\"inLanguage\":\"ro-RO\",\"potentialAction\":[{\"@type\":\"ReadAction\",\"target\":[\"http:\/\/draculafilm.ro\/2019\/juriu\/\"]}]}]}<\/script>\n<!-- \/ Yoast SEO plugin. -->","_links":{"self":[{"href":"http:\/\/draculafilm.ro\/2019\/wp-json\/wp\/v2\/pages\/464"}],"collection":[{"href":"http:\/\/draculafilm.ro\/2019\/wp-json\/wp\/v2\/pages"}],"about":[{"href":"http:\/\/draculafilm.ro\/2019\/wp-json\/wp\/v2\/types\/page"}],"author":[{"embeddable":true,"href":"http:\/\/draculafilm.ro\/2019\/wp-json\/wp\/v2\/users\/2"}],"replies":[{"embeddable":true,"href":"http:\/\/draculafilm.ro\/2019\/wp-json\/wp\/v2\/comments?post=464"}],"version-history":[{"count":20,"href":"http:\/\/draculafilm.ro\/2019\/wp-json\/wp\/v2\/pages\/464\/revisions"}],"predecessor-version":[{"id":1112,"href":"http:\/\/draculafilm.ro\/2019\/wp-json\/wp\/v2\/pages\/464\/revisions\/1112"}],"wp:attachment":[{"href":"http:\/\/draculafilm.ro\/2019\/wp-json\/wp\/v2\/media?parent=464"}],"curies":[{"name":"wp","href":"https:\/\/api.w.org\/{rel}","templated":true}]}}