{"id":466,"date":"2019-10-03T17:10:08","date_gmt":"2019-10-03T14:10:08","guid":{"rendered":"http:\/\/draculafilm.ro\/?page_id=466"},"modified":"2019-10-07T18:24:34","modified_gmt":"2019-10-07T15:24:34","slug":"selectioneri","status":"publish","type":"page","link":"http:\/\/draculafilm.ro\/2019\/selectioneri\/","title":{"rendered":"Selec\u0163ioneri"},"content":{"rendered":"[vc_row type=&#8221;in_container&#8221; full_screen_row_position=&#8221;middle&#8221; column_margin=&#8221;default&#8221; scene_position=&#8221;center&#8221; text_color=&#8221;dark&#8221; text_align=&#8221;left&#8221; overlay_strength=&#8221;0.3&#8243; shape_divider_position=&#8221;bottom&#8221; bg_image_animation=&#8221;none&#8221;][vc_column column_padding=&#8221;no-extra-padding&#8221; column_padding_position=&#8221;all&#8221; background_color_opacity=&#8221;1&#8243; background_hover_color_opacity=&#8221;1&#8243; column_link_target=&#8221;_self&#8221; column_shadow=&#8221;none&#8221; column_border_radius=&#8221;none&#8221; width=&#8221;2\/3&#8243; tablet_width_inherit=&#8221;default&#8221; tablet_text_alignment=&#8221;default&#8221; phone_text_alignment=&#8221;default&#8221; overlay_strength=&#8221;0.3&#8243; column_border_width=&#8221;none&#8221; column_border_style=&#8221;solid&#8221; bg_image_animation=&#8221;none&#8221;][vc_row_inner column_margin=&#8221;default&#8221; text_align=&#8221;left&#8221;][vc_column_inner column_padding=&#8221;no-extra-padding&#8221; column_padding_position=&#8221;all&#8221; centered_text=&#8221;true&#8221; background_color_opacity=&#8221;1&#8243; background_hover_color_opacity=&#8221;1&#8243; column_shadow=&#8221;none&#8221; column_border_radius=&#8221;none&#8221; column_link_target=&#8221;_self&#8221; width=&#8221;1\/1&#8243; tablet_width_inherit=&#8221;default&#8221; overlay_strength=&#8221;0.3&#8243; column_border_width=&#8221;none&#8221; column_border_style=&#8221;solid&#8221; bg_image_animation=&#8221;none&#8221;][nectar_gradient_text heading_tag=&#8221;h3&#8243; color=&#8221;extra-color-gradient-1&#8243; gradient_direction=&#8221;horizontal&#8221; text=&#8221;Lungmetraje&#8221;][\/vc_column_inner][\/vc_row_inner][vc_row_inner equal_height=&#8221;yes&#8221; column_margin=&#8221;default&#8221; text_align=&#8221;left&#8221;][vc_column_inner column_padding=&#8221;padding-1-percent&#8221; column_padding_position=&#8221;all&#8221; background_color_opacity=&#8221;1&#8243; background_hover_color_opacity=&#8221;1&#8243; column_shadow=&#8221;none&#8221; column_border_radius=&#8221;none&#8221; column_link_target=&#8221;_self&#8221; width=&#8221;1\/2&#8243; tablet_width_inherit=&#8221;default&#8221; overlay_strength=&#8221;0.3&#8243; column_border_width=&#8221;none&#8221; column_border_style=&#8221;solid&#8221; bg_image_animation=&#8221;none&#8221;][image_with_animation image_url=&#8221;873&#8243; alignment=&#8221;&#8221; animation=&#8221;Fade In&#8221; hover_animation=&#8221;none&#8221; border_radius=&#8221;none&#8221; box_shadow=&#8221;none&#8221; image_loading=&#8221;default&#8221; max_width=&#8221;100%&#8221; max_width_mobile=&#8221;default&#8221;][vc_custom_heading text=&#8221;Ioan Big&#8221; font_container=&#8221;tag:h3|text_align:center|color:%23ed1c24&#8243; use_theme_fonts=&#8221;yes&#8221; el_class=&#8221;bloodsucker&#8221; css=&#8221;.vc_custom_1570455014615{padding-top: 20px !important;}&#8221;][vc_column_text]A debutat ca jurnalist \u00een anii &#8217;80 \u00een presa studen\u0163easc\u0103 \u015fi, ulterior, pasiunea sa pentru Pop culture s-a materializat \u00een zeci de articole pentru pres\u0103, radio \u015fi televiziune.[\/vc_column_text][\/vc_column_inner][vc_column_inner column_padding=&#8221;padding-1-percent&#8221; column_padding_position=&#8221;all&#8221; background_color_opacity=&#8221;1&#8243; background_hover_color_opacity=&#8221;1&#8243; column_shadow=&#8221;none&#8221; column_border_radius=&#8221;none&#8221; column_link_target=&#8221;_self&#8221; width=&#8221;1\/2&#8243; tablet_width_inherit=&#8221;default&#8221; overlay_strength=&#8221;0.3&#8243; column_border_width=&#8221;none&#8221; column_border_style=&#8221;solid&#8221; bg_image_animation=&#8221;none&#8221;][image_with_animation image_url=&#8221;878&#8243; alignment=&#8221;&#8221; animation=&#8221;Fade In&#8221; hover_animation=&#8221;none&#8221; border_radius=&#8221;none&#8221; box_shadow=&#8221;none&#8221; image_loading=&#8221;default&#8221; max_width=&#8221;100%&#8221; max_width_mobile=&#8221;default&#8221;][vc_custom_heading text=&#8221;Alin Ludu Dumbrav\u0103&#8221; font_container=&#8221;tag:h3|text_align:center|color:%23ed1c24&#8243; use_theme_fonts=&#8221;yes&#8221; el_class=&#8221;bloodsucker&#8221; css=&#8221;.vc_custom_1570455296713{padding-top: 20px !important;}&#8221;][vc_column_text]Film critic \/ graduated Academia de Teatru \u0219i film-Bucure\u0219ti and European Film College, screenwriter, with a background of media\/television (HBO; Pro TV, Media Pro).[\/vc_column_text][\/vc_column_inner][\/vc_row_inner][\/vc_column][vc_column column_padding=&#8221;no-extra-padding&#8221; column_padding_position=&#8221;all&#8221; background_color_opacity=&#8221;1&#8243; background_hover_color_opacity=&#8221;1&#8243; column_link_target=&#8221;_self&#8221; column_shadow=&#8221;none&#8221; column_border_radius=&#8221;none&#8221; width=&#8221;1\/3&#8243; tablet_width_inherit=&#8221;default&#8221; tablet_text_alignment=&#8221;default&#8221; phone_text_alignment=&#8221;default&#8221; overlay_strength=&#8221;0.3&#8243; column_border_width=&#8221;none&#8221; column_border_style=&#8221;solid&#8221; bg_image_animation=&#8221;none&#8221;][vc_row_inner column_margin=&#8221;default&#8221; text_align=&#8221;left&#8221;][vc_column_inner column_padding=&#8221;no-extra-padding&#8221; column_padding_position=&#8221;all&#8221; centered_text=&#8221;true&#8221; background_color_opacity=&#8221;1&#8243; background_hover_color_opacity=&#8221;1&#8243; column_shadow=&#8221;none&#8221; column_border_radius=&#8221;none&#8221; column_link_target=&#8221;_self&#8221; width=&#8221;1\/1&#8243; tablet_width_inherit=&#8221;default&#8221; overlay_strength=&#8221;0.3&#8243; column_border_width=&#8221;none&#8221; column_border_style=&#8221;solid&#8221; bg_image_animation=&#8221;none&#8221;][nectar_gradient_text heading_tag=&#8221;h3&#8243; color=&#8221;extra-color-gradient-1&#8243; gradient_direction=&#8221;horizontal&#8221; text=&#8221;Scurtmetraje&#8221;][\/vc_column_inner][\/vc_row_inner][vc_row_inner equal_height=&#8221;yes&#8221; column_margin=&#8221;default&#8221; text_align=&#8221;left&#8221;][vc_column_inner column_padding=&#8221;padding-1-percent&#8221; column_padding_position=&#8221;all&#8221; background_color_opacity=&#8221;1&#8243; background_hover_color_opacity=&#8221;1&#8243; column_shadow=&#8221;none&#8221; column_border_radius=&#8221;none&#8221; column_link_target=&#8221;_self&#8221; width=&#8221;1\/1&#8243; tablet_width_inherit=&#8221;default&#8221; overlay_strength=&#8221;0.3&#8243; column_border_width=&#8221;none&#8221; column_border_style=&#8221;solid&#8221; bg_image_animation=&#8221;none&#8221;][image_with_animation image_url=&#8221;880&#8243; alignment=&#8221;&#8221; animation=&#8221;Fade In&#8221; hover_animation=&#8221;none&#8221; border_radius=&#8221;none&#8221; box_shadow=&#8221;none&#8221; image_loading=&#8221;default&#8221; max_width=&#8221;100%&#8221; max_width_mobile=&#8221;default&#8221;][vc_custom_heading text=&#8221;Cristi M\u0103rculescu&#8221; font_container=&#8221;tag:h3|text_align:center|color:%23ed1c24&#8243; use_theme_fonts=&#8221;yes&#8221; el_class=&#8221;bloodsucker&#8221; css=&#8221;.vc_custom_1570455415568{padding-top: 20px !important;}&#8221;][vc_column_text]Critic de film. Cinefil de profesie, comunicator audio-video cu patalama UNATC. Da, este \u201e \u0103la cu licen\u021ba \u00een horror\u201d[\/vc_column_text][\/vc_column_inner][\/vc_row_inner][\/vc_column][\/vc_row]\n","protected":false},"excerpt":{"rendered":"<p>[vc_row type=&#8221;in_container&#8221; full_screen_row_position=&#8221;middle&#8221; column_margin=&#8221;default&#8221; scene_position=&#8221;center&#8221; text_color=&#8221;dark&#8221; text_align=&#8221;left&#8221; overlay_strength=&#8221;0.3&#8243; shape_divider_position=&#8221;bottom&#8221; bg_image_animation=&#8221;none&#8221;][vc_column column_padding=&#8221;no-extra-padding&#8221; column_padding_position=&#8221;all&#8221; background_color_opacity=&#8221;1&#8243; background_hover_color_opacity=&#8221;1&#8243; column_link_target=&#8221;_self&#8221; column_shadow=&#8221;none&#8221; column_border_radius=&#8221;none&#8221; width=&#8221;2\/3&#8243; tablet_width_inherit=&#8221;default&#8221; tablet_text_alignment=&#8221;default&#8221; phone_text_alignment=&#8221;default&#8221; overlay_strength=&#8221;0.3&#8243; column_border_width=&#8221;none&#8221; column_border_style=&#8221;solid&#8221; bg_image_animation=&#8221;none&#8221;][vc_row_inner column_margin=&#8221;default&#8221; text_align=&#8221;left&#8221;][vc_column_inner column_padding=&#8221;no-extra-padding&#8221; column_padding_position=&#8221;all&#8221; centered_text=&#8221;true&#8221;&#8230;<\/p>\n","protected":false},"author":2,"featured_media":0,"parent":0,"menu_order":0,"comment_status":"closed","ping_status":"closed","template":"page-sidebar.php","meta":[],"yoast_head":"<!-- This site is optimized with the Yoast SEO plugin v15.0 - https:\/\/yoast.com\/wordpress\/plugins\/seo\/ -->\n<title>Selec\u0163ioneri - Dracula Film Festival - 2019<\/title>\n<meta name=\"robots\" content=\"noindex, follow\" \/>\n<meta property=\"og:locale\" content=\"ro_RO\" \/>\n<meta property=\"og:type\" content=\"article\" \/>\n<meta property=\"og:title\" content=\"Selec\u0163ioneri - Dracula Film Festival - 2019\" \/>\n<meta property=\"og:description\" content=\"[vc_row type=&#8221;in_container&#8221; full_screen_row_position=&#8221;middle&#8221; column_margin=&#8221;default&#8221; scene_position=&#8221;center&#8221; text_color=&#8221;dark&#8221; text_align=&#8221;left&#8221; overlay_strength=&#8221;0.3&#8243; shape_divider_position=&#8221;bottom&#8221; bg_image_animation=&#8221;none&#8221;][vc_column column_padding=&#8221;no-extra-padding&#8221; column_padding_position=&#8221;all&#8221; background_color_opacity=&#8221;1&#8243; background_hover_color_opacity=&#8221;1&#8243; column_link_target=&#8221;_self&#8221; column_shadow=&#8221;none&#8221; column_border_radius=&#8221;none&#8221; width=&#8221;2\/3&#8243; tablet_width_inherit=&#8221;default&#8221; tablet_text_alignment=&#8221;default&#8221; phone_text_alignment=&#8221;default&#8221; overlay_strength=&#8221;0.3&#8243; column_border_width=&#8221;none&#8221; column_border_style=&#8221;solid&#8221; bg_image_animation=&#8221;none&#8221;][vc_row_inner column_margin=&#8221;default&#8221; text_align=&#8221;left&#8221;][vc_column_inner column_padding=&#8221;no-extra-padding&#8221; column_padding_position=&#8221;all&#8221; centered_text=&#8221;true&#8221;...\" \/>\n<meta property=\"og:url\" content=\"http:\/\/draculafilm.ro\/2019\/selectioneri\/\" \/>\n<meta property=\"og:site_name\" content=\"Dracula Film Festival - 2019\" \/>\n<meta property=\"article:modified_time\" content=\"2019-10-07T15:24:34+00:00\" \/>\n<meta name=\"twitter:card\" content=\"summary_large_image\" \/>\n<script type=\"application\/ld+json\" class=\"yoast-schema-graph\">{\"@context\":\"https:\/\/schema.org\",\"@graph\":[{\"@type\":\"WebSite\",\"@id\":\"http:\/\/draculafilm.ro\/2019\/#website\",\"url\":\"http:\/\/draculafilm.ro\/2019\/\",\"name\":\"Dracula Film Festival - 2019\",\"description\":\"Dracula Film Festival - Horror &amp; Fantasy Film Festival.\",\"potentialAction\":[{\"@type\":\"SearchAction\",\"target\":\"http:\/\/draculafilm.ro\/2019\/?s={search_term_string}\",\"query-input\":\"required name=search_term_string\"}],\"inLanguage\":\"ro-RO\"},{\"@type\":\"WebPage\",\"@id\":\"http:\/\/draculafilm.ro\/2019\/selectioneri\/#webpage\",\"url\":\"http:\/\/draculafilm.ro\/2019\/selectioneri\/\",\"name\":\"Selec\\u0163ioneri - Dracula Film Festival - 2019\",\"isPartOf\":{\"@id\":\"http:\/\/draculafilm.ro\/2019\/#website\"},\"datePublished\":\"2019-10-03T14:10:08+00:00\",\"dateModified\":\"2019-10-07T15:24:34+00:00\",\"inLanguage\":\"ro-RO\",\"potentialAction\":[{\"@type\":\"ReadAction\",\"target\":[\"http:\/\/draculafilm.ro\/2019\/selectioneri\/\"]}]}]}<\/script>\n<!-- \/ Yoast SEO plugin. -->","_links":{"self":[{"href":"http:\/\/draculafilm.ro\/2019\/wp-json\/wp\/v2\/pages\/466"}],"collection":[{"href":"http:\/\/draculafilm.ro\/2019\/wp-json\/wp\/v2\/pages"}],"about":[{"href":"http:\/\/draculafilm.ro\/2019\/wp-json\/wp\/v2\/types\/page"}],"author":[{"embeddable":true,"href":"http:\/\/draculafilm.ro\/2019\/wp-json\/wp\/v2\/users\/2"}],"replies":[{"embeddable":true,"href":"http:\/\/draculafilm.ro\/2019\/wp-json\/wp\/v2\/comments?post=466"}],"version-history":[{"count":8,"href":"http:\/\/draculafilm.ro\/2019\/wp-json\/wp\/v2\/pages\/466\/revisions"}],"predecessor-version":[{"id":882,"href":"http:\/\/draculafilm.ro\/2019\/wp-json\/wp\/v2\/pages\/466\/revisions\/882"}],"wp:attachment":[{"href":"http:\/\/draculafilm.ro\/2019\/wp-json\/wp\/v2\/media?parent=466"}],"curies":[{"name":"wp","href":"https:\/\/api.w.org\/{rel}","templated":true}]}}