{"id":484,"date":"2019-10-03T17:16:16","date_gmt":"2019-10-03T14:16:16","guid":{"rendered":"http:\/\/draculafilm.ro\/?page_id=484"},"modified":"2019-10-07T18:30:37","modified_gmt":"2019-10-07T15:30:37","slug":"lungmetraj","status":"publish","type":"page","link":"http:\/\/draculafilm.ro\/2019\/lungmetraj\/","title":{"rendered":"Lungmetraj"},"content":{"rendered":"<div id='evcal_calendar_lungmetraj' class='list_cal ajde_evcal_calendar boxy boxstyle1 ul' ><div class='evo-data' data-cyear=\"2019\" data-cmonth=\"10\" data-runajax=\"1\" data-evc_open=\"0\" data-cal_ver=\"2.7.3\" data-mapscroll=\"true\" data-mapformat=\"roadmap\" data-mapzoom=\"18\" data-mapiconurl=\"\" data-ev_cnt=\"0\" data-show_limit=\"no\" data-tiles=\"yes\" data-sort_by=\"sort_date\" data-filters_on=\"true\" data-range_start=\"0\" data-range_end=\"0\" data-send_unix=\"0\" data-ux_val=\"0\" data-accord=\"0\" data-rtl=\"no\"  ><\/div><div id='evcal_head' class='calendar_header ' ><div class='evo_cal_above'><span class='evo-gototoday-btn' style='display:none' data-mo='10' data-yr='2019' data-dy=''>Luna curent\u0103<\/span><span class='evo-filter-btn'><\/span><span class='evo-sort-btn'><div class='eventon_sort_line' style='display:none'><p data-val='sort_date' data-type='date' class='evs_btn evs_hide' >Data<\/p><p data-val='sort_title' data-type='title' class='evs_btn ' >Titlu<\/p><\/div><\/span><\/div><div class='evo_cal_above_content'><\/div><div class='cal_arguments' style='display:none' data-hide_past=\"no\" data-show_et_ft_img=\"no\" data-event_order=\"ASC\" data-ft_event_priority=\"no\" data-lang=\"L2\" data-month_incre=\"0\" data-only_ft=\"no\" data-hide_ft=\"no\" data-evc_open=\"no\" data-show_limit=\"no\" data-etc_override=\"no\" data-show_limit_redir=\"0\" data-tiles=\"yes\" data-tile_height=\"0\" data-tile_bg=\"1\" data-tile_count=\"2\" data-tile_style=\"1\" data-s=\"\" data-members_only=\"no\" data-ux_val=\"0\" data-show_limit_ajax=\"no\" data-show_limit_paged=\"1\" data-hide_mult_occur=\"no\" data-show_repeats=\"no\" data-hide_end_time=\"no\" data-eventtop_style=\"0\" ><\/div><div class='clear'><\/div><\/div><div class='eventon_sorting_section' style='display:none'><div class='eventon_filter_line '><div class='eventon_filter' data-filter_field='event_type' data-filter_val='39' data-filter_type='tax' data-fl_o='IN'><\/div><div class='eventon_filter' data-filter_field='event_type_2' data-filter_val='all' data-filter_type='tax' data-fl_o='IN'><\/div><div class='eventon_filter' data-filter_field='event_type_3' data-filter_val='all' data-filter_type='tax' data-fl_o='IN'><\/div><div class='eventon_filter' data-filter_field='event_type_4' data-filter_val='all' data-filter_type='tax' data-fl_o='IN'><\/div><div class='eventon_filter' data-filter_field='event_type_5' data-filter_val='all' data-filter_type='tax' data-fl_o='IN'><\/div><div class='eventon_filter' data-filter_field='event_location' data-filter_val='all' data-filter_type='tax' data-fl_o='IN'><\/div><div class='eventon_filter' data-filter_field='event_organizer' data-filter_val='all' data-filter_type='tax' data-fl_o='IN'><\/div><div class='eventon_filter' data-filter_field='event_tag' data-filter_val='all' data-filter_type='tax' data-fl_o='IN'><\/div><\/div><div class='clear'><\/div><\/div><div id='eventon_loadbar_section'><div id='eventon_loadbar'><\/div><\/div><div id='evcal_list' class='eventon_events_list '><div id=\"event_498\" class=\"eventon_list_event evo_eventtop past_event event hasbgimg event_498_0\" data-event_id=\"498\" data-ri=\"0r\" data-time=\"1571338800-1571356200\" data-colr=\"#274454\" itemscope itemtype='http:\/\/schema.org\/Event'><div class=\"evo_boxtop\" style=\"background-image: url(http:\/\/draculafilm.ro\/2019\/wp-content\/uploads\/2019\/10\/vortext-dracula-film-festival-2019-01.jpg); background-color:#274454;height:200px;\"><\/div><div class=\"evo_event_schema\" style=\"display:none\" ><a itemprop='url'  href='http:\/\/draculafilm.ro\/vortex-franta\/'><\/a><span itemprop='name'  >VORTEX (Fran\u021ba)<\/span><meta itemprop='image' content=\"http:\/\/draculafilm.ro\/2019\/wp-content\/uploads\/2019\/10\/vortext-dracula-film-festival-2019-01.jpg\" \/><meta itemprop='description' content=\"Regia: Christophe Karabache  Cu: Julien Romano, Claudia Fortunato, Joelle H\u00e9lary,   Romuald Bourdon  Gen film: Fantastic, Dram\u0103, Thriller  Durat\u0103:1h 23 min  Q&A echip\u0103 film  Intrarea gratuit\u0103\" \/><meta itemprop='startDate' content=\"2019-10-17T19:00\" \/><meta itemprop='endDate' content=\"2019-10-17T23:50\" \/><meta itemprop='eventStatus' content=\"on-schedule\" \/>\r\n\t\t\t\t\t\t\t\t\t<item style=\"display:none\" itemprop=\"location\" itemscope itemtype=\"http:\/\/schema.org\/Place\">\r\n\t\t\t\t\t\t\t\t\t\t<span itemprop=\"name\">Centrul Cultural Reduta<\/span>\r\n\t\t\t\t\t\t\t\t\t\t<span itemprop=\"address\" itemscope itemtype=\"http:\/\/schema.org\/PostalAddress\">\r\n\t\t\t\t\t\t\t\t\t\t\t<item itemprop=\"streetAddress\">Strada Apollonia Hirscher 8, Bra\u0219ov 500025<\/item>\r\n\t\t\t\t\t\t\t\t\t\t<\/span><\/item><script type=\"application\/ld+json\">{\t\"@context\": \"http:\/\/schema.org\",\r\n\t\t\t\t\t\t\t  \t\"@type\": \"Event\",\r\n\t\t\t\t\t\t\t  \t\"name\": \"VORTEX (Fran\u021ba)\",\r\n\t\t\t\t\t\t\t  \t\"startDate\": \"2019-10-17T19-19-00-00\",\r\n\t\t\t\t\t\t\t  \t\"endDate\": \"2019-10-17T23-23-50-00\",\r\n\t\t\t\t\t\t\t  \t\"image\":\"http:\/\/draculafilm.ro\/2019\/wp-content\/uploads\/2019\/10\/vortext-dracula-film-festival-2019-01.jpg\",\r\n\t\t\t\t\t\t\t  \t\"description\":\"Regia: Christophe Karabache  Cu: Julien Romano, Claudia Fortunato, Joelle H\u00e9lary,   Romuald Bourdon  Gen film: Fantastic, Dram\u0103, Thriller  Durat\u0103:1h 23 min  Q&A echip\u0103 film  Intrarea gratuit\u0103\"\r\n\t\t\t\t\t\t\t  \t,\"location\":{\r\n\t\t\t\t\t\t\t\t\t\t\"@type\":\"Place\",\r\n\t\t\t\t\t\t\t\t\t\t\"name\":\"Centrul Cultural Reduta\",\r\n\t\t\t\t\t\t\t\t\t\t\"address\":{\r\n\t\t\t\t\t\t\t\t\t\t\t\"@type\": \"PostalAddress\"\r\n\t\t\t\t\t\t\t\t\t\t\t\"streetAddress\":\"Strada Apollonia Hirscher 8, Bra\u0219ov 500025\"\r\n\t\t\t\t\t\t\t\t\t\t}\r\n\t\t\t\t\t\t\t  \t\t}\r\n\t\t\t\t\t\t\t }<\/script><\/div>\r\n\t\t\t\t<p class=\"desc_trig_outter\"><a data-gmtrig=\"1\" data-exlk=\"1\"  style=\"border-color: #274454;padding-top: 215px;height: 310px;\" id=\"evc_1571338800498\" class=\"desc_trig sin_val evcal_list_a\" data-ux_val=\"2\" href=\"http:\/\/draculafilm.ro\/vortex-franta\/\"  ><span class='evcal_cblock ' data-bgcolor='#274454' data-smon='octombrie' data-syr='2019'><span class='evo_start '><em class='date'>17<\/em><em class='month'>oct.<\/em><em class='time'>19:00<\/em><\/span><em class='clear'><\/em><\/span><span class='evcal_desc evo_info hide_eventtopdata ' data-latlng=\"45.6408359,25.5893081\"  data-location_address=\"Strada Apollonia Hirscher 8, Bra\u0219ov 500025\" data-location_type=\"lonlat\" data-location_name=\"Centrul Cultural Reduta\" data-location_url=\"http:\/\/draculafilm.ro\/2019\/event-location\/centrul-cultural-reduta\/\" data-location_status=\"true\" ><span class='evo_above_title'><\/span><span class='evcal_desc2 evcal_event_title' itemprop='name'>VORTEX (Fran\u021ba)<\/span><span class='evo_below_title'><span class='evcal_event_subtitle' >Competi\u0163ia lungmetraj<\/span><\/span><span class='evcal_desc_info' ><em class='evcal_time'>19:00<\/em> <em class=\"evcal_location\" data-latlng=\"45.6408359,25.5893081\"  data-add_str=\"\"><em class=\"event_location_name\">Centrul Cultural Reduta<\/em><\/em><\/span><span class='evcal_desc3'><\/span><\/span><em class='clear'><\/em><\/a><\/p><div class='clear end'><\/div><\/div><div id=\"event_500\" class=\"eventon_list_event evo_eventtop past_event event hasbgimg event_500_0\" data-event_id=\"500\" data-ri=\"0r\" data-time=\"1571346000-1571356200\" data-colr=\"#274454\" itemscope itemtype='http:\/\/schema.org\/Event'><div class=\"evo_boxtop\" style=\"background-image: url(http:\/\/draculafilm.ro\/2019\/wp-content\/uploads\/2019\/10\/artik-dracula-film-festival-2019-01.jpg); background-color:#274454;height:200px;\"><\/div><div class=\"evo_event_schema\" style=\"display:none\" ><a itemprop='url'  href='http:\/\/draculafilm.ro\/artik-sua\/'><\/a><span itemprop='name'  >ARTIK (SUA)<\/span><meta itemprop='image' content=\"http:\/\/draculafilm.ro\/2019\/wp-content\/uploads\/2019\/10\/artik-dracula-film-festival-2019-01.jpg\" \/><meta itemprop='description' content=\"Regia: Tom Botchii  Cu: Chase Williamson, Jerry G Angelo, Lauren Ashley Carter, Matt Mercer, Gavin White  Gen film: Horror, Thriller  Durat\u0103: 1h 17min  Intrarea gratuit\u0103\" \/><meta itemprop='startDate' content=\"2019-10-17T21:00\" \/><meta itemprop='endDate' content=\"2019-10-17T23:50\" \/><meta itemprop='eventStatus' content=\"on-schedule\" \/>\r\n\t\t\t\t\t\t\t\t\t<item style=\"display:none\" itemprop=\"location\" itemscope itemtype=\"http:\/\/schema.org\/Place\">\r\n\t\t\t\t\t\t\t\t\t\t<span itemprop=\"name\">Centrul Cultural Reduta<\/span>\r\n\t\t\t\t\t\t\t\t\t\t<span itemprop=\"address\" itemscope itemtype=\"http:\/\/schema.org\/PostalAddress\">\r\n\t\t\t\t\t\t\t\t\t\t\t<item itemprop=\"streetAddress\">Strada Apollonia Hirscher 8, Bra\u0219ov 500025<\/item>\r\n\t\t\t\t\t\t\t\t\t\t<\/span><\/item><script type=\"application\/ld+json\">{\t\"@context\": \"http:\/\/schema.org\",\r\n\t\t\t\t\t\t\t  \t\"@type\": \"Event\",\r\n\t\t\t\t\t\t\t  \t\"name\": \"ARTIK (SUA)\",\r\n\t\t\t\t\t\t\t  \t\"startDate\": \"2019-10-17T21-21-00-00\",\r\n\t\t\t\t\t\t\t  \t\"endDate\": \"2019-10-17T23-23-50-00\",\r\n\t\t\t\t\t\t\t  \t\"image\":\"http:\/\/draculafilm.ro\/2019\/wp-content\/uploads\/2019\/10\/artik-dracula-film-festival-2019-01.jpg\",\r\n\t\t\t\t\t\t\t  \t\"description\":\"Regia: Tom Botchii  Cu: Chase Williamson, Jerry G Angelo, Lauren Ashley Carter, Matt Mercer, Gavin White  Gen film: Horror, Thriller  Durat\u0103: 1h 17min  Intrarea gratuit\u0103\"\r\n\t\t\t\t\t\t\t  \t,\"location\":{\r\n\t\t\t\t\t\t\t\t\t\t\"@type\":\"Place\",\r\n\t\t\t\t\t\t\t\t\t\t\"name\":\"Centrul Cultural Reduta\",\r\n\t\t\t\t\t\t\t\t\t\t\"address\":{\r\n\t\t\t\t\t\t\t\t\t\t\t\"@type\": \"PostalAddress\"\r\n\t\t\t\t\t\t\t\t\t\t\t\"streetAddress\":\"Strada Apollonia Hirscher 8, Bra\u0219ov 500025\"\r\n\t\t\t\t\t\t\t\t\t\t}\r\n\t\t\t\t\t\t\t  \t\t}\r\n\t\t\t\t\t\t\t }<\/script><\/div>\r\n\t\t\t\t<p class=\"desc_trig_outter\"><a data-gmtrig=\"1\" data-exlk=\"1\"  style=\"border-color: #274454;padding-top: 215px;height: 310px;\" id=\"evc_1571346000500\" class=\"desc_trig sin_val evcal_list_a\" data-ux_val=\"2\" href=\"http:\/\/draculafilm.ro\/artik-sua\/\"  ><span class='evcal_cblock ' data-bgcolor='#274454' data-smon='octombrie' data-syr='2019'><span class='evo_start '><em class='date'>17<\/em><em class='month'>oct.<\/em><em class='time'>21:00<\/em><\/span><em class='clear'><\/em><\/span><span class='evcal_desc evo_info hide_eventtopdata ' data-latlng=\"45.6408359,25.5893081\"  data-location_address=\"Strada Apollonia Hirscher 8, Bra\u0219ov 500025\" data-location_type=\"lonlat\" data-location_name=\"Centrul Cultural Reduta\" data-location_url=\"http:\/\/draculafilm.ro\/2019\/event-location\/centrul-cultural-reduta\/\" data-location_status=\"true\" ><span class='evo_above_title'><\/span><span class='evcal_desc2 evcal_event_title' itemprop='name'>ARTIK (SUA)<\/span><span class='evo_below_title'><span class='evcal_event_subtitle' >Competi\u0163ia lungmetraj<\/span><\/span><span class='evcal_desc_info' ><em class='evcal_time'>21:00<\/em> <em class=\"evcal_location\" data-latlng=\"45.6408359,25.5893081\"  data-add_str=\"\"><em class=\"event_location_name\">Centrul Cultural Reduta<\/em><\/em><\/span><span class='evcal_desc3'><\/span><\/span><em class='clear'><\/em><\/a><\/p><div class='clear end'><\/div><\/div><div id=\"event_502\" class=\"eventon_list_event evo_eventtop past_event event hasbgimg event_502_0\" data-event_id=\"502\" data-ri=\"0r\" data-time=\"1571418000-1571442600\" data-colr=\"#274454\" itemscope itemtype='http:\/\/schema.org\/Event'><div class=\"evo_boxtop\" style=\"background-image: url(http:\/\/draculafilm.ro\/2019\/wp-content\/uploads\/2019\/10\/the-antithesis-dracula-film-festival-2019-01.jpg); background-color:#274454;height:200px;\"><\/div><div class=\"evo_event_schema\" style=\"display:none\" ><a itemprop='url'  href='http:\/\/draculafilm.ro\/the-antithesis-italia\/'><\/a><span itemprop='name'  >THE ANTITHESIS (Italia)<\/span><meta itemprop='image' content=\"http:\/\/draculafilm.ro\/2019\/wp-content\/uploads\/2019\/10\/the-antithesis-dracula-film-festival-2019-01.jpg\" \/><meta itemprop='description' content=\"THE ANTITHESIS (Italia)  Regia: Francesco Mirabelli  Cu: Crisula Stafida, Karolina Cernic, Marina Loi  Durata:1h 38 min  Intrarea gratuit\u0103\" \/><meta itemprop='startDate' content=\"2019-10-18T17:00\" \/><meta itemprop='endDate' content=\"2019-10-18T23:50\" \/><meta itemprop='eventStatus' content=\"on-schedule\" \/>\r\n\t\t\t\t\t\t\t\t\t<item style=\"display:none\" itemprop=\"location\" itemscope itemtype=\"http:\/\/schema.org\/Place\">\r\n\t\t\t\t\t\t\t\t\t\t<span itemprop=\"name\">Centrul Cultural Reduta<\/span>\r\n\t\t\t\t\t\t\t\t\t\t<span itemprop=\"address\" itemscope itemtype=\"http:\/\/schema.org\/PostalAddress\">\r\n\t\t\t\t\t\t\t\t\t\t\t<item itemprop=\"streetAddress\">Strada Apollonia Hirscher 8, Bra\u0219ov 500025<\/item>\r\n\t\t\t\t\t\t\t\t\t\t<\/span><\/item><script type=\"application\/ld+json\">{\t\"@context\": \"http:\/\/schema.org\",\r\n\t\t\t\t\t\t\t  \t\"@type\": \"Event\",\r\n\t\t\t\t\t\t\t  \t\"name\": \"THE ANTITHESIS (Italia)\",\r\n\t\t\t\t\t\t\t  \t\"startDate\": \"2019-10-18T17-17-00-00\",\r\n\t\t\t\t\t\t\t  \t\"endDate\": \"2019-10-18T23-23-50-00\",\r\n\t\t\t\t\t\t\t  \t\"image\":\"http:\/\/draculafilm.ro\/2019\/wp-content\/uploads\/2019\/10\/the-antithesis-dracula-film-festival-2019-01.jpg\",\r\n\t\t\t\t\t\t\t  \t\"description\":\"THE ANTITHESIS (Italia)  Regia: Francesco Mirabelli  Cu: Crisula Stafida, Karolina Cernic, Marina Loi  Durata:1h 38 min  Intrarea gratuit\u0103\"\r\n\t\t\t\t\t\t\t  \t,\"location\":{\r\n\t\t\t\t\t\t\t\t\t\t\"@type\":\"Place\",\r\n\t\t\t\t\t\t\t\t\t\t\"name\":\"Centrul Cultural Reduta\",\r\n\t\t\t\t\t\t\t\t\t\t\"address\":{\r\n\t\t\t\t\t\t\t\t\t\t\t\"@type\": \"PostalAddress\"\r\n\t\t\t\t\t\t\t\t\t\t\t\"streetAddress\":\"Strada Apollonia Hirscher 8, Bra\u0219ov 500025\"\r\n\t\t\t\t\t\t\t\t\t\t}\r\n\t\t\t\t\t\t\t  \t\t}\r\n\t\t\t\t\t\t\t }<\/script><\/div>\r\n\t\t\t\t<p class=\"desc_trig_outter\"><a data-gmtrig=\"1\" data-exlk=\"1\"  style=\"border-color: #274454;padding-top: 215px;height: 310px;\" id=\"evc_1571418000502\" class=\"desc_trig sin_val evcal_list_a\" data-ux_val=\"2\" href=\"http:\/\/draculafilm.ro\/the-antithesis-italia\/\"  ><span class='evcal_cblock ' data-bgcolor='#274454' data-smon='octombrie' data-syr='2019'><span class='evo_start '><em class='date'>18<\/em><em class='month'>oct.<\/em><em class='time'>17:00<\/em><\/span><em class='clear'><\/em><\/span><span class='evcal_desc evo_info hide_eventtopdata ' data-latlng=\"45.6408359,25.5893081\"  data-location_address=\"Strada Apollonia Hirscher 8, Bra\u0219ov 500025\" data-location_type=\"lonlat\" data-location_name=\"Centrul Cultural Reduta\" data-location_url=\"http:\/\/draculafilm.ro\/2019\/event-location\/centrul-cultural-reduta\/\" data-location_status=\"true\" ><span class='evo_above_title'><\/span><span class='evcal_desc2 evcal_event_title' itemprop='name'>THE ANTITHESIS (Italia)<\/span><span class='evo_below_title'><span class='evcal_event_subtitle' >Competi\u0163ia lungmetraj<\/span><\/span><span class='evcal_desc_info' ><em class='evcal_time'>17:00<\/em> <em class=\"evcal_location\" data-latlng=\"45.6408359,25.5893081\"  data-add_str=\"\"><em class=\"event_location_name\">Centrul Cultural Reduta<\/em><\/em><\/span><span class='evcal_desc3'><\/span><\/span><em class='clear'><\/em><\/a><\/p><div class='clear end'><\/div><\/div><div id=\"event_654\" class=\"eventon_list_event evo_eventtop past_event event hasbgimg event_654_0\" data-event_id=\"654\" data-ri=\"0r\" data-time=\"1571425200-1571442600\" data-colr=\"#274454\" itemscope itemtype='http:\/\/schema.org\/Event'><div class=\"evo_boxtop\" style=\"background-image: url(http:\/\/draculafilm.ro\/2019\/wp-content\/uploads\/2019\/10\/ValburgaFrames_DI-0523_1.jpg); background-color:#274454;height:200px;\"><\/div><div class=\"evo_event_schema\" style=\"display:none\" ><a itemprop='url'  href='http:\/\/draculafilm.ro\/the-curse-of-valburga-slovenia\/'><\/a><span itemprop='name'  >THE CURSE OF VALBURGA (Slovenia)<\/span><meta itemprop='image' content=\"http:\/\/draculafilm.ro\/2019\/wp-content\/uploads\/2019\/10\/ValburgaFrames_DI-0523_1.jpg\" \/><meta itemprop='description' content=\"THE CURSE OF VALBURGA (Slovenia)  Vineri, 18 octombrie, 19.00  Centrul Cultural Reduta  Regia: Toma\u017e Gorki\u010d  Cu: Jurij Dreven\u0161ek, Marko Mandi\u010d, Sa\u0161a Pavlin Sto\u0161i\u010d, Niklas Kvarforth, Luka Cimpri\u010d, Katarina Stegnar, Anton Antolek  Genul: Comedie, Horor  Durata: 1h\" \/><meta itemprop='startDate' content=\"2019-10-18T19:00\" \/><meta itemprop='endDate' content=\"2019-10-18T23:50\" \/><meta itemprop='eventStatus' content=\"on-schedule\" \/>\r\n\t\t\t\t\t\t\t\t\t<item style=\"display:none\" itemprop=\"location\" itemscope itemtype=\"http:\/\/schema.org\/Place\">\r\n\t\t\t\t\t\t\t\t\t\t<span itemprop=\"name\">Centrul Cultural Reduta<\/span>\r\n\t\t\t\t\t\t\t\t\t\t<span itemprop=\"address\" itemscope itemtype=\"http:\/\/schema.org\/PostalAddress\">\r\n\t\t\t\t\t\t\t\t\t\t\t<item itemprop=\"streetAddress\">Strada Apollonia Hirscher 8, Bra\u0219ov 500025<\/item>\r\n\t\t\t\t\t\t\t\t\t\t<\/span><\/item><script type=\"application\/ld+json\">{\t\"@context\": \"http:\/\/schema.org\",\r\n\t\t\t\t\t\t\t  \t\"@type\": \"Event\",\r\n\t\t\t\t\t\t\t  \t\"name\": \"THE CURSE OF VALBURGA (Slovenia)\",\r\n\t\t\t\t\t\t\t  \t\"startDate\": \"2019-10-18T19-19-00-00\",\r\n\t\t\t\t\t\t\t  \t\"endDate\": \"2019-10-18T23-23-50-00\",\r\n\t\t\t\t\t\t\t  \t\"image\":\"http:\/\/draculafilm.ro\/2019\/wp-content\/uploads\/2019\/10\/ValburgaFrames_DI-0523_1.jpg\",\r\n\t\t\t\t\t\t\t  \t\"description\":\"THE CURSE OF VALBURGA (Slovenia)  Vineri, 18 octombrie, 19.00  Centrul Cultural Reduta  Regia: Toma\u017e Gorki\u010d  Cu: Jurij Dreven\u0161ek, Marko Mandi\u010d, Sa\u0161a Pavlin Sto\u0161i\u010d, Niklas Kvarforth, Luka Cimpri\u010d, Katarina Stegnar, Anton Antolek  Genul: Comedie, Horor  Durata: 1h\"\r\n\t\t\t\t\t\t\t  \t,\"location\":{\r\n\t\t\t\t\t\t\t\t\t\t\"@type\":\"Place\",\r\n\t\t\t\t\t\t\t\t\t\t\"name\":\"Centrul Cultural Reduta\",\r\n\t\t\t\t\t\t\t\t\t\t\"address\":{\r\n\t\t\t\t\t\t\t\t\t\t\t\"@type\": \"PostalAddress\"\r\n\t\t\t\t\t\t\t\t\t\t\t\"streetAddress\":\"Strada Apollonia Hirscher 8, Bra\u0219ov 500025\"\r\n\t\t\t\t\t\t\t\t\t\t}\r\n\t\t\t\t\t\t\t  \t\t}\r\n\t\t\t\t\t\t\t }<\/script><\/div>\r\n\t\t\t\t<p class=\"desc_trig_outter\"><a data-gmtrig=\"1\" data-exlk=\"1\"  style=\"border-color: #274454;padding-top: 215px;height: 310px;\" id=\"evc_1571425200654\" class=\"desc_trig sin_val evcal_list_a\" data-ux_val=\"2\" href=\"http:\/\/draculafilm.ro\/the-curse-of-valburga-slovenia\/\"  ><span class='evcal_cblock ' data-bgcolor='#274454' data-smon='octombrie' data-syr='2019'><span class='evo_start '><em class='date'>18<\/em><em class='month'>oct.<\/em><em class='time'>19:00<\/em><\/span><em class='clear'><\/em><\/span><span class='evcal_desc evo_info hide_eventtopdata ' data-latlng=\"45.6408359,25.5893081\"  data-location_address=\"Strada Apollonia Hirscher 8, Bra\u0219ov 500025\" data-location_type=\"lonlat\" data-location_name=\"Centrul Cultural Reduta\" data-location_url=\"http:\/\/draculafilm.ro\/2019\/event-location\/centrul-cultural-reduta\/\" data-location_status=\"true\" ><span class='evo_above_title'><\/span><span class='evcal_desc2 evcal_event_title' itemprop='name'>THE CURSE OF VALBURGA (Slovenia)<\/span><span class='evo_below_title'><span class='evcal_event_subtitle' >Competi\u0163ia lungmetraj<\/span><\/span><span class='evcal_desc_info' ><em class='evcal_time'>19:00<\/em> <em class=\"evcal_location\" data-latlng=\"45.6408359,25.5893081\"  data-add_str=\"\"><em class=\"event_location_name\">Centrul Cultural Reduta<\/em><\/em><\/span><span class='evcal_desc3'><\/span><\/span><em class='clear'><\/em><\/a><\/p><div class='clear end'><\/div><\/div><div id=\"event_504\" class=\"eventon_list_event evo_eventtop past_event event hasbgimg event_504_0\" data-event_id=\"504\" data-ri=\"0r\" data-time=\"1571432400-1571442600\" data-colr=\"#274454\" itemscope itemtype='http:\/\/schema.org\/Event'><div class=\"evo_boxtop\" style=\"background-image: url(http:\/\/draculafilm.ro\/2019\/wp-content\/uploads\/2019\/10\/diablo-rojo-dracula-film-festival-2019-01.jpg); background-color:#274454;height:200px;\"><\/div><div class=\"evo_event_schema\" style=\"display:none\" ><a itemprop='url'  href='http:\/\/draculafilm.ro\/diablo-rojo-panama\/'><\/a><span itemprop='name'  >DIABLO ROJO (Panama)<\/span><meta itemprop='image' content=\"http:\/\/draculafilm.ro\/2019\/wp-content\/uploads\/2019\/10\/diablo-rojo-dracula-film-festival-2019-01.jpg\" \/><meta itemprop='description' content=\"Regia: Sol Moreno  Cu: Carlos Carrasco, Leo Wiznitzer, Alejandra Ara\u00faz, Natalia Beluche   Gen film: Road-movie, Horror, Aventur\u0103  Durata: 1h 30 min  Intrarea gratuit\u0103  \" \/><meta itemprop='startDate' content=\"2019-10-18T21:00\" \/><meta itemprop='endDate' content=\"2019-10-18T23:50\" \/><meta itemprop='eventStatus' content=\"on-schedule\" \/>\r\n\t\t\t\t\t\t\t\t\t<item style=\"display:none\" itemprop=\"location\" itemscope itemtype=\"http:\/\/schema.org\/Place\">\r\n\t\t\t\t\t\t\t\t\t\t<span itemprop=\"name\">Centrul Cultural Reduta<\/span>\r\n\t\t\t\t\t\t\t\t\t\t<span itemprop=\"address\" itemscope itemtype=\"http:\/\/schema.org\/PostalAddress\">\r\n\t\t\t\t\t\t\t\t\t\t\t<item itemprop=\"streetAddress\">Strada Apollonia Hirscher 8, Bra\u0219ov 500025<\/item>\r\n\t\t\t\t\t\t\t\t\t\t<\/span><\/item><script type=\"application\/ld+json\">{\t\"@context\": \"http:\/\/schema.org\",\r\n\t\t\t\t\t\t\t  \t\"@type\": \"Event\",\r\n\t\t\t\t\t\t\t  \t\"name\": \"DIABLO ROJO (Panama)\",\r\n\t\t\t\t\t\t\t  \t\"startDate\": \"2019-10-18T21-21-00-00\",\r\n\t\t\t\t\t\t\t  \t\"endDate\": \"2019-10-18T23-23-50-00\",\r\n\t\t\t\t\t\t\t  \t\"image\":\"http:\/\/draculafilm.ro\/2019\/wp-content\/uploads\/2019\/10\/diablo-rojo-dracula-film-festival-2019-01.jpg\",\r\n\t\t\t\t\t\t\t  \t\"description\":\"Regia: Sol Moreno  Cu: Carlos Carrasco, Leo Wiznitzer, Alejandra Ara\u00faz, Natalia Beluche   Gen film: Road-movie, Horror, Aventur\u0103  Durata: 1h 30 min  Intrarea gratuit\u0103  \"\r\n\t\t\t\t\t\t\t  \t,\"location\":{\r\n\t\t\t\t\t\t\t\t\t\t\"@type\":\"Place\",\r\n\t\t\t\t\t\t\t\t\t\t\"name\":\"Centrul Cultural Reduta\",\r\n\t\t\t\t\t\t\t\t\t\t\"address\":{\r\n\t\t\t\t\t\t\t\t\t\t\t\"@type\": \"PostalAddress\"\r\n\t\t\t\t\t\t\t\t\t\t\t\"streetAddress\":\"Strada Apollonia Hirscher 8, Bra\u0219ov 500025\"\r\n\t\t\t\t\t\t\t\t\t\t}\r\n\t\t\t\t\t\t\t  \t\t}\r\n\t\t\t\t\t\t\t }<\/script><\/div>\r\n\t\t\t\t<p class=\"desc_trig_outter\"><a data-gmtrig=\"1\" data-exlk=\"1\"  style=\"border-color: #274454;padding-top: 215px;height: 310px;\" id=\"evc_1571432400504\" class=\"desc_trig sin_val evcal_list_a\" data-ux_val=\"2\" href=\"http:\/\/draculafilm.ro\/diablo-rojo-panama\/\"  ><span class='evcal_cblock ' data-bgcolor='#274454' data-smon='octombrie' data-syr='2019'><span class='evo_start '><em class='date'>18<\/em><em class='month'>oct.<\/em><em class='time'>21:00<\/em><\/span><em class='clear'><\/em><\/span><span class='evcal_desc evo_info hide_eventtopdata ' data-latlng=\"45.6408359,25.5893081\"  data-location_address=\"Strada Apollonia Hirscher 8, Bra\u0219ov 500025\" data-location_type=\"lonlat\" data-location_name=\"Centrul Cultural Reduta\" data-location_url=\"http:\/\/draculafilm.ro\/2019\/event-location\/centrul-cultural-reduta\/\" data-location_status=\"true\" ><span class='evo_above_title'><\/span><span class='evcal_desc2 evcal_event_title' itemprop='name'>DIABLO ROJO (Panama)<\/span><span class='evo_below_title'><span class='evcal_event_subtitle' >Competi\u0163ia lungmetraj<\/span><\/span><span class='evcal_desc_info' ><em class='evcal_time'>21:00<\/em> <em class=\"evcal_location\" data-latlng=\"45.6408359,25.5893081\"  data-add_str=\"\"><em class=\"event_location_name\">Centrul Cultural Reduta<\/em><\/em><\/span><span class='evcal_desc3'><\/span><\/span><em class='clear'><\/em><\/a><\/p><div class='clear end'><\/div><\/div><\/div><div class='clear'><\/div><\/div><!-- ajde_evcal_calendar-->\n","protected":false},"excerpt":{"rendered":"THE CURSE OF VALBURGA (Slovenia) Vineri, 18 octombrie, 19.00 Centrul Cultural Reduta Regia: Toma\u017e Gorki\u010d Cu: Jurij Dreven\u0161ek, Marko Mandi\u010d, Sa\u0161a Pavlin Sto\u0161i\u010d, Niklas Kvarforth, Luka Cimpri\u010d, Katarina Stegnar, Anton...","protected":false},"author":2,"featured_media":0,"parent":0,"menu_order":0,"comment_status":"closed","ping_status":"closed","template":"page-sidebar.php","meta":[],"yoast_head":"<!-- This site is optimized with the Yoast SEO plugin v15.0 - https:\/\/yoast.com\/wordpress\/plugins\/seo\/ -->\n<title>Lungmetraj - Dracula Film Festival - 2019<\/title>\n<meta name=\"robots\" content=\"noindex, follow\" \/>\n<meta property=\"og:locale\" content=\"ro_RO\" \/>\n<meta property=\"og:type\" content=\"article\" \/>\n<meta property=\"og:title\" content=\"Lungmetraj - Dracula Film Festival - 2019\" \/>\n<meta property=\"og:url\" content=\"http:\/\/draculafilm.ro\/2019\/lungmetraj\/\" \/>\n<meta property=\"og:site_name\" content=\"Dracula Film Festival - 2019\" \/>\n<meta property=\"article:modified_time\" content=\"2019-10-07T15:30:37+00:00\" \/>\n<meta name=\"twitter:card\" content=\"summary_large_image\" \/>\n<script type=\"application\/ld+json\" class=\"yoast-schema-graph\">{\"@context\":\"https:\/\/schema.org\",\"@graph\":[{\"@type\":\"WebSite\",\"@id\":\"http:\/\/draculafilm.ro\/2019\/#website\",\"url\":\"http:\/\/draculafilm.ro\/2019\/\",\"name\":\"Dracula Film Festival - 2019\",\"description\":\"Dracula Film Festival - Horror &amp; Fantasy Film Festival.\",\"potentialAction\":[{\"@type\":\"SearchAction\",\"target\":\"http:\/\/draculafilm.ro\/2019\/?s={search_term_string}\",\"query-input\":\"required name=search_term_string\"}],\"inLanguage\":\"ro-RO\"},{\"@type\":\"WebPage\",\"@id\":\"http:\/\/draculafilm.ro\/2019\/lungmetraj\/#webpage\",\"url\":\"http:\/\/draculafilm.ro\/2019\/lungmetraj\/\",\"name\":\"Lungmetraj - Dracula Film Festival - 2019\",\"isPartOf\":{\"@id\":\"http:\/\/draculafilm.ro\/2019\/#website\"},\"datePublished\":\"2019-10-03T14:16:16+00:00\",\"dateModified\":\"2019-10-07T15:30:37+00:00\",\"inLanguage\":\"ro-RO\",\"potentialAction\":[{\"@type\":\"ReadAction\",\"target\":[\"http:\/\/draculafilm.ro\/2019\/lungmetraj\/\"]}]}]}<\/script>\n<!-- \/ Yoast SEO plugin. -->","_links":{"self":[{"href":"http:\/\/draculafilm.ro\/2019\/wp-json\/wp\/v2\/pages\/484"}],"collection":[{"href":"http:\/\/draculafilm.ro\/2019\/wp-json\/wp\/v2\/pages"}],"about":[{"href":"http:\/\/draculafilm.ro\/2019\/wp-json\/wp\/v2\/types\/page"}],"author":[{"embeddable":true,"href":"http:\/\/draculafilm.ro\/2019\/wp-json\/wp\/v2\/users\/2"}],"replies":[{"embeddable":true,"href":"http:\/\/draculafilm.ro\/2019\/wp-json\/wp\/v2\/comments?post=484"}],"version-history":[{"count":7,"href":"http:\/\/draculafilm.ro\/2019\/wp-json\/wp\/v2\/pages\/484\/revisions"}],"predecessor-version":[{"id":618,"href":"http:\/\/draculafilm.ro\/2019\/wp-json\/wp\/v2\/pages\/484\/revisions\/618"}],"wp:attachment":[{"href":"http:\/\/draculafilm.ro\/2019\/wp-json\/wp\/v2\/media?parent=484"}],"curies":[{"name":"wp","href":"https:\/\/api.w.org\/{rel}","templated":true}]}}