{"id":966,"date":"2019-10-08T16:45:50","date_gmt":"2019-10-08T13:45:50","guid":{"rendered":"http:\/\/draculafilm.ro\/?page_id=966"},"modified":"2019-10-08T16:46:38","modified_gmt":"2019-10-08T13:46:38","slug":"workshop-uri-masterclass","status":"publish","type":"page","link":"http:\/\/draculafilm.ro\/2019\/workshop-uri-masterclass\/","title":{"rendered":"Workshop-uri &#038; masterclass"},"content":{"rendered":"<div id='evcal_calendar_Workshop' class='list_cal ajde_evcal_calendar boxy boxstyle1 ul' ><div class='evo-data' data-cyear=\"2019\" data-cmonth=\"10\" data-runajax=\"1\" data-evc_open=\"0\" data-cal_ver=\"2.7.3\" data-mapscroll=\"true\" data-mapformat=\"roadmap\" data-mapzoom=\"18\" data-mapiconurl=\"\" data-ev_cnt=\"0\" data-show_limit=\"no\" data-tiles=\"yes\" data-sort_by=\"sort_date\" data-filters_on=\"true\" data-range_start=\"0\" data-range_end=\"0\" data-send_unix=\"0\" data-ux_val=\"0\" data-accord=\"0\" data-rtl=\"no\"  ><\/div><div id='evcal_head' class='calendar_header ' ><div class='evo_cal_above'><span class='evo-gototoday-btn' style='display:none' data-mo='10' data-yr='2019' data-dy=''>Luna curent\u0103<\/span><span class='evo-filter-btn'><\/span><span class='evo-sort-btn'><div class='eventon_sort_line' style='display:none'><p data-val='sort_date' data-type='date' class='evs_btn evs_hide' >Data<\/p><p data-val='sort_title' data-type='title' class='evs_btn ' >Titlu<\/p><\/div><\/span><\/div><div class='evo_cal_above_content'><\/div><div class='cal_arguments' style='display:none' data-hide_past=\"no\" data-show_et_ft_img=\"no\" data-event_order=\"ASC\" data-ft_event_priority=\"no\" data-lang=\"L2\" data-month_incre=\"0\" data-only_ft=\"no\" data-hide_ft=\"no\" data-evc_open=\"no\" data-show_limit=\"no\" data-etc_override=\"no\" data-show_limit_redir=\"0\" data-tiles=\"yes\" data-tile_height=\"0\" data-tile_bg=\"1\" data-tile_count=\"2\" data-tile_style=\"1\" data-s=\"\" data-members_only=\"no\" data-ux_val=\"0\" data-show_limit_ajax=\"no\" data-show_limit_paged=\"1\" data-hide_mult_occur=\"no\" data-show_repeats=\"no\" data-hide_end_time=\"no\" data-eventtop_style=\"0\" ><\/div><div class='clear'><\/div><\/div><div class='eventon_sorting_section' style='display:none'><div class='eventon_filter_line '><div class='eventon_filter' data-filter_field='event_type' data-filter_val='41' data-filter_type='tax' data-fl_o='IN'><\/div><div class='eventon_filter' data-filter_field='event_type_2' data-filter_val='all' data-filter_type='tax' data-fl_o='IN'><\/div><div class='eventon_filter' data-filter_field='event_type_3' data-filter_val='all' data-filter_type='tax' data-fl_o='IN'><\/div><div class='eventon_filter' data-filter_field='event_type_4' data-filter_val='all' data-filter_type='tax' data-fl_o='IN'><\/div><div class='eventon_filter' data-filter_field='event_type_5' data-filter_val='all' data-filter_type='tax' data-fl_o='IN'><\/div><div class='eventon_filter' data-filter_field='event_location' data-filter_val='all' data-filter_type='tax' data-fl_o='IN'><\/div><div class='eventon_filter' data-filter_field='event_organizer' data-filter_val='all' data-filter_type='tax' data-fl_o='IN'><\/div><div class='eventon_filter' data-filter_field='event_tag' data-filter_val='all' data-filter_type='tax' data-fl_o='IN'><\/div><\/div><div class='clear'><\/div><\/div><div id='eventon_loadbar_section'><div id='eventon_loadbar'><\/div><\/div><div id='evcal_list' class='eventon_events_list '><div id=\"event_566\" class=\"eventon_list_event evo_eventtop past_event event hasbgimg event_566_0\" data-event_id=\"566\" data-ri=\"0r\" data-time=\"1571324400-1571356200\" data-colr=\"#ff1919\" itemscope itemtype='http:\/\/schema.org\/Event'><div class=\"evo_boxtop\" style=\"background-image: url(http:\/\/draculafilm.ro\/2019\/wp-content\/uploads\/2019\/10\/dracula-digital-dracula-film-festival-2019-01.jpg); background-color:#ff1919;height:200px;\"><\/div><div class=\"evo_event_schema\" style=\"display:none\" ><a itemprop='url'  href='http:\/\/draculafilm.ro\/2019\/events\/dracula-digital-workshop-fotovideo\/var\/ri-0.l-L2'><\/a><span itemprop='name'  >Dracula Digital: Workshop foto&video<\/span><meta itemprop='image' content=\"http:\/\/draculafilm.ro\/2019\/wp-content\/uploads\/2019\/10\/dracula-digital-dracula-film-festival-2019-01.jpg\" \/><meta itemprop='description' content=\"Curator: Gabriel B\u0103l\u0103nescu    Intrarea gratuit\u0103\" \/><meta itemprop='startDate' content=\"2019-10-17T15:00\" \/><meta itemprop='endDate' content=\"2019-10-17T23:50\" \/><meta itemprop='eventStatus' content=\"on-schedule\" \/>\r\n\t\t\t\t\t\t\t\t\t<item style=\"display:none\" itemprop=\"location\" itemscope itemtype=\"http:\/\/schema.org\/Place\">\r\n\t\t\t\t\t\t\t\t\t\t<span itemprop=\"name\">Visssual<\/span>\r\n\t\t\t\t\t\t\t\t\t\t<span itemprop=\"address\" itemscope itemtype=\"http:\/\/schema.org\/PostalAddress\">\r\n\t\t\t\t\t\t\t\t\t\t\t<item itemprop=\"streetAddress\">Strada Fabricii, Bra\u0219ov<\/item>\r\n\t\t\t\t\t\t\t\t\t\t<\/span><\/item><script type=\"application\/ld+json\">{\t\"@context\": \"http:\/\/schema.org\",\r\n\t\t\t\t\t\t\t  \t\"@type\": \"Event\",\r\n\t\t\t\t\t\t\t  \t\"name\": \"Dracula Digital: Workshop foto&video\",\r\n\t\t\t\t\t\t\t  \t\"startDate\": \"2019-10-17T15-15-00-00\",\r\n\t\t\t\t\t\t\t  \t\"endDate\": \"2019-10-17T23-23-50-00\",\r\n\t\t\t\t\t\t\t  \t\"image\":\"http:\/\/draculafilm.ro\/2019\/wp-content\/uploads\/2019\/10\/dracula-digital-dracula-film-festival-2019-01.jpg\",\r\n\t\t\t\t\t\t\t  \t\"description\":\"Curator: Gabriel B\u0103l\u0103nescu    Intrarea gratuit\u0103\"\r\n\t\t\t\t\t\t\t  \t,\"location\":{\r\n\t\t\t\t\t\t\t\t\t\t\"@type\":\"Place\",\r\n\t\t\t\t\t\t\t\t\t\t\"name\":\"Visssual\",\r\n\t\t\t\t\t\t\t\t\t\t\"address\":{\r\n\t\t\t\t\t\t\t\t\t\t\t\"@type\": \"PostalAddress\"\r\n\t\t\t\t\t\t\t\t\t\t\t\"streetAddress\":\"Strada Fabricii, Bra\u0219ov\"\r\n\t\t\t\t\t\t\t\t\t\t}\r\n\t\t\t\t\t\t\t  \t\t}\r\n\t\t\t\t\t\t\t }<\/script><\/div>\r\n\t\t\t\t<p class=\"desc_trig_outter\"><a data-gmtrig=\"1\" data-exlk=\"0\" style=\"border-color: #ff1919;padding-top: 215px;height: 310px;\" id=\"evc_1571324400566\" class=\"desc_trig sin_val evcal_list_a\" data-ux_val=\"3\"  ><span class='evcal_cblock ' data-bgcolor='#ff1919' data-smon='octombrie' data-syr='2019'><span class='evo_start '><em class='date'>17<\/em><em class='month'>oct.<\/em><em class='time'>15:00<\/em><\/span><em class='clear'><\/em><\/span><span class='evcal_desc evo_info hide_eventtopdata ' data-latlng=\"45.6603836,25.5899581\"  data-location_address=\"Strada Fabricii, Bra\u0219ov\" data-location_type=\"lonlat\" data-location_name=\"Visssual\" data-location_url=\"http:\/\/draculafilm.ro\/2019\/event-location\/visssual\/\" data-location_status=\"true\" ><span class='evo_above_title'><\/span><span class='evcal_desc2 evcal_event_title' itemprop='name'>Dracula Digital: Workshop foto&video<\/span><span class='evo_below_title'><span class='evcal_event_subtitle' >Dracula Digital<\/span><\/span><span class='evcal_desc_info' ><em class='evcal_time'>15:00<\/em> <em class=\"evcal_location\" data-latlng=\"45.6603836,25.5899581\"  data-add_str=\"\"><em class=\"event_location_name\">Visssual<\/em><\/em><\/span><span class='evcal_desc3'><\/span><\/span><em class='clear'><\/em><\/a><\/p><div class='event_description evcal_eventcard ' style=\"display:none\"><div class='evo_metarow_fimg evorow evcal_evdata_img  evo_imghover evo_imgCursor' data-imgheight='800' data-imgwidth='1200'  style='background-image: url(\"http:\/\/draculafilm.ro\/2019\/wp-content\/uploads\/2019\/10\/dracula-digital-dracula-film-festival-2019-01.jpg\")' data-imgstyle='minmized' data-minheight='450' data-status=''><\/div><div class='evo_metarow_details evorow evcal_evdata_row bordb evcal_event_details'>\r\n\t\t\t\t\t\t\t<div class=\"event_excerpt\" style=\"display:none\"><h3 class=\"padb5 evo_h3\">Detalii despre eveniment<\/h3><p>Curator: Gabriel B\u0103l\u0103nescu\r\n\r\nIntrarea gratuit\u0103<\/p><\/div><span class='evcal_evdata_icons'><i class='fa fa-align-justify'><\/i><\/span>\r\n\t\t\t\t\t\t\t\r\n\t\t\t\t\t\t\t<div class='evcal_evdata_cell '><div class='eventon_full_description'>\r\n\t\t\t\t\t\t\t\t\t<h3 class='padb5 evo_h3'><span class='evcal_evdata_icons'><i class='fa fa-align-justify'><\/i><\/span>Detalii despre eveniment<\/h3><div class='eventon_desc_in' itemprop='description'>\r\n\t\t\t\t\t\t\t\t\t<p>Curator: Gabriel B\u0103l\u0103nescu<\/p>\n<p>Intrarea gratuit\u0103<\/p>\n<\/div><div class='clear'><\/div>\r\n\t\t\t\t\t\t\t\t<\/div>\r\n\t\t\t\t\t\t\t<\/div>\r\n\t\t\t\t\t\t<\/div><div class='evo_metarow_time_location evorow bordb '>\r\n\t\t\t\t\t\t<div class='tb' >\r\n\t\t\t\t\t\t\t<div class='tbrow'>\r\n\t\t\t\t\t\t\t<div class='evcal_col50 bordr'>\r\n\t\t\t\t\t\t\t\t<div class='evcal_evdata_row evo_time'>\r\n\t\t\t\t\t\t\t\t\t<span class='evcal_evdata_icons'><i class='fa fa-clock-o'><\/i><\/span>\r\n\t\t\t\t\t\t\t\t\t<div class='evcal_evdata_cell'>\t\t\t\t\t\t\t\r\n\t\t\t\t\t\t\t\t\t\t<h3 class='evo_h3'><span class='evcal_evdata_icons'><i class='fa fa-clock-o'><\/i><\/span>Ora<\/h3>\r\n\t\t\t\t\t\t\t\t\t\t<p>(Joi) 15:00<\/p>\r\n\t\t\t\t\t\t\t\t\t<\/div>\r\n\t\t\t\t\t\t\t\t<\/div>\r\n\t\t\t\t\t\t\t<\/div><div class='evcal_col50'>\r\n\t\t\t\t\t\t\t\t<div class='evcal_evdata_row evo_location'>\r\n\t\t\t\t\t\t\t\t\t<span class='evcal_evdata_icons'><i class='fa fa-map-marker'><\/i><\/span>\r\n\t\t\t\t\t\t\t\t\t<div class='evcal_evdata_cell' data-loc_tax_id='31'>\t\t\t\t\t\t\t\r\n\t\t\t\t\t\t\t\t\t\t<h3 class='evo_h3'><span class='evcal_evdata_icons'><i class='fa fa-map-marker'><\/i><\/span>Loca\u021bia<\/h3><p class='evo_location_name'>Visssual<\/p><p class='evo_location_address'>Strada Fabricii, Bra\u0219ov<\/p>\r\n\t\t\t\t\t\t\t\t\t<\/div>\r\n\t\t\t\t\t\t\t\t<\/div>\r\n\t\t\t\t\t\t\t<\/div><div class='clear'><\/div>\r\n\t\t\t\t\t\t\t<\/div><\/div>\r\n\t\t\t\t\t\t<\/div><div class='evo_metarow_gmap evorow evcal_gmaps bordb ' id='evc157132440069e34d88006a5566_gmap' style='max-width:none'><\/div><div class='evo_card_row_end evcal_close' title='\u00cenchide'><\/div><\/div><div class='clear end'><\/div><\/div><div id=\"event_568\" class=\"eventon_list_event evo_eventtop past_event event hasbgimg event_568_0\" data-event_id=\"568\" data-ri=\"0r\" data-time=\"1571331600-1571356200\" data-colr=\"#ff1919\" itemscope itemtype='http:\/\/schema.org\/Event'><div class=\"evo_boxtop\" style=\"background-image: url(http:\/\/draculafilm.ro\/2019\/wp-content\/uploads\/2019\/10\/dracula-digital-dracula-film-festival-2019-01.jpg); background-color:#ff1919;height:200px;\"><\/div><div class=\"evo_event_schema\" style=\"display:none\" ><a itemprop='url'  href='http:\/\/draculafilm.ro\/2019\/events\/dracula-digital-workshop-actorie\/var\/ri-0.l-L2'><\/a><span itemprop='name'  >Dracula Digital: Workshop actorie<\/span><meta itemprop='image' content=\"http:\/\/draculafilm.ro\/2019\/wp-content\/uploads\/2019\/10\/dracula-digital-dracula-film-festival-2019-01.jpg\" \/><meta itemprop='description' content=\"Prezint\u0103 Eugen Neagu &amp; \u0218tefan Iancu    Intrarea gratuit\u0103\" \/><meta itemprop='startDate' content=\"2019-10-17T17:00\" \/><meta itemprop='endDate' content=\"2019-10-17T23:50\" \/><meta itemprop='eventStatus' content=\"on-schedule\" \/>\r\n\t\t\t\t\t\t\t\t\t<item style=\"display:none\" itemprop=\"location\" itemscope itemtype=\"http:\/\/schema.org\/Place\">\r\n\t\t\t\t\t\t\t\t\t\t<span itemprop=\"name\">Visssual<\/span>\r\n\t\t\t\t\t\t\t\t\t\t<span itemprop=\"address\" itemscope itemtype=\"http:\/\/schema.org\/PostalAddress\">\r\n\t\t\t\t\t\t\t\t\t\t\t<item itemprop=\"streetAddress\">Strada Fabricii, Bra\u0219ov<\/item>\r\n\t\t\t\t\t\t\t\t\t\t<\/span><\/item><script type=\"application\/ld+json\">{\t\"@context\": \"http:\/\/schema.org\",\r\n\t\t\t\t\t\t\t  \t\"@type\": \"Event\",\r\n\t\t\t\t\t\t\t  \t\"name\": \"Dracula Digital: Workshop actorie\",\r\n\t\t\t\t\t\t\t  \t\"startDate\": \"2019-10-17T17-17-00-00\",\r\n\t\t\t\t\t\t\t  \t\"endDate\": \"2019-10-17T23-23-50-00\",\r\n\t\t\t\t\t\t\t  \t\"image\":\"http:\/\/draculafilm.ro\/2019\/wp-content\/uploads\/2019\/10\/dracula-digital-dracula-film-festival-2019-01.jpg\",\r\n\t\t\t\t\t\t\t  \t\"description\":\"Prezint\u0103 Eugen Neagu &amp; \u0218tefan Iancu    Intrarea gratuit\u0103\"\r\n\t\t\t\t\t\t\t  \t,\"location\":{\r\n\t\t\t\t\t\t\t\t\t\t\"@type\":\"Place\",\r\n\t\t\t\t\t\t\t\t\t\t\"name\":\"Visssual\",\r\n\t\t\t\t\t\t\t\t\t\t\"address\":{\r\n\t\t\t\t\t\t\t\t\t\t\t\"@type\": \"PostalAddress\"\r\n\t\t\t\t\t\t\t\t\t\t\t\"streetAddress\":\"Strada Fabricii, Bra\u0219ov\"\r\n\t\t\t\t\t\t\t\t\t\t}\r\n\t\t\t\t\t\t\t  \t\t}\r\n\t\t\t\t\t\t\t }<\/script><\/div>\r\n\t\t\t\t<p class=\"desc_trig_outter\"><a data-gmtrig=\"1\" data-exlk=\"0\" style=\"border-color: #ff1919;padding-top: 215px;height: 310px;\" id=\"evc_1571331600568\" class=\"desc_trig sin_val evcal_list_a\" data-ux_val=\"3\"  ><span class='evcal_cblock ' data-bgcolor='#ff1919' data-smon='octombrie' data-syr='2019'><span class='evo_start '><em class='date'>17<\/em><em class='month'>oct.<\/em><em class='time'>17:00<\/em><\/span><em class='clear'><\/em><\/span><span class='evcal_desc evo_info hide_eventtopdata ' data-latlng=\"45.6603836,25.5899581\"  data-location_address=\"Strada Fabricii, Bra\u0219ov\" data-location_type=\"lonlat\" data-location_name=\"Visssual\" data-location_url=\"http:\/\/draculafilm.ro\/2019\/event-location\/visssual\/\" data-location_status=\"true\" ><span class='evo_above_title'><\/span><span class='evcal_desc2 evcal_event_title' itemprop='name'>Dracula Digital: Workshop actorie<\/span><span class='evo_below_title'><span class='evcal_event_subtitle' >Dracula Digital<\/span><\/span><span class='evcal_desc_info' ><em class='evcal_time'>17:00<\/em> <em class=\"evcal_location\" data-latlng=\"45.6603836,25.5899581\"  data-add_str=\"\"><em class=\"event_location_name\">Visssual<\/em><\/em><\/span><span class='evcal_desc3'><\/span><\/span><em class='clear'><\/em><\/a><\/p><div class='event_description evcal_eventcard ' style=\"display:none\"><div class='evo_metarow_fimg evorow evcal_evdata_img  evo_imghover evo_imgCursor' data-imgheight='800' data-imgwidth='1200'  style='background-image: url(\"http:\/\/draculafilm.ro\/2019\/wp-content\/uploads\/2019\/10\/dracula-digital-dracula-film-festival-2019-01.jpg\")' data-imgstyle='minmized' data-minheight='450' data-status=''><\/div><div class='evo_metarow_details evorow evcal_evdata_row bordb evcal_event_details'>\r\n\t\t\t\t\t\t\t<div class=\"event_excerpt\" style=\"display:none\"><h3 class=\"padb5 evo_h3\">Detalii despre eveniment<\/h3><p>Prezint\u0103 Eugen Neagu &amp; \u0218tefan Iancu\r\n\r\nIntrarea gratuit\u0103<\/p><\/div><span class='evcal_evdata_icons'><i class='fa fa-align-justify'><\/i><\/span>\r\n\t\t\t\t\t\t\t\r\n\t\t\t\t\t\t\t<div class='evcal_evdata_cell '><div class='eventon_full_description'>\r\n\t\t\t\t\t\t\t\t\t<h3 class='padb5 evo_h3'><span class='evcal_evdata_icons'><i class='fa fa-align-justify'><\/i><\/span>Detalii despre eveniment<\/h3><div class='eventon_desc_in' itemprop='description'>\r\n\t\t\t\t\t\t\t\t\t<p>Prezint\u0103 Eugen Neagu &amp; \u0218tefan Iancu<\/p>\n<p>Intrarea gratuit\u0103<\/p>\n<\/div><div class='clear'><\/div>\r\n\t\t\t\t\t\t\t\t<\/div>\r\n\t\t\t\t\t\t\t<\/div>\r\n\t\t\t\t\t\t<\/div><div class='evo_metarow_time_location evorow bordb '>\r\n\t\t\t\t\t\t<div class='tb' >\r\n\t\t\t\t\t\t\t<div class='tbrow'>\r\n\t\t\t\t\t\t\t<div class='evcal_col50 bordr'>\r\n\t\t\t\t\t\t\t\t<div class='evcal_evdata_row evo_time'>\r\n\t\t\t\t\t\t\t\t\t<span class='evcal_evdata_icons'><i class='fa fa-clock-o'><\/i><\/span>\r\n\t\t\t\t\t\t\t\t\t<div class='evcal_evdata_cell'>\t\t\t\t\t\t\t\r\n\t\t\t\t\t\t\t\t\t\t<h3 class='evo_h3'><span class='evcal_evdata_icons'><i class='fa fa-clock-o'><\/i><\/span>Ora<\/h3>\r\n\t\t\t\t\t\t\t\t\t\t<p>(Joi) 17:00<\/p>\r\n\t\t\t\t\t\t\t\t\t<\/div>\r\n\t\t\t\t\t\t\t\t<\/div>\r\n\t\t\t\t\t\t\t<\/div><div class='evcal_col50'>\r\n\t\t\t\t\t\t\t\t<div class='evcal_evdata_row evo_location'>\r\n\t\t\t\t\t\t\t\t\t<span class='evcal_evdata_icons'><i class='fa fa-map-marker'><\/i><\/span>\r\n\t\t\t\t\t\t\t\t\t<div class='evcal_evdata_cell' data-loc_tax_id='31'>\t\t\t\t\t\t\t\r\n\t\t\t\t\t\t\t\t\t\t<h3 class='evo_h3'><span class='evcal_evdata_icons'><i class='fa fa-map-marker'><\/i><\/span>Loca\u021bia<\/h3><p class='evo_location_name'>Visssual<\/p><p class='evo_location_address'>Strada Fabricii, Bra\u0219ov<\/p>\r\n\t\t\t\t\t\t\t\t\t<\/div>\r\n\t\t\t\t\t\t\t\t<\/div>\r\n\t\t\t\t\t\t\t<\/div><div class='clear'><\/div>\r\n\t\t\t\t\t\t\t<\/div><\/div>\r\n\t\t\t\t\t\t<\/div><div class='evo_metarow_gmap evorow evcal_gmaps bordb ' id='evc157133160069e34d88012bf568_gmap' style='max-width:none'><\/div><div class='evo_card_row_end evcal_close' title='\u00cenchide'><\/div><\/div><div class='clear end'><\/div><\/div><div id=\"event_511\" class=\"eventon_list_event evo_eventtop past_event event hasbgimg event_511_0\" data-event_id=\"511\" data-ri=\"0r\" data-time=\"1571502600-1571529000\" data-colr=\"#ffff00\" itemscope itemtype='http:\/\/schema.org\/Event'><div class=\"evo_boxtop\" style=\"background-image: url(http:\/\/draculafilm.ro\/2019\/wp-content\/uploads\/2019\/10\/lamberto-bava-dracula-film-festival-2019-01.jpg); background-color:#ffff00;height:200px;\"><\/div><div class=\"evo_event_schema\" style=\"display:none\" ><a itemprop='url'  href='http:\/\/draculafilm.ro\/2019\/events\/masterclass-lamberto-bava\/var\/ri-0.l-L2'><\/a><span itemprop='name'  >MASTERCLASS LAMBERTO BAVA<\/span><meta itemprop='image' content=\"http:\/\/draculafilm.ro\/2019\/wp-content\/uploads\/2019\/10\/lamberto-bava-dracula-film-festival-2019-01.jpg\" \/><meta itemprop='description' content=\"Cineastul \u015fi produc\u0103torul Lamberto Bava - o legend\u0103 a cinematografiei Horror contemporane - este invitatul special al edi\u0163iei cu num\u0103rul VII al Festivalului de Film Dracula, \u015fi va fi prezent\" \/><meta itemprop='startDate' content=\"2019-10-19T16:30\" \/><meta itemprop='endDate' content=\"2019-10-19T23:50\" \/><meta itemprop='eventStatus' content=\"on-schedule\" \/><script type=\"application\/ld+json\">{\t\"@context\": \"http:\/\/schema.org\",\r\n\t\t\t\t\t\t\t  \t\"@type\": \"Event\",\r\n\t\t\t\t\t\t\t  \t\"name\": \"MASTERCLASS LAMBERTO BAVA\",\r\n\t\t\t\t\t\t\t  \t\"startDate\": \"2019-10-19T16-16-30-00\",\r\n\t\t\t\t\t\t\t  \t\"endDate\": \"2019-10-19T23-23-50-00\",\r\n\t\t\t\t\t\t\t  \t\"image\":\"http:\/\/draculafilm.ro\/2019\/wp-content\/uploads\/2019\/10\/lamberto-bava-dracula-film-festival-2019-01.jpg\",\r\n\t\t\t\t\t\t\t  \t\"description\":\"Cineastul \u015fi produc\u0103torul Lamberto Bava - o legend\u0103 a cinematografiei Horror contemporane - este invitatul special al edi\u0163iei cu num\u0103rul VII al Festivalului de Film Dracula, \u015fi va fi prezent\"\r\n\t\t\t\t\t\t\t  \t\r\n\t\t\t\t\t\t\t }<\/script><\/div>\r\n\t\t\t\t<p class=\"desc_trig_outter\"><a data-gmap_status=\"null\" data-exlk=\"0\" style=\"border-color: #ffff00;padding-top: 215px;height: 310px;\" id=\"evc_1571502600511\" class=\"desc_trig sin_val evcal_list_a\" data-ux_val=\"3\"  ><span class='evcal_cblock ' data-bgcolor='#ffff00' data-smon='octombrie' data-syr='2019'><span class='evo_start '><em class='date'>19<\/em><em class='month'>oct.<\/em><em class='time'>16:30<\/em><\/span><em class='clear'><\/em><\/span><span class='evcal_desc evo_info hide_eventtopdata '  data-location_status=\"false\" ><span class='evo_above_title'><\/span><span class='evcal_desc2 evcal_event_title' itemprop='name'>MASTERCLASS LAMBERTO BAVA<\/span><span class='evo_below_title'><span class='evcal_event_subtitle' >Focus LAMBERTO BAVA<\/span><\/span><span class='evcal_desc_info' ><em class='evcal_time'>16:30<\/em> <\/span><span class='evcal_desc3'><\/span><\/span><em class='clear'><\/em><\/a><\/p><div class='event_description evcal_eventcard ' style=\"display:none\"><div class='evo_metarow_fimg evorow evcal_evdata_img  evo_imghover evo_imgCursor' data-imgheight='800' data-imgwidth='1200'  style='background-image: url(\"http:\/\/draculafilm.ro\/2019\/wp-content\/uploads\/2019\/10\/lamberto-bava-dracula-film-festival-2019-01.jpg\")' data-imgstyle='minmized' data-minheight='450' data-status=''><\/div><div class='evo_metarow_details evorow evcal_evdata_row bordb evcal_event_details'>\r\n\t\t\t\t\t\t\t<div class=\"event_excerpt\" style=\"display:none\"><h3 class=\"padb5 evo_h3\">Detalii despre eveniment<\/h3><p>Cineastul \u015fi produc\u0103torul Lamberto Bava - o legend\u0103 a cinematografiei Horror contemporane - este invitatul special al edi\u0163iei cu num\u0103rul VII al Festivalului de Film Dracula, \u015fi va fi prezent<\/p><\/div><span class='evcal_evdata_icons'><i class='fa fa-align-justify'><\/i><\/span>\r\n\t\t\t\t\t\t\t\r\n\t\t\t\t\t\t\t<div class='evcal_evdata_cell shorter_desc'><div class='eventon_details_shading_bot'>\r\n\t\t\t\t\t\t\t\t<p class='eventon_shad_p' content='less'><span class='ev_more_text' data-txt='Mai pu\u021bin'>Mai mult<\/span><span class='ev_more_arrow'><\/span><\/p>\r\n\t\t\t\t\t\t\t<\/div><div class='eventon_full_description'>\r\n\t\t\t\t\t\t\t\t\t<h3 class='padb5 evo_h3'><span class='evcal_evdata_icons'><i class='fa fa-align-justify'><\/i><\/span>Detalii despre eveniment<\/h3><div class='eventon_desc_in' itemprop='description'>\r\n\t\t\t\t\t\t\t\t\t<p>Cineastul \u015fi produc\u0103torul Lamberto Bava &#8211; o legend\u0103 a cinematografiei Horror contemporane &#8211; este invitatul special al edi\u0163iei cu num\u0103rul VII al Festivalului de Film Dracula, \u015fi va fi prezent la Bra\u015fov pentru a primi trofeul onorific \u201cCount Dracula\u201d, acordat \u00een anii anteriori actorului Armand Assante \u015fi maestrului efectelor speciale Sergio Stivaletti.<\/p>\n<p>Realizatorul a debutat la 20 de ani ca asistent de regie al celebrului s\u0103u tat\u0103, Mario \u2018A Bay of Blood\u2019 Bava, pe platourile de la \u201cPlanet of the Vampires\u201d (1966), iar ca scenarist \u00een 1975 cu Thriller-ul lui Ruggero Deodato, \u201cWaves of Lust\u201d. Datorit\u0103 p\u0103rintelui Mario (prin colaborarea de la \u201cShock\u201d, din \u201977), a intrat \u00een cercul regizorilor specializa\u0163ti \u00een Horror-uri odat\u0103 cu \u201cMacabre\u201d din 1980, film realizat \u00een baza pove\u015ftii \u015fi scenariului lui Pupi Avati.<\/p>\n<p>De patru decenii, Lamberto Bava, care va sus\u0163ine la Bra\u015fov \u015fi un masterclass (samb\u0103t\u0103, 19 octombrie), reprezint\u0103 &#8211; prin filme ca \u201cD\u00e8moni\u201d (proiectat \u00een festival), \u201cLa maschera del demonio\u201d, \u201cBody Puzzle\u201d, sau mai recentul \u201cGhost Sun\u201d &#8211; o referin\u0163\u0103 esen\u0163ial\u0103 la care se raporteaz\u0103 mai tinerii realizatori de filme de gen \u00eentruc\u00e2t el se constituie \u00een puntea dintre genera\u0163ia Argento-Fulci-Bava Sr. \u015fi cea a milenialilor doritori s\u0103 continue tradi\u0163ia Euro-Horror-ului.<\/p>\n<p>Intrarea gratuit\u0103<\/p>\n<\/div><div class='clear'><\/div>\r\n\t\t\t\t\t\t\t\t<\/div>\r\n\t\t\t\t\t\t\t<\/div>\r\n\t\t\t\t\t\t<\/div><div class='evo_metarow_time evorow evcal_evdata_row bordb evcal_evrow_sm '>\r\n\t\t\t\t\t\t\t<span class='evcal_evdata_icons'><i class='fa fa-clock-o'><\/i><\/span>\r\n\t\t\t\t\t\t\t<div class='evcal_evdata_cell'>\t\t\t\t\t\t\t\r\n\t\t\t\t\t\t\t\t<h3 class='evo_h3'><span class='evcal_evdata_icons'><i class='fa fa-clock-o'><\/i><\/span>Ora<\/h3><p>(S\u00e2mb\u0103t\u0103) 16:30<\/p>\r\n\t\t\t\t\t\t\t<\/div>\r\n\t\t\t\t\t\t<\/div><div class='evo_card_row_end evcal_close' title='\u00cenchide'><\/div><\/div><div class='clear end'><\/div><\/div><\/div><div class='clear'><\/div><\/div><!-- ajde_evcal_calendar-->\n","protected":false},"excerpt":{"rendered":"Prezint\u0103 Eugen Neagu &amp; \u0218tefan Iancu Intrarea gratuit\u0103","protected":false},"author":3,"featured_media":0,"parent":0,"menu_order":0,"comment_status":"closed","ping_status":"closed","template":"page-sidebar.php","meta":[],"yoast_head":"<!-- This site is optimized with the Yoast SEO plugin v15.0 - https:\/\/yoast.com\/wordpress\/plugins\/seo\/ -->\n<title>Workshop-uri &amp; masterclass - Dracula Film Festival - 2019<\/title>\n<meta name=\"robots\" content=\"noindex, follow\" \/>\n<meta property=\"og:locale\" content=\"ro_RO\" \/>\n<meta property=\"og:type\" content=\"article\" \/>\n<meta property=\"og:title\" content=\"Workshop-uri &amp; masterclass - Dracula Film Festival - 2019\" \/>\n<meta property=\"og:url\" content=\"http:\/\/draculafilm.ro\/2019\/workshop-uri-masterclass\/\" \/>\n<meta property=\"og:site_name\" content=\"Dracula Film Festival - 2019\" \/>\n<meta property=\"article:modified_time\" content=\"2019-10-08T13:46:38+00:00\" \/>\n<meta name=\"twitter:card\" content=\"summary_large_image\" \/>\n<script type=\"application\/ld+json\" class=\"yoast-schema-graph\">{\"@context\":\"https:\/\/schema.org\",\"@graph\":[{\"@type\":\"WebSite\",\"@id\":\"http:\/\/draculafilm.ro\/2019\/#website\",\"url\":\"http:\/\/draculafilm.ro\/2019\/\",\"name\":\"Dracula Film Festival - 2019\",\"description\":\"Dracula Film Festival - Horror &amp; Fantasy Film Festival.\",\"potentialAction\":[{\"@type\":\"SearchAction\",\"target\":\"http:\/\/draculafilm.ro\/2019\/?s={search_term_string}\",\"query-input\":\"required name=search_term_string\"}],\"inLanguage\":\"ro-RO\"},{\"@type\":\"WebPage\",\"@id\":\"http:\/\/draculafilm.ro\/2019\/workshop-uri-masterclass\/#webpage\",\"url\":\"http:\/\/draculafilm.ro\/2019\/workshop-uri-masterclass\/\",\"name\":\"Workshop-uri & masterclass - Dracula Film Festival - 2019\",\"isPartOf\":{\"@id\":\"http:\/\/draculafilm.ro\/2019\/#website\"},\"datePublished\":\"2019-10-08T13:45:50+00:00\",\"dateModified\":\"2019-10-08T13:46:38+00:00\",\"inLanguage\":\"ro-RO\",\"potentialAction\":[{\"@type\":\"ReadAction\",\"target\":[\"http:\/\/draculafilm.ro\/2019\/workshop-uri-masterclass\/\"]}]}]}<\/script>\n<!-- \/ Yoast SEO plugin. -->","_links":{"self":[{"href":"http:\/\/draculafilm.ro\/2019\/wp-json\/wp\/v2\/pages\/966"}],"collection":[{"href":"http:\/\/draculafilm.ro\/2019\/wp-json\/wp\/v2\/pages"}],"about":[{"href":"http:\/\/draculafilm.ro\/2019\/wp-json\/wp\/v2\/types\/page"}],"author":[{"embeddable":true,"href":"http:\/\/draculafilm.ro\/2019\/wp-json\/wp\/v2\/users\/3"}],"replies":[{"embeddable":true,"href":"http:\/\/draculafilm.ro\/2019\/wp-json\/wp\/v2\/comments?post=966"}],"version-history":[{"count":2,"href":"http:\/\/draculafilm.ro\/2019\/wp-json\/wp\/v2\/pages\/966\/revisions"}],"predecessor-version":[{"id":968,"href":"http:\/\/draculafilm.ro\/2019\/wp-json\/wp\/v2\/pages\/966\/revisions\/968"}],"wp:attachment":[{"href":"http:\/\/draculafilm.ro\/2019\/wp-json\/wp\/v2\/media?parent=966"}],"curies":[{"name":"wp","href":"https:\/\/api.w.org\/{rel}","templated":true}]}}