{"id":1661,"date":"2021-10-11T11:02:12","date_gmt":"2021-10-11T08:02:12","guid":{"rendered":"https:\/\/draculafilm.ro\/?page_id=1661"},"modified":"2021-10-11T11:08:31","modified_gmt":"2021-10-11T08:08:31","slug":"intalnirile-pop-culture-cinema","status":"publish","type":"page","link":"https:\/\/draculafilm.ro\/2021\/intalnirile-pop-culture-cinema\/","title":{"rendered":"\u00cent\u00e2lnirile Pop Culture: Cinema"},"content":{"rendered":"[vc_row type=&#8221;in_container&#8221; full_screen_row_position=&#8221;middle&#8221; column_margin=&#8221;default&#8221; column_direction=&#8221;default&#8221; column_direction_tablet=&#8221;default&#8221; column_direction_phone=&#8221;default&#8221; scene_position=&#8221;center&#8221; text_color=&#8221;dark&#8221; text_align=&#8221;left&#8221; row_border_radius=&#8221;none&#8221; row_border_radius_applies=&#8221;bg&#8221; overlay_strength=&#8221;0.3&#8243; gradient_direction=&#8221;left_to_right&#8221; shape_divider_position=&#8221;bottom&#8221; bg_image_animation=&#8221;none&#8221;][vc_column column_padding=&#8221;no-extra-padding&#8221; column_padding_tablet=&#8221;inherit&#8221; column_padding_phone=&#8221;inherit&#8221; column_padding_position=&#8221;all&#8221; column_element_spacing=&#8221;default&#8221; background_color_opacity=&#8221;1&#8243; background_hover_color_opacity=&#8221;1&#8243; column_shadow=&#8221;none&#8221; column_border_radius=&#8221;none&#8221; column_link_target=&#8221;_self&#8221; gradient_direction=&#8221;left_to_right&#8221; overlay_strength=&#8221;0.3&#8243; width=&#8221;1\/1&#8243; tablet_width_inherit=&#8221;default&#8221; tablet_text_alignment=&#8221;default&#8221; phone_text_alignment=&#8221;default&#8221; bg_image_animation=&#8221;none&#8221; border_type=&#8221;simple&#8221; column_border_width=&#8221;none&#8221; column_border_style=&#8221;solid&#8221;][image_with_animation image_url=&#8221;1665&#8243; animation=&#8221;None&#8221; hover_animation=&#8221;none&#8221; alignment=&#8221;center&#8221; img_link_large=&#8221;yes&#8221; border_radius=&#8221;none&#8221; box_shadow=&#8221;none&#8221; image_loading=&#8221;default&#8221; max_width=&#8221;100%&#8221; max_width_mobile=&#8221;default&#8221;][\/vc_column][\/vc_row][vc_row type=&#8221;in_container&#8221; full_screen_row_position=&#8221;middle&#8221; column_margin=&#8221;default&#8221; column_direction=&#8221;default&#8221; column_direction_tablet=&#8221;default&#8221; column_direction_phone=&#8221;default&#8221; scene_position=&#8221;center&#8221; text_color=&#8221;dark&#8221; text_align=&#8221;left&#8221; row_border_radius=&#8221;none&#8221; row_border_radius_applies=&#8221;bg&#8221; overlay_strength=&#8221;0.3&#8243; gradient_direction=&#8221;left_to_right&#8221; shape_divider_position=&#8221;bottom&#8221; bg_image_animation=&#8221;none&#8221;][vc_column column_padding=&#8221;no-extra-padding&#8221; column_padding_tablet=&#8221;inherit&#8221; column_padding_phone=&#8221;inherit&#8221; column_padding_position=&#8221;all&#8221; column_element_spacing=&#8221;default&#8221; background_color_opacity=&#8221;1&#8243; background_hover_color_opacity=&#8221;1&#8243; column_shadow=&#8221;none&#8221; column_border_radius=&#8221;none&#8221; column_link_target=&#8221;_self&#8221; gradient_direction=&#8221;left_to_right&#8221; overlay_strength=&#8221;0.3&#8243; width=&#8221;1\/1&#8243; tablet_width_inherit=&#8221;default&#8221; tablet_text_alignment=&#8221;default&#8221; phone_text_alignment=&#8221;default&#8221; bg_image_animation=&#8221;none&#8221; border_type=&#8221;simple&#8221; column_border_width=&#8221;none&#8221; column_border_style=&#8221;solid&#8221;][vc_column_text]\n<div class=\"kvgmc6g5 cxmmr5t8 oygrvhab hcukyx3x c1et5uql\">Seria \u00cent\u00e2lnirilor Pop Culture continu\u0103 cu un eveniment dedicat industriei de cinema.<br \/>\n&#8222;Perspective feminine asupra industriei cinematografice&#8221; este tema evenimentului ce va avea loc \u00een cadrul Dracula Film Festival, duminic\u0103, 17 octombrie, de la ora 19.00 la Cinema Astra din Bra\u0219ov.<\/div>\n<div class=\"o9v6fnle cxmmr5t8 oygrvhab hcukyx3x c1et5uql\">Invita\u021bi:<br \/>\n&#8211; OANA STOENESCU, Managing Director RO IMAGE 2000;<br \/>\n&#8211; IOANA IONESCU, Marketing Manager CINEMA CITY Rom\u00e2nia;<br \/>\n&#8211; ANDREEA ZIDARU, Director General FORUM FILM Rom\u00e2nia;<br \/>\n&#8211; MAD\u0102LINA PAN\u021aUCU, Marketing &amp; PR\u00a0Manager CINEPLEXX Rom\u00e2nia;<br \/>\n&#8211; MONICA FELEA, Co-owner BAD UNICORN;<br \/>\n&#8211; ILEANA CECANU, Distribuitor &amp; PR\u00a0FREEALIZE;<br \/>\n&#8211; ANAMARIA ANTOCI, Produc\u0103tor,\u00a0TANGAJ PRODUCTION.<\/div>\n<div class=\"o9v6fnle cxmmr5t8 oygrvhab hcukyx3x c1et5uql\">Evenimentul este moderat de IRINA MARGARETA NISTOR \u0219i va fi transmis live pe pagina\u00a0<a class=\"oajrlxb2 g5ia77u1 qu0x051f esr5mh6w e9989ue4 r7d6kgcz rq0escxv nhd2j8a9 nc684nl6 p7hjln8o kvgmc6g5 cxmmr5t8 oygrvhab hcukyx3x jb3vyjys rz4wbd8a qt6c0cv9 a8nywdso i1ao9s8h esuyzwwr f1sip0of lzcic4wl oo9gr5id gpro0wi8 lrazzd5p\" tabindex=\"0\" role=\"link\" href=\"https:\/\/www.facebook.com\/DraculaFilmFestival\/?__cft__[0]=AZXM0lmWnoQp9qoaZI8xA6c0dSuCCmLLkXsXYRpFmuwpWUvJae1ZolNVpidLBivvKKxWD2H8cjh1yheDTmGH9A0BG75Vi5HhTA0Jd-1ySMitzz7yzwoF_6-cBzZy28jYxNfU9LraAvPAhUG2ZWhHakv00uCC0K5KvRBfsR-Kf3NB3A&amp;__tn__=q\"><span class=\"nc684nl6\">www.facebook.com\/DraculaFilmFestival<\/span><\/a><\/div>\n[\/vc_column_text][\/vc_column][\/vc_row]\n","protected":false},"excerpt":{"rendered":"<p>[vc_row type=&#8221;in_container&#8221; full_screen_row_position=&#8221;middle&#8221; column_margin=&#8221;default&#8221; column_direction=&#8221;default&#8221; column_direction_tablet=&#8221;default&#8221; column_direction_phone=&#8221;default&#8221; scene_position=&#8221;center&#8221; text_color=&#8221;dark&#8221; text_align=&#8221;left&#8221; row_border_radius=&#8221;none&#8221; row_border_radius_applies=&#8221;bg&#8221; overlay_strength=&#8221;0.3&#8243; gradient_direction=&#8221;left_to_right&#8221; shape_divider_position=&#8221;bottom&#8221; bg_image_animation=&#8221;none&#8221;][vc_column column_padding=&#8221;no-extra-padding&#8221; column_padding_tablet=&#8221;inherit&#8221; column_padding_phone=&#8221;inherit&#8221; column_padding_position=&#8221;all&#8221; column_element_spacing=&#8221;default&#8221; background_color_opacity=&#8221;1&#8243; background_hover_color_opacity=&#8221;1&#8243; column_shadow=&#8221;none&#8221; column_border_radius=&#8221;none&#8221; column_link_target=&#8221;_self&#8221; gradient_direction=&#8221;left_to_right&#8221; overlay_strength=&#8221;0.3&#8243; width=&#8221;1\/1&#8243; tablet_width_inherit=&#8221;default&#8221; tablet_text_alignment=&#8221;default&#8221; phone_text_alignment=&#8221;default&#8221; bg_image_animation=&#8221;none&#8221; border_type=&#8221;simple&#8221; column_border_width=&#8221;none&#8221; column_border_style=&#8221;solid&#8221;][image_with_animation image_url=&#8221;1665&#8243; animation=&#8221;None&#8221; hover_animation=&#8221;none&#8221; alignment=&#8221;center&#8221; img_link_large=&#8221;yes&#8221; border_radius=&#8221;none&#8221; box_shadow=&#8221;none&#8221; image_loading=&#8221;default&#8221; max_width=&#8221;100%&#8221; max_width_mobile=&#8221;default&#8221;][\/vc_column][\/vc_row][vc_row type=&#8221;in_container&#8221; full_screen_row_position=&#8221;middle&#8221; column_margin=&#8221;default&#8221; column_direction=&#8221;default&#8221;&#8230;<\/p>\n","protected":false},"author":1,"featured_media":0,"parent":0,"menu_order":0,"comment_status":"closed","ping_status":"closed","template":"page-sidebar.php","meta":[],"yoast_head":"<!-- This site is optimized with the Yoast SEO plugin v19.4 - https:\/\/yoast.com\/wordpress\/plugins\/seo\/ -->\n<title>\u00cent\u00e2lnirile Pop Culture: Cinema - Dracula Film Festival - 2021<\/title>\n<meta name=\"robots\" content=\"index, follow, max-snippet:-1, max-image-preview:large, max-video-preview:-1\" \/>\n<link rel=\"canonical\" href=\"https:\/\/draculafilm.ro\/2021\/intalnirile-pop-culture-cinema\/\" \/>\n<meta property=\"og:locale\" content=\"ro_RO\" \/>\n<meta property=\"og:type\" content=\"article\" \/>\n<meta property=\"og:title\" content=\"\u00cent\u00e2lnirile Pop Culture: Cinema - Dracula Film Festival - 2021\" \/>\n<meta property=\"og:description\" content=\"[vc_row type=&#8221;in_container&#8221; full_screen_row_position=&#8221;middle&#8221; column_margin=&#8221;default&#8221; column_direction=&#8221;default&#8221; column_direction_tablet=&#8221;default&#8221; column_direction_phone=&#8221;default&#8221; scene_position=&#8221;center&#8221; text_color=&#8221;dark&#8221; text_align=&#8221;left&#8221; row_border_radius=&#8221;none&#8221; row_border_radius_applies=&#8221;bg&#8221; overlay_strength=&#8221;0.3&#8243; gradient_direction=&#8221;left_to_right&#8221; shape_divider_position=&#8221;bottom&#8221; bg_image_animation=&#8221;none&#8221;][vc_column column_padding=&#8221;no-extra-padding&#8221; column_padding_tablet=&#8221;inherit&#8221; column_padding_phone=&#8221;inherit&#8221; column_padding_position=&#8221;all&#8221; column_element_spacing=&#8221;default&#8221; background_color_opacity=&#8221;1&#8243; background_hover_color_opacity=&#8221;1&#8243; column_shadow=&#8221;none&#8221; column_border_radius=&#8221;none&#8221; column_link_target=&#8221;_self&#8221; gradient_direction=&#8221;left_to_right&#8221; overlay_strength=&#8221;0.3&#8243; width=&#8221;1\/1&#8243; tablet_width_inherit=&#8221;default&#8221; tablet_text_alignment=&#8221;default&#8221; phone_text_alignment=&#8221;default&#8221; bg_image_animation=&#8221;none&#8221; border_type=&#8221;simple&#8221; column_border_width=&#8221;none&#8221; column_border_style=&#8221;solid&#8221;][image_with_animation image_url=&#8221;1665&#8243; animation=&#8221;None&#8221; hover_animation=&#8221;none&#8221; alignment=&#8221;center&#8221; img_link_large=&#8221;yes&#8221; border_radius=&#8221;none&#8221; box_shadow=&#8221;none&#8221; image_loading=&#8221;default&#8221; max_width=&#8221;100%&#8221; max_width_mobile=&#8221;default&#8221;][\/vc_column][\/vc_row][vc_row type=&#8221;in_container&#8221; full_screen_row_position=&#8221;middle&#8221; column_margin=&#8221;default&#8221; column_direction=&#8221;default&#8221;...\" \/>\n<meta property=\"og:url\" content=\"https:\/\/draculafilm.ro\/2021\/intalnirile-pop-culture-cinema\/\" \/>\n<meta property=\"og:site_name\" content=\"Dracula Film Festival - 2021\" \/>\n<meta property=\"article:modified_time\" content=\"2021-10-11T08:08:31+00:00\" \/>\n<meta property=\"og:image\" content=\"https:\/\/draculafilm.ro\/2021\/wp-content\/uploads\/2021\/06\/fb-draculafilm-ro-2021-01.png\" \/>\n\t<meta property=\"og:image:width\" content=\"1200\" \/>\n\t<meta property=\"og:image:height\" content=\"630\" \/>\n\t<meta property=\"og:image:type\" content=\"image\/png\" \/>\n<meta name=\"twitter:card\" content=\"summary_large_image\" \/>\n<meta name=\"twitter:label1\" content=\"Timp estimat pentru citire\" \/>\n\t<meta name=\"twitter:data1\" content=\"1 minut\" \/>\n<script type=\"application\/ld+json\" class=\"yoast-schema-graph\">{\"@context\":\"https:\/\/schema.org\",\"@graph\":[{\"@type\":\"WebSite\",\"@id\":\"https:\/\/draculafilm.ro\/2021\/#website\",\"url\":\"https:\/\/draculafilm.ro\/2021\/\",\"name\":\"Dracula Film Festival - 2021\",\"description\":\"Dracula Film Festival - Horror &amp; Fantasy Film Festival.\",\"potentialAction\":[{\"@type\":\"SearchAction\",\"target\":{\"@type\":\"EntryPoint\",\"urlTemplate\":\"https:\/\/draculafilm.ro\/2021\/?s={search_term_string}\"},\"query-input\":\"required name=search_term_string\"}],\"inLanguage\":\"ro-RO\"},{\"@type\":\"WebPage\",\"@id\":\"https:\/\/draculafilm.ro\/2021\/intalnirile-pop-culture-cinema\/\",\"url\":\"https:\/\/draculafilm.ro\/2021\/intalnirile-pop-culture-cinema\/\",\"name\":\"\u00cent\u00e2lnirile Pop Culture: Cinema - Dracula Film Festival - 2021\",\"isPartOf\":{\"@id\":\"https:\/\/draculafilm.ro\/2021\/#website\"},\"datePublished\":\"2021-10-11T08:02:12+00:00\",\"dateModified\":\"2021-10-11T08:08:31+00:00\",\"breadcrumb\":{\"@id\":\"https:\/\/draculafilm.ro\/2021\/intalnirile-pop-culture-cinema\/#breadcrumb\"},\"inLanguage\":\"ro-RO\",\"potentialAction\":[{\"@type\":\"ReadAction\",\"target\":[\"https:\/\/draculafilm.ro\/2021\/intalnirile-pop-culture-cinema\/\"]}]},{\"@type\":\"BreadcrumbList\",\"@id\":\"https:\/\/draculafilm.ro\/2021\/intalnirile-pop-culture-cinema\/#breadcrumb\",\"itemListElement\":[{\"@type\":\"ListItem\",\"position\":1,\"name\":\"Home\",\"item\":\"https:\/\/draculafilm.ro\/2021\/\"},{\"@type\":\"ListItem\",\"position\":2,\"name\":\"\u00cent\u00e2lnirile Pop Culture: Cinema\"}]}]}<\/script>\n<!-- \/ Yoast SEO plugin. -->","yoast_head_json":{"title":"\u00cent\u00e2lnirile Pop Culture: Cinema - Dracula Film Festival - 2021","robots":{"index":"index","follow":"follow","max-snippet":"max-snippet:-1","max-image-preview":"max-image-preview:large","max-video-preview":"max-video-preview:-1"},"canonical":"https:\/\/draculafilm.ro\/2021\/intalnirile-pop-culture-cinema\/","og_locale":"ro_RO","og_type":"article","og_title":"\u00cent\u00e2lnirile Pop Culture: Cinema - Dracula Film Festival - 2021","og_description":"[vc_row type=&#8221;in_container&#8221; full_screen_row_position=&#8221;middle&#8221; column_margin=&#8221;default&#8221; column_direction=&#8221;default&#8221; column_direction_tablet=&#8221;default&#8221; column_direction_phone=&#8221;default&#8221; scene_position=&#8221;center&#8221; text_color=&#8221;dark&#8221; text_align=&#8221;left&#8221; row_border_radius=&#8221;none&#8221; row_border_radius_applies=&#8221;bg&#8221; overlay_strength=&#8221;0.3&#8243; gradient_direction=&#8221;left_to_right&#8221; shape_divider_position=&#8221;bottom&#8221; bg_image_animation=&#8221;none&#8221;][vc_column column_padding=&#8221;no-extra-padding&#8221; column_padding_tablet=&#8221;inherit&#8221; column_padding_phone=&#8221;inherit&#8221; column_padding_position=&#8221;all&#8221; column_element_spacing=&#8221;default&#8221; background_color_opacity=&#8221;1&#8243; background_hover_color_opacity=&#8221;1&#8243; column_shadow=&#8221;none&#8221; column_border_radius=&#8221;none&#8221; column_link_target=&#8221;_self&#8221; gradient_direction=&#8221;left_to_right&#8221; overlay_strength=&#8221;0.3&#8243; width=&#8221;1\/1&#8243; tablet_width_inherit=&#8221;default&#8221; tablet_text_alignment=&#8221;default&#8221; phone_text_alignment=&#8221;default&#8221; bg_image_animation=&#8221;none&#8221; border_type=&#8221;simple&#8221; column_border_width=&#8221;none&#8221; column_border_style=&#8221;solid&#8221;][image_with_animation image_url=&#8221;1665&#8243; animation=&#8221;None&#8221; hover_animation=&#8221;none&#8221; alignment=&#8221;center&#8221; img_link_large=&#8221;yes&#8221; border_radius=&#8221;none&#8221; box_shadow=&#8221;none&#8221; image_loading=&#8221;default&#8221; max_width=&#8221;100%&#8221; max_width_mobile=&#8221;default&#8221;][\/vc_column][\/vc_row][vc_row type=&#8221;in_container&#8221; full_screen_row_position=&#8221;middle&#8221; column_margin=&#8221;default&#8221; column_direction=&#8221;default&#8221;...","og_url":"https:\/\/draculafilm.ro\/2021\/intalnirile-pop-culture-cinema\/","og_site_name":"Dracula Film Festival - 2021","article_modified_time":"2021-10-11T08:08:31+00:00","og_image":[{"width":1200,"height":630,"url":"https:\/\/draculafilm.ro\/2021\/wp-content\/uploads\/2021\/06\/fb-draculafilm-ro-2021-01.png","type":"image\/png"}],"twitter_card":"summary_large_image","twitter_misc":{"Timp estimat pentru citire":"1 minut"},"schema":{"@context":"https:\/\/schema.org","@graph":[{"@type":"WebSite","@id":"https:\/\/draculafilm.ro\/2021\/#website","url":"https:\/\/draculafilm.ro\/2021\/","name":"Dracula Film Festival - 2021","description":"Dracula Film Festival - Horror &amp; Fantasy Film Festival.","potentialAction":[{"@type":"SearchAction","target":{"@type":"EntryPoint","urlTemplate":"https:\/\/draculafilm.ro\/2021\/?s={search_term_string}"},"query-input":"required name=search_term_string"}],"inLanguage":"ro-RO"},{"@type":"WebPage","@id":"https:\/\/draculafilm.ro\/2021\/intalnirile-pop-culture-cinema\/","url":"https:\/\/draculafilm.ro\/2021\/intalnirile-pop-culture-cinema\/","name":"\u00cent\u00e2lnirile Pop Culture: Cinema - Dracula Film Festival - 2021","isPartOf":{"@id":"https:\/\/draculafilm.ro\/2021\/#website"},"datePublished":"2021-10-11T08:02:12+00:00","dateModified":"2021-10-11T08:08:31+00:00","breadcrumb":{"@id":"https:\/\/draculafilm.ro\/2021\/intalnirile-pop-culture-cinema\/#breadcrumb"},"inLanguage":"ro-RO","potentialAction":[{"@type":"ReadAction","target":["https:\/\/draculafilm.ro\/2021\/intalnirile-pop-culture-cinema\/"]}]},{"@type":"BreadcrumbList","@id":"https:\/\/draculafilm.ro\/2021\/intalnirile-pop-culture-cinema\/#breadcrumb","itemListElement":[{"@type":"ListItem","position":1,"name":"Home","item":"https:\/\/draculafilm.ro\/2021\/"},{"@type":"ListItem","position":2,"name":"\u00cent\u00e2lnirile Pop Culture: Cinema"}]}]}},"_links":{"self":[{"href":"https:\/\/draculafilm.ro\/2021\/wp-json\/wp\/v2\/pages\/1661"}],"collection":[{"href":"https:\/\/draculafilm.ro\/2021\/wp-json\/wp\/v2\/pages"}],"about":[{"href":"https:\/\/draculafilm.ro\/2021\/wp-json\/wp\/v2\/types\/page"}],"author":[{"embeddable":true,"href":"https:\/\/draculafilm.ro\/2021\/wp-json\/wp\/v2\/users\/1"}],"replies":[{"embeddable":true,"href":"https:\/\/draculafilm.ro\/2021\/wp-json\/wp\/v2\/comments?post=1661"}],"version-history":[{"count":5,"href":"https:\/\/draculafilm.ro\/2021\/wp-json\/wp\/v2\/pages\/1661\/revisions"}],"predecessor-version":[{"id":1667,"href":"https:\/\/draculafilm.ro\/2021\/wp-json\/wp\/v2\/pages\/1661\/revisions\/1667"}],"wp:attachment":[{"href":"https:\/\/draculafilm.ro\/2021\/wp-json\/wp\/v2\/media?parent=1661"}],"curies":[{"name":"wp","href":"https:\/\/api.w.org\/{rel}","templated":true}]}}