{"id":3,"date":"2020-07-01T12:31:57","date_gmt":"2020-07-01T12:31:57","guid":{"rendered":"http:\/\/draculafilm.ro\/?page_id=3"},"modified":"2021-06-15T16:55:23","modified_gmt":"2021-06-15T13:55:23","slug":"politica-de-confidentialitate","status":"publish","type":"page","link":"https:\/\/draculafilm.ro\/2023\/politica-de-confidentialitate\/","title":{"rendered":"Politica de confiden\u0163ialitate"},"content":{"rendered":"[vc_row type=&#8221;in_container&#8221; full_screen_row_position=&#8221;middle&#8221; column_margin=&#8221;default&#8221; column_direction=&#8221;default&#8221; column_direction_tablet=&#8221;default&#8221; column_direction_phone=&#8221;default&#8221; scene_position=&#8221;center&#8221; text_color=&#8221;dark&#8221; text_align=&#8221;left&#8221; row_border_radius=&#8221;none&#8221; row_border_radius_applies=&#8221;bg&#8221; overlay_strength=&#8221;0.3&#8243; gradient_direction=&#8221;left_to_right&#8221; shape_divider_position=&#8221;bottom&#8221; bg_image_animation=&#8221;none&#8221;][vc_column column_padding=&#8221;no-extra-padding&#8221; column_padding_tablet=&#8221;inherit&#8221; column_padding_phone=&#8221;inherit&#8221; column_padding_position=&#8221;all&#8221; background_color_opacity=&#8221;1&#8243; background_hover_color_opacity=&#8221;1&#8243; column_shadow=&#8221;none&#8221; column_border_radius=&#8221;none&#8221; column_link_target=&#8221;_self&#8221; gradient_direction=&#8221;left_to_right&#8221; overlay_strength=&#8221;0.3&#8243; width=&#8221;1\/1&#8243; tablet_width_inherit=&#8221;default&#8221; tablet_text_alignment=&#8221;default&#8221; phone_text_alignment=&#8221;default&#8221; column_border_width=&#8221;none&#8221; column_border_style=&#8221;solid&#8221; bg_image_animation=&#8221;none&#8221;][vc_column_text]\n<h3>Politica de confiden\u0163ialitate \u015fi cookie-uri pe www.draculafilm.ro<\/h3>\n<h3>Ce sunt cookie-urile?<\/h3>\n<p>Cookie-urile sunt fi\u015fiere text de mici dimensiuni pe care un site web le stocheaz\u0103 \u00een computerul sau dispozitivul dumneavoastr\u0103 mobil atunci c\u00e2nd \u00eel accesa\u0163i.<\/p>\n<h3>Cum folosim cookie-urile?<\/h3>\n<p>Cookie-urile sunt folosite pentru a \u00eenregistra informa\u0163ii referitoare la modul \u00een care folosi\u0163i site-ul nostru web, de exemplu c\u00e2nd a\u0163i vizitat ultima dat\u0103 www.draculafilm.ro \u015fi ce fel de informa\u0163ii a\u0163i c\u0103utat aici. Fi\u015fierul text nu poate fi citit dec\u00e2t de acest site web, astfel c\u0103 nimeni altcineva nu are acces la aceste informa\u0163ii.<\/p>\n<p>Unele dintre pagini folosesc cookie-urile pentru a \u00eenregistra:<\/p>\n<ul>\n<li>set\u0103rile ecranului, precum cele legate de culoare, contrast \u015fi m\u0103rimea textului<\/li>\n<li>dac\u0103 a\u0163i fost deja de acord (sau nu) cu utilizarea cookie-urilor pe acest site<\/li>\n<li>preferin\u0163ele legate de limb\u0103<\/li>\n<li>orice informa\u0163ii introduse (mai pu\u0163in elementele confiden\u0163iale). Astfel, nu este necesar s\u0103 le introduce\u0163i de fiecare dat\u0103 c\u00e2nd accesa\u0163i site-ul.<\/li>\n<\/ul>\n<p>Nu este necesar\u0103 activarea cookie-urilor pentru ca acest site s\u0103 func\u0163ioneze, dar ele asigur\u0103 o calitate mai bun\u0103 a navig\u0103rii. Aceste cookie-uri pot fi \u015fterse sau blocate, dar \u00een acest caz unele elemente ale site-ului ar putea func\u0163iona incorect.<\/p>\n<p>Informa\u0163iile legate de cookie-uri nu sunt utilizate pentru identificare, iar datele legate de activitatea dumneavoastr\u0103 sunt protejate de noi \u015fi nu sunt divulgate altor entit\u0103\u0163i.<\/p>\n<p>Acest site web folose\u015fte Google Analytics, un serviciu de analiz\u0103 web furnizat de Google, Inc. (Google). Informa\u0163iile generate de acest cookie la accesarea acestui site (inclusiv adresa dumneavoastr\u0103 IP) vor fi transmise serverelor Google \u015fi vor fi stocate acolo. Google va folosi aceste informa\u0163ii pentru a evalua utilizarea domeniului, va genera rapoarte de activitate pentru administratori \u015fi va furniza alte servicii legate de activitatea site-ului \u015fi utilizarea Internetului. Google poate transmite aceste informa\u0163ii altor entit\u0103\u0163i c\u00e2nd acest lucru este impus prin lege sau c\u00e2nd aceste entit\u0103\u0163i proceseaz\u0103 datele \u00een numele Google. Google nu va lega niciodat\u0103 adresa dumneavoastr\u0103 IP de alte date stocate de Google. Prin utilizarea acestui site, oferi\u0163i permisiunea Google s\u0103 proceseze informa\u0163ii legate de dumneavoastr\u0103 \u00een limitele \u015fi scopurile prezentate mai sus.<\/p>\n<p>Pentru mai multe informa\u0163ii despre cookie-urile Google Analytics cookies, ap\u0103sa\u0163i <a href=\"https:\/\/developers.google.com\/analytics\/devguides\/collection\/analyticsjs\/cookie-usage\" target=\"_blank\" rel=\"noopener noreferrer\">aici<\/a>.<\/p>\n<h3>Cum pot controla cookie-urile \u015fi \u00eempiedica primirea lor?<\/h3>\n<p>Pute\u0163i controla \u015fi \u015fterge cookie-uri, \u00een func\u0163ie de preferin\u0163e. Pentru mai multe informa\u0163ii despre cum poate fi dezactivat\u0103 stocarea cookie-urilor \u015fi despre schimbarea set\u0103rilor pentru navigatorul web, vizita\u0163i <a href=\"http:\/\/www.aboutcookies.org\" target=\"_blank\" rel=\"noopener noreferrer\">www.aboutcookies.org<\/a>. Pute\u0163i \u015fterge toate cookie-urile stocate \u00een computer. \u00cen plus, cele mai multe navigatoare web pot fi configurate pentru a bloca cookie-urile. \u00cen acest caz \u00eens\u0103, ve\u0163i fi nevoi\u0163i s\u0103 ajusta\u0163i manual c\u00e2teva set\u0103ri de fiecare dat\u0103 c\u00e2nd accesa\u0163i site-ul web, iar unele servicii \u015fi func\u0163ii ar putea func\u0163iona incorect.<\/p>\n<h3>Colectarea datelor personale<\/h3>\n<p>Colect\u0103m numai date sau informa\u0163ii personale de identificare furnizate \u00een mod expres \u015fi voluntar de vizitatorii site-ului nostru. Primim informa\u0163ii limitate despre vizitatorii site-ului nostru, precum numele, adresa email. \u00cen general, colect\u0103m informa\u0163ii de identificare cu urm\u0103toarele scopuri:<\/p>\n<ul>\n<li>primirea de informa\u0163ii \u015fi \u00eentreb\u0103ri;<\/li>\n<li>informare cu privire la v\u00e2nzarea biletelor, servicii \u015fi oferte.<\/li>\n<li>Vizitatorii site-ului ne pot trimite un email folosind site-ul web. Mesajele vor include numele \u015fi adresa de email ale utilizatorului, precum \u015fi orice alte informa\u0163ii suplimentare pe care acesta dore\u015fte s\u0103 le includ\u0103.<\/li>\n<\/ul>\n<h3>Stocarea datelor<\/h3>\n<p>Datele personale pe care ni le ve\u0163i transmite vor fi p\u0103strate numai at\u00e2t c\u00e2t este necesar pentru \u00eendeplinirea scopului \u00een care au fost colectate, sau \u00een conformitate cu prevederile legale.<\/p>\n<p>De exemplu, informa\u0163iile de contact ale vizitatorilor (precum cele ob\u0163inute la trimiterea unei \u00eentreb\u0103ri prin intermediul formularului de contact) vor fi p\u0103strate c\u00e2t timp este necesar pentru a \u00eendeplini cererea, sau p\u00e2n\u0103 c\u00e2nd utilizatorul solicit\u0103 \u015ftergerea acestora.<\/p>\n<h3>Site-uri web partenere<\/h3>\n<p>Site-ul nostru poate con\u0163ine leg\u0103turi c\u0103tre alte site-uri. Asocia\u021bia Cultural\u0103 Fanzin nu r\u0103spunde de con\u0163inutul \u015fi securitatea acestora.<\/p>\n<p>Asocia\u021bia Cultural\u0103 Fanzin garanteaz\u0103 securitatea \u015fi confiden\u0163ialitatea tuturor datelor \u015fi informa\u0163iilor personale. Aceast\u0103 garan\u0163ie nu se aplic\u0103 \u00eens\u0103 altor site-uri web.<\/p>\n<h3>Procesarea datelor personale<\/h3>\n<p>Asocia\u021bia Cultural\u0103 Fanzin (o organiza\u021bie non-profit (ONG), ce are ca principal obiect de activitate organizarea de evenimente culturale. Scopul declarat al Asocia\u021biei Culturale Fanzin este de a crea evenimente culturale unice, de calitate, care s\u0103 corespund\u0103 cerin\u021belor publicului bra\u0219ovean. Asocia\u021bia Cultural\u0103 Fanzin, CIF 32344452, Adresa: Str. Octavian Goga, nr. 9, Bra\u0219ov, jude\u021bul Bra\u0219ov) este procesatorul tuturor datelor personale colectate prin intermediul acestui site web; acestea vor fi procesate \u00een conformitate cu Legea de Protec\u0163ie a Datelor Persoanelor din Rom\u00e2nia \u015fi cu respectarea reglement\u0103rilor UE.<\/p>\n<p>Prin folosirea acestui site web, v\u0103 manifesta\u0163i acordul ca noi s\u0103 proces\u0103m informa\u0163iile conform procedurii \u015fi \u00een scopurile enumerate mai sus.[\/vc_column_text][\/vc_column][\/vc_row]\n","protected":false},"excerpt":{"rendered":"<p>[vc_row type=&#8221;in_container&#8221; full_screen_row_position=&#8221;middle&#8221; column_margin=&#8221;default&#8221; column_direction=&#8221;default&#8221; column_direction_tablet=&#8221;default&#8221; column_direction_phone=&#8221;default&#8221; scene_position=&#8221;center&#8221; text_color=&#8221;dark&#8221; text_align=&#8221;left&#8221; row_border_radius=&#8221;none&#8221; row_border_radius_applies=&#8221;bg&#8221; overlay_strength=&#8221;0.3&#8243; gradient_direction=&#8221;left_to_right&#8221; shape_divider_position=&#8221;bottom&#8221; bg_image_animation=&#8221;none&#8221;][vc_column column_padding=&#8221;no-extra-padding&#8221; column_padding_tablet=&#8221;inherit&#8221; column_padding_phone=&#8221;inherit&#8221; column_padding_position=&#8221;all&#8221; background_color_opacity=&#8221;1&#8243; background_hover_color_opacity=&#8221;1&#8243; column_shadow=&#8221;none&#8221; column_border_radius=&#8221;none&#8221; column_link_target=&#8221;_self&#8221; gradient_direction=&#8221;left_to_right&#8221; overlay_strength=&#8221;0.3&#8243; width=&#8221;1\/1&#8243; tablet_width_inherit=&#8221;default&#8221; tablet_text_alignment=&#8221;default&#8221; phone_text_alignment=&#8221;default&#8221; column_border_width=&#8221;none&#8221; column_border_style=&#8221;solid&#8221; bg_image_animation=&#8221;none&#8221;][vc_column_text] Politica de confiden\u0163ialitate \u015fi cookie-uri pe www.draculafilm.ro Ce sunt cookie-urile? Cookie-urile sunt fi\u015fiere text de mici&#8230;<\/p>\n","protected":false},"author":1,"featured_media":0,"parent":0,"menu_order":0,"comment_status":"closed","ping_status":"open","template":"page-sidebar.php","meta":{"footnotes":""},"yoast_head":"<!-- This site is optimized with the Yoast SEO plugin v20.4 - https:\/\/yoast.com\/wordpress\/plugins\/seo\/ -->\n<title>Politica de confiden\u0163ialitate - Dracula Film Festival<\/title>\n<meta name=\"robots\" content=\"index, follow, max-snippet:-1, max-image-preview:large, max-video-preview:-1\" \/>\n<link rel=\"canonical\" href=\"https:\/\/draculafilm.ro\/2023\/politica-de-confidentialitate\/\" \/>\n<meta property=\"og:locale\" content=\"ro_RO\" \/>\n<meta property=\"og:type\" content=\"article\" \/>\n<meta property=\"og:title\" content=\"Politica de confiden\u0163ialitate - Dracula Film Festival\" \/>\n<meta property=\"og:description\" content=\"[vc_row type=&#8221;in_container&#8221; full_screen_row_position=&#8221;middle&#8221; column_margin=&#8221;default&#8221; column_direction=&#8221;default&#8221; column_direction_tablet=&#8221;default&#8221; column_direction_phone=&#8221;default&#8221; scene_position=&#8221;center&#8221; text_color=&#8221;dark&#8221; text_align=&#8221;left&#8221; row_border_radius=&#8221;none&#8221; row_border_radius_applies=&#8221;bg&#8221; overlay_strength=&#8221;0.3&#8243; gradient_direction=&#8221;left_to_right&#8221; shape_divider_position=&#8221;bottom&#8221; bg_image_animation=&#8221;none&#8221;][vc_column column_padding=&#8221;no-extra-padding&#8221; column_padding_tablet=&#8221;inherit&#8221; column_padding_phone=&#8221;inherit&#8221; column_padding_position=&#8221;all&#8221; background_color_opacity=&#8221;1&#8243; background_hover_color_opacity=&#8221;1&#8243; column_shadow=&#8221;none&#8221; column_border_radius=&#8221;none&#8221; column_link_target=&#8221;_self&#8221; gradient_direction=&#8221;left_to_right&#8221; overlay_strength=&#8221;0.3&#8243; width=&#8221;1\/1&#8243; tablet_width_inherit=&#8221;default&#8221; tablet_text_alignment=&#8221;default&#8221; phone_text_alignment=&#8221;default&#8221; column_border_width=&#8221;none&#8221; column_border_style=&#8221;solid&#8221; bg_image_animation=&#8221;none&#8221;][vc_column_text] Politica de confiden\u0163ialitate \u015fi cookie-uri pe www.draculafilm.ro Ce sunt cookie-urile? Cookie-urile sunt fi\u015fiere text de mici...\" \/>\n<meta property=\"og:url\" content=\"https:\/\/draculafilm.ro\/2023\/politica-de-confidentialitate\/\" \/>\n<meta property=\"og:site_name\" content=\"Dracula Film Festival\" \/>\n<meta property=\"article:publisher\" content=\"https:\/\/www.facebook.com\/DraculaFilmFestival\/\" \/>\n<meta property=\"article:modified_time\" content=\"2021-06-15T13:55:23+00:00\" \/>\n<meta property=\"og:image\" content=\"https:\/\/draculafilm.ro\/2023\/wp-content\/uploads\/2023\/09\/fb-dracula-film-2023-01.png\" \/>\n\t<meta property=\"og:image:width\" content=\"1200\" \/>\n\t<meta property=\"og:image:height\" content=\"630\" \/>\n\t<meta property=\"og:image:type\" content=\"image\/png\" \/>\n<meta name=\"twitter:card\" content=\"summary_large_image\" \/>\n<meta name=\"twitter:label1\" content=\"Timp estimat pentru citire\" \/>\n\t<meta name=\"twitter:data1\" content=\"5 minute\" \/>\n<script type=\"application\/ld+json\" class=\"yoast-schema-graph\">{\"@context\":\"https:\/\/schema.org\",\"@graph\":[{\"@type\":\"WebPage\",\"@id\":\"https:\/\/draculafilm.ro\/2023\/politica-de-confidentialitate\/\",\"url\":\"https:\/\/draculafilm.ro\/2023\/politica-de-confidentialitate\/\",\"name\":\"Politica de confiden\u0163ialitate - Dracula Film Festival\",\"isPartOf\":{\"@id\":\"https:\/\/draculafilm.ro\/2023\/#website\"},\"datePublished\":\"2020-07-01T12:31:57+00:00\",\"dateModified\":\"2021-06-15T13:55:23+00:00\",\"breadcrumb\":{\"@id\":\"https:\/\/draculafilm.ro\/2023\/politica-de-confidentialitate\/#breadcrumb\"},\"inLanguage\":\"ro-RO\",\"potentialAction\":[{\"@type\":\"ReadAction\",\"target\":[\"https:\/\/draculafilm.ro\/2023\/politica-de-confidentialitate\/\"]}]},{\"@type\":\"BreadcrumbList\",\"@id\":\"https:\/\/draculafilm.ro\/2023\/politica-de-confidentialitate\/#breadcrumb\",\"itemListElement\":[{\"@type\":\"ListItem\",\"position\":1,\"name\":\"Home\",\"item\":\"https:\/\/draculafilm.ro\/2023\/\"},{\"@type\":\"ListItem\",\"position\":2,\"name\":\"Politica de confiden\u0163ialitate\"}]},{\"@type\":\"WebSite\",\"@id\":\"https:\/\/draculafilm.ro\/2023\/#website\",\"url\":\"https:\/\/draculafilm.ro\/2023\/\",\"name\":\"Dracula Film Festival\",\"description\":\"Dracula Film Festival - Horror &amp; Fantasy Film Festival.\",\"potentialAction\":[{\"@type\":\"SearchAction\",\"target\":{\"@type\":\"EntryPoint\",\"urlTemplate\":\"https:\/\/draculafilm.ro\/2023\/?s={search_term_string}\"},\"query-input\":\"required name=search_term_string\"}],\"inLanguage\":\"ro-RO\"}]}<\/script>\n<!-- \/ Yoast SEO plugin. -->","yoast_head_json":{"title":"Politica de confiden\u0163ialitate - Dracula Film Festival","robots":{"index":"index","follow":"follow","max-snippet":"max-snippet:-1","max-image-preview":"max-image-preview:large","max-video-preview":"max-video-preview:-1"},"canonical":"https:\/\/draculafilm.ro\/2023\/politica-de-confidentialitate\/","og_locale":"ro_RO","og_type":"article","og_title":"Politica de confiden\u0163ialitate - Dracula Film Festival","og_description":"[vc_row type=&#8221;in_container&#8221; full_screen_row_position=&#8221;middle&#8221; column_margin=&#8221;default&#8221; column_direction=&#8221;default&#8221; column_direction_tablet=&#8221;default&#8221; column_direction_phone=&#8221;default&#8221; scene_position=&#8221;center&#8221; text_color=&#8221;dark&#8221; text_align=&#8221;left&#8221; row_border_radius=&#8221;none&#8221; row_border_radius_applies=&#8221;bg&#8221; overlay_strength=&#8221;0.3&#8243; gradient_direction=&#8221;left_to_right&#8221; shape_divider_position=&#8221;bottom&#8221; bg_image_animation=&#8221;none&#8221;][vc_column column_padding=&#8221;no-extra-padding&#8221; column_padding_tablet=&#8221;inherit&#8221; column_padding_phone=&#8221;inherit&#8221; column_padding_position=&#8221;all&#8221; background_color_opacity=&#8221;1&#8243; background_hover_color_opacity=&#8221;1&#8243; column_shadow=&#8221;none&#8221; column_border_radius=&#8221;none&#8221; column_link_target=&#8221;_self&#8221; gradient_direction=&#8221;left_to_right&#8221; overlay_strength=&#8221;0.3&#8243; width=&#8221;1\/1&#8243; tablet_width_inherit=&#8221;default&#8221; tablet_text_alignment=&#8221;default&#8221; phone_text_alignment=&#8221;default&#8221; column_border_width=&#8221;none&#8221; column_border_style=&#8221;solid&#8221; bg_image_animation=&#8221;none&#8221;][vc_column_text] Politica de confiden\u0163ialitate \u015fi cookie-uri pe www.draculafilm.ro Ce sunt cookie-urile? Cookie-urile sunt fi\u015fiere text de mici...","og_url":"https:\/\/draculafilm.ro\/2023\/politica-de-confidentialitate\/","og_site_name":"Dracula Film Festival","article_publisher":"https:\/\/www.facebook.com\/DraculaFilmFestival\/","article_modified_time":"2021-06-15T13:55:23+00:00","og_image":[{"width":1200,"height":630,"url":"https:\/\/draculafilm.ro\/2023\/wp-content\/uploads\/2023\/09\/fb-dracula-film-2023-01.png","type":"image\/png"}],"twitter_card":"summary_large_image","twitter_misc":{"Timp estimat pentru citire":"5 minute"},"schema":{"@context":"https:\/\/schema.org","@graph":[{"@type":"WebPage","@id":"https:\/\/draculafilm.ro\/2023\/politica-de-confidentialitate\/","url":"https:\/\/draculafilm.ro\/2023\/politica-de-confidentialitate\/","name":"Politica de confiden\u0163ialitate - Dracula Film Festival","isPartOf":{"@id":"https:\/\/draculafilm.ro\/2023\/#website"},"datePublished":"2020-07-01T12:31:57+00:00","dateModified":"2021-06-15T13:55:23+00:00","breadcrumb":{"@id":"https:\/\/draculafilm.ro\/2023\/politica-de-confidentialitate\/#breadcrumb"},"inLanguage":"ro-RO","potentialAction":[{"@type":"ReadAction","target":["https:\/\/draculafilm.ro\/2023\/politica-de-confidentialitate\/"]}]},{"@type":"BreadcrumbList","@id":"https:\/\/draculafilm.ro\/2023\/politica-de-confidentialitate\/#breadcrumb","itemListElement":[{"@type":"ListItem","position":1,"name":"Home","item":"https:\/\/draculafilm.ro\/2023\/"},{"@type":"ListItem","position":2,"name":"Politica de confiden\u0163ialitate"}]},{"@type":"WebSite","@id":"https:\/\/draculafilm.ro\/2023\/#website","url":"https:\/\/draculafilm.ro\/2023\/","name":"Dracula Film Festival","description":"Dracula Film Festival - Horror &amp; Fantasy Film Festival.","potentialAction":[{"@type":"SearchAction","target":{"@type":"EntryPoint","urlTemplate":"https:\/\/draculafilm.ro\/2023\/?s={search_term_string}"},"query-input":"required name=search_term_string"}],"inLanguage":"ro-RO"}]}},"_links":{"self":[{"href":"https:\/\/draculafilm.ro\/2023\/wp-json\/wp\/v2\/pages\/3"}],"collection":[{"href":"https:\/\/draculafilm.ro\/2023\/wp-json\/wp\/v2\/pages"}],"about":[{"href":"https:\/\/draculafilm.ro\/2023\/wp-json\/wp\/v2\/types\/page"}],"author":[{"embeddable":true,"href":"https:\/\/draculafilm.ro\/2023\/wp-json\/wp\/v2\/users\/1"}],"replies":[{"embeddable":true,"href":"https:\/\/draculafilm.ro\/2023\/wp-json\/wp\/v2\/comments?post=3"}],"version-history":[{"count":2,"href":"https:\/\/draculafilm.ro\/2023\/wp-json\/wp\/v2\/pages\/3\/revisions"}],"predecessor-version":[{"id":921,"href":"https:\/\/draculafilm.ro\/2023\/wp-json\/wp\/v2\/pages\/3\/revisions\/921"}],"wp:attachment":[{"href":"https:\/\/draculafilm.ro\/2023\/wp-json\/wp\/v2\/media?parent=3"}],"curies":[{"name":"wp","href":"https:\/\/api.w.org\/{rel}","templated":true}]}}