{"id":36,"date":"2020-07-01T16:09:06","date_gmt":"2020-07-01T13:09:06","guid":{"rendered":"http:\/\/draculafilm.ro\/?page_id=36"},"modified":"2024-10-22T12:00:24","modified_gmt":"2024-10-22T09:00:24","slug":"despre-festival","status":"publish","type":"page","link":"https:\/\/draculafilm.ro\/2024\/despre-festival\/","title":{"rendered":"Despre festival"},"content":{"rendered":"[vc_row type=&#8221;in_container&#8221; full_screen_row_position=&#8221;middle&#8221; column_margin=&#8221;default&#8221; equal_height=&#8221;yes&#8221; content_placement=&#8221;top&#8221; column_direction=&#8221;default&#8221; column_direction_tablet=&#8221;default&#8221; column_direction_phone=&#8221;default&#8221; scene_position=&#8221;center&#8221; text_color=&#8221;dark&#8221; text_align=&#8221;left&#8221; row_border_radius=&#8221;none&#8221; row_border_radius_applies=&#8221;bg&#8221; overflow=&#8221;visible&#8221; overlay_strength=&#8221;0.3&#8243; gradient_direction=&#8221;left_to_right&#8221; shape_divider_position=&#8221;bottom&#8221; bg_image_animation=&#8221;none&#8221; gradient_type=&#8221;default&#8221; shape_type=&#8221;&#8221;][vc_column column_padding=&#8221;padding-3-percent&#8221; column_padding_tablet=&#8221;inherit&#8221; column_padding_phone=&#8221;no-extra-padding&#8221; column_padding_position=&#8221;right&#8221; column_element_direction_desktop=&#8221;default&#8221; column_element_spacing=&#8221;default&#8221; desktop_text_alignment=&#8221;default&#8221; tablet_text_alignment=&#8221;default&#8221; phone_text_alignment=&#8221;default&#8221; background_color_opacity=&#8221;1&#8243; background_hover_color_opacity=&#8221;1&#8243; column_backdrop_filter=&#8221;none&#8221; column_shadow=&#8221;none&#8221; column_border_radius=&#8221;none&#8221; column_link_target=&#8221;_self&#8221; column_position=&#8221;default&#8221; gradient_direction=&#8221;left_to_right&#8221; overlay_strength=&#8221;0.3&#8243; width=&#8221;2\/3&#8243; tablet_width_inherit=&#8221;default&#8221; animation_type=&#8221;default&#8221; bg_image_animation=&#8221;none&#8221; border_type=&#8221;simple&#8221; column_border_width=&#8221;none&#8221; column_border_style=&#8221;solid&#8221; column_padding_type=&#8221;default&#8221; gradient_type=&#8221;default&#8221;][vc_column_text]Ajuns la edi\u021bia a XII-a,<strong> Festivalul Interna\u021bional de Film Fantastic de la Bra\u015fov<\/strong>, <strong><em>Dracula Film Festival <\/em>(30 octombrie \u2013 3 noiembrie)<\/strong>, propune anul acesta publicului o edi\u021bie foarte bogat\u0103 \u00een experien\u021be cinematografice inedite, premiere \u0219i avanpremiere, Q&amp;A-uri, concerte \u0219i expozi\u021bii.<\/p>\n<p>Cu o tradi\u021bie anual\u0103 ne\u00eentrerupt\u0103 de a oferi cinefililor acces direct la o mare varietate de forme de expresie ale fanteziei, de la film de art\u0103 \u0219i documentar p\u00e2n\u0103 la thriller, SF sau horror, Dracula Film Festival \u00ee\u0219i propune s\u0103 justifice \u00een continuare, prin varietatea experien\u021belor oferite publicului, includerea \u00een 2021 pe lista <strong>celor mai importante<\/strong> <strong>50 de festivaluri de gen din lume<\/strong>, top realizat de c\u0103tre <a href=\"https:\/\/www.dreadcentral.com\/news\/364442\/the-best-horror-festivals-in-the-world-2021\/\" target=\"_blank\" rel=\"noopener\"><strong>Dread Central<\/strong><\/a>.<\/p>\n<p>Festivalul are mai multe sec\u021biuni competitive, destinate at\u00e2t profesioni\u0219tilor \u00een arta cinematografiei, c\u00e2t \u0219i tinerilor afla\u021bi la \u00eenceput de drum.<\/p>\n<p><strong>Dracula Trophy<\/strong> este premiul acordat celui mai bun film de lungmetraj, <strong>Little Dracula<\/strong> este premiul pentru cel mai bun scurtmetraj interna\u021bional, iar <strong>Vl\u0103du\u021b<\/strong> este premiul acordat celui mai bun scurtmetraj rom\u00e2nesc, \u00een timp de <strong>Dracula Digital<\/strong> este competi\u021bia adresat\u0103 tinerilor amatori, care vor realiza cu telefonul mobil, filme de scurtmetraj fantastice.[\/vc_column_text][\/vc_column][vc_column column_padding=&#8221;no-extra-padding&#8221; column_padding_tablet=&#8221;inherit&#8221; column_padding_phone=&#8221;inherit&#8221; column_padding_position=&#8221;all&#8221; column_element_direction_desktop=&#8221;default&#8221; column_element_spacing=&#8221;default&#8221; desktop_text_alignment=&#8221;default&#8221; tablet_text_alignment=&#8221;default&#8221; phone_text_alignment=&#8221;default&#8221; background_color_opacity=&#8221;1&#8243; background_hover_color_opacity=&#8221;1&#8243; column_backdrop_filter=&#8221;none&#8221; column_shadow=&#8221;none&#8221; column_border_radius=&#8221;none&#8221; column_link_target=&#8221;_self&#8221; column_position=&#8221;default&#8221; gradient_direction=&#8221;left_to_right&#8221; overlay_strength=&#8221;0.3&#8243; width=&#8221;1\/3&#8243; tablet_width_inherit=&#8221;default&#8221; animation_type=&#8221;default&#8221; bg_image_animation=&#8221;none&#8221; border_type=&#8221;simple&#8221; column_border_width=&#8221;none&#8221; column_border_style=&#8221;solid&#8221;][image_with_animation image_url=&#8221;3983&#8243; image_size=&#8221;full&#8221; animation_type=&#8221;entrance&#8221; animation=&#8221;None&#8221; animation_movement_type=&#8221;transform_y&#8221; hover_animation=&#8221;none&#8221; alignment=&#8221;&#8221; img_link_large=&#8221;yes&#8221; border_radius=&#8221;none&#8221; box_shadow=&#8221;none&#8221; image_loading=&#8221;default&#8221; max_width=&#8221;100%&#8221; max_width_mobile=&#8221;default&#8221;][\/vc_column][\/vc_row]\n","protected":false},"excerpt":{"rendered":"<p>[vc_row type=&#8221;in_container&#8221; full_screen_row_position=&#8221;middle&#8221; column_margin=&#8221;default&#8221; equal_height=&#8221;yes&#8221; content_placement=&#8221;top&#8221; column_direction=&#8221;default&#8221; column_direction_tablet=&#8221;default&#8221; column_direction_phone=&#8221;default&#8221; scene_position=&#8221;center&#8221; text_color=&#8221;dark&#8221; text_align=&#8221;left&#8221; row_border_radius=&#8221;none&#8221; row_border_radius_applies=&#8221;bg&#8221; overflow=&#8221;visible&#8221; overlay_strength=&#8221;0.3&#8243; gradient_direction=&#8221;left_to_right&#8221; shape_divider_position=&#8221;bottom&#8221; bg_image_animation=&#8221;none&#8221; gradient_type=&#8221;default&#8221; shape_type=&#8221;&#8221;][vc_column column_padding=&#8221;padding-3-percent&#8221; column_padding_tablet=&#8221;inherit&#8221; column_padding_phone=&#8221;no-extra-padding&#8221; column_padding_position=&#8221;right&#8221; column_element_direction_desktop=&#8221;default&#8221; column_element_spacing=&#8221;default&#8221; desktop_text_alignment=&#8221;default&#8221; tablet_text_alignment=&#8221;default&#8221; phone_text_alignment=&#8221;default&#8221; background_color_opacity=&#8221;1&#8243; background_hover_color_opacity=&#8221;1&#8243; column_backdrop_filter=&#8221;none&#8221; column_shadow=&#8221;none&#8221; column_border_radius=&#8221;none&#8221; column_link_target=&#8221;_self&#8221; column_position=&#8221;default&#8221; gradient_direction=&#8221;left_to_right&#8221; overlay_strength=&#8221;0.3&#8243; width=&#8221;2\/3&#8243; tablet_width_inherit=&#8221;default&#8221; animation_type=&#8221;default&#8221; bg_image_animation=&#8221;none&#8221; border_type=&#8221;simple&#8221; column_border_width=&#8221;none&#8221; column_border_style=&#8221;solid&#8221; column_padding_type=&#8221;default&#8221; gradient_type=&#8221;default&#8221;][vc_column_text]Ajuns la edi\u021bia&#8230;<\/p>\n","protected":false},"author":1,"featured_media":0,"parent":0,"menu_order":0,"comment_status":"closed","ping_status":"closed","template":"page-sidebar.php","meta":{"footnotes":""},"yoast_head":"<!-- This site is optimized with the Yoast SEO plugin v20.4 - https:\/\/yoast.com\/wordpress\/plugins\/seo\/ -->\n<title>Despre festival - Dracula Film Festival<\/title>\n<meta name=\"robots\" content=\"index, follow, max-snippet:-1, max-image-preview:large, max-video-preview:-1\" \/>\n<link rel=\"canonical\" href=\"https:\/\/draculafilm.ro\/2024\/despre-festival\/\" \/>\n<meta property=\"og:locale\" content=\"ro_RO\" \/>\n<meta property=\"og:type\" content=\"article\" \/>\n<meta property=\"og:title\" content=\"Despre festival - Dracula Film Festival\" \/>\n<meta property=\"og:description\" content=\"[vc_row type=&#8221;in_container&#8221; full_screen_row_position=&#8221;middle&#8221; column_margin=&#8221;default&#8221; equal_height=&#8221;yes&#8221; content_placement=&#8221;top&#8221; column_direction=&#8221;default&#8221; column_direction_tablet=&#8221;default&#8221; column_direction_phone=&#8221;default&#8221; scene_position=&#8221;center&#8221; text_color=&#8221;dark&#8221; text_align=&#8221;left&#8221; row_border_radius=&#8221;none&#8221; row_border_radius_applies=&#8221;bg&#8221; overflow=&#8221;visible&#8221; overlay_strength=&#8221;0.3&#8243; gradient_direction=&#8221;left_to_right&#8221; shape_divider_position=&#8221;bottom&#8221; bg_image_animation=&#8221;none&#8221; gradient_type=&#8221;default&#8221; shape_type=&#8221;&#8221;][vc_column column_padding=&#8221;padding-3-percent&#8221; column_padding_tablet=&#8221;inherit&#8221; column_padding_phone=&#8221;no-extra-padding&#8221; column_padding_position=&#8221;right&#8221; column_element_direction_desktop=&#8221;default&#8221; column_element_spacing=&#8221;default&#8221; desktop_text_alignment=&#8221;default&#8221; tablet_text_alignment=&#8221;default&#8221; phone_text_alignment=&#8221;default&#8221; background_color_opacity=&#8221;1&#8243; background_hover_color_opacity=&#8221;1&#8243; column_backdrop_filter=&#8221;none&#8221; column_shadow=&#8221;none&#8221; column_border_radius=&#8221;none&#8221; column_link_target=&#8221;_self&#8221; column_position=&#8221;default&#8221; gradient_direction=&#8221;left_to_right&#8221; overlay_strength=&#8221;0.3&#8243; width=&#8221;2\/3&#8243; tablet_width_inherit=&#8221;default&#8221; animation_type=&#8221;default&#8221; bg_image_animation=&#8221;none&#8221; border_type=&#8221;simple&#8221; column_border_width=&#8221;none&#8221; column_border_style=&#8221;solid&#8221; column_padding_type=&#8221;default&#8221; gradient_type=&#8221;default&#8221;][vc_column_text]Ajuns la edi\u021bia...\" \/>\n<meta property=\"og:url\" content=\"https:\/\/draculafilm.ro\/2024\/despre-festival\/\" \/>\n<meta property=\"og:site_name\" content=\"Dracula Film Festival\" \/>\n<meta property=\"article:publisher\" content=\"https:\/\/www.facebook.com\/DraculaFilmFestival\/\" \/>\n<meta property=\"article:modified_time\" content=\"2024-10-22T09:00:24+00:00\" \/>\n<meta property=\"og:image\" content=\"https:\/\/draculafilm.ro\/2024\/wp-content\/uploads\/2024\/10\/fb-draculafilm-ro-2024.png\" \/>\n\t<meta property=\"og:image:width\" content=\"1200\" \/>\n\t<meta property=\"og:image:height\" content=\"630\" \/>\n\t<meta property=\"og:image:type\" content=\"image\/png\" \/>\n<meta name=\"twitter:card\" content=\"summary_large_image\" \/>\n<meta name=\"twitter:label1\" content=\"Timp estimat pentru citire\" \/>\n\t<meta name=\"twitter:data1\" content=\"2 minute\" \/>\n<script type=\"application\/ld+json\" class=\"yoast-schema-graph\">{\"@context\":\"https:\/\/schema.org\",\"@graph\":[{\"@type\":\"WebPage\",\"@id\":\"https:\/\/draculafilm.ro\/2024\/despre-festival\/\",\"url\":\"https:\/\/draculafilm.ro\/2024\/despre-festival\/\",\"name\":\"Despre festival - Dracula Film Festival\",\"isPartOf\":{\"@id\":\"https:\/\/draculafilm.ro\/2024\/#website\"},\"datePublished\":\"2020-07-01T13:09:06+00:00\",\"dateModified\":\"2024-10-22T09:00:24+00:00\",\"breadcrumb\":{\"@id\":\"https:\/\/draculafilm.ro\/2024\/despre-festival\/#breadcrumb\"},\"inLanguage\":\"ro-RO\",\"potentialAction\":[{\"@type\":\"ReadAction\",\"target\":[\"https:\/\/draculafilm.ro\/2024\/despre-festival\/\"]}]},{\"@type\":\"BreadcrumbList\",\"@id\":\"https:\/\/draculafilm.ro\/2024\/despre-festival\/#breadcrumb\",\"itemListElement\":[{\"@type\":\"ListItem\",\"position\":1,\"name\":\"Home\",\"item\":\"https:\/\/draculafilm.ro\/2024\/\"},{\"@type\":\"ListItem\",\"position\":2,\"name\":\"Despre festival\"}]},{\"@type\":\"WebSite\",\"@id\":\"https:\/\/draculafilm.ro\/2024\/#website\",\"url\":\"https:\/\/draculafilm.ro\/2024\/\",\"name\":\"Dracula Film Festival\",\"description\":\"Dracula Film Festival - Horror &amp; Fantasy Film Festival.\",\"potentialAction\":[{\"@type\":\"SearchAction\",\"target\":{\"@type\":\"EntryPoint\",\"urlTemplate\":\"https:\/\/draculafilm.ro\/2024\/?s={search_term_string}\"},\"query-input\":\"required name=search_term_string\"}],\"inLanguage\":\"ro-RO\"}]}<\/script>\n<!-- \/ Yoast SEO plugin. -->","yoast_head_json":{"title":"Despre festival - Dracula Film Festival","robots":{"index":"index","follow":"follow","max-snippet":"max-snippet:-1","max-image-preview":"max-image-preview:large","max-video-preview":"max-video-preview:-1"},"canonical":"https:\/\/draculafilm.ro\/2024\/despre-festival\/","og_locale":"ro_RO","og_type":"article","og_title":"Despre festival - Dracula Film Festival","og_description":"[vc_row type=&#8221;in_container&#8221; full_screen_row_position=&#8221;middle&#8221; column_margin=&#8221;default&#8221; equal_height=&#8221;yes&#8221; content_placement=&#8221;top&#8221; column_direction=&#8221;default&#8221; column_direction_tablet=&#8221;default&#8221; column_direction_phone=&#8221;default&#8221; scene_position=&#8221;center&#8221; text_color=&#8221;dark&#8221; text_align=&#8221;left&#8221; row_border_radius=&#8221;none&#8221; row_border_radius_applies=&#8221;bg&#8221; overflow=&#8221;visible&#8221; overlay_strength=&#8221;0.3&#8243; gradient_direction=&#8221;left_to_right&#8221; shape_divider_position=&#8221;bottom&#8221; bg_image_animation=&#8221;none&#8221; gradient_type=&#8221;default&#8221; shape_type=&#8221;&#8221;][vc_column column_padding=&#8221;padding-3-percent&#8221; column_padding_tablet=&#8221;inherit&#8221; column_padding_phone=&#8221;no-extra-padding&#8221; column_padding_position=&#8221;right&#8221; column_element_direction_desktop=&#8221;default&#8221; column_element_spacing=&#8221;default&#8221; desktop_text_alignment=&#8221;default&#8221; tablet_text_alignment=&#8221;default&#8221; phone_text_alignment=&#8221;default&#8221; background_color_opacity=&#8221;1&#8243; background_hover_color_opacity=&#8221;1&#8243; column_backdrop_filter=&#8221;none&#8221; column_shadow=&#8221;none&#8221; column_border_radius=&#8221;none&#8221; column_link_target=&#8221;_self&#8221; column_position=&#8221;default&#8221; gradient_direction=&#8221;left_to_right&#8221; overlay_strength=&#8221;0.3&#8243; width=&#8221;2\/3&#8243; tablet_width_inherit=&#8221;default&#8221; animation_type=&#8221;default&#8221; bg_image_animation=&#8221;none&#8221; border_type=&#8221;simple&#8221; column_border_width=&#8221;none&#8221; column_border_style=&#8221;solid&#8221; column_padding_type=&#8221;default&#8221; gradient_type=&#8221;default&#8221;][vc_column_text]Ajuns la edi\u021bia...","og_url":"https:\/\/draculafilm.ro\/2024\/despre-festival\/","og_site_name":"Dracula Film Festival","article_publisher":"https:\/\/www.facebook.com\/DraculaFilmFestival\/","article_modified_time":"2024-10-22T09:00:24+00:00","og_image":[{"width":1200,"height":630,"url":"https:\/\/draculafilm.ro\/2024\/wp-content\/uploads\/2024\/10\/fb-draculafilm-ro-2024.png","type":"image\/png"}],"twitter_card":"summary_large_image","twitter_misc":{"Timp estimat pentru citire":"2 minute"},"schema":{"@context":"https:\/\/schema.org","@graph":[{"@type":"WebPage","@id":"https:\/\/draculafilm.ro\/2024\/despre-festival\/","url":"https:\/\/draculafilm.ro\/2024\/despre-festival\/","name":"Despre festival - Dracula Film Festival","isPartOf":{"@id":"https:\/\/draculafilm.ro\/2024\/#website"},"datePublished":"2020-07-01T13:09:06+00:00","dateModified":"2024-10-22T09:00:24+00:00","breadcrumb":{"@id":"https:\/\/draculafilm.ro\/2024\/despre-festival\/#breadcrumb"},"inLanguage":"ro-RO","potentialAction":[{"@type":"ReadAction","target":["https:\/\/draculafilm.ro\/2024\/despre-festival\/"]}]},{"@type":"BreadcrumbList","@id":"https:\/\/draculafilm.ro\/2024\/despre-festival\/#breadcrumb","itemListElement":[{"@type":"ListItem","position":1,"name":"Home","item":"https:\/\/draculafilm.ro\/2024\/"},{"@type":"ListItem","position":2,"name":"Despre festival"}]},{"@type":"WebSite","@id":"https:\/\/draculafilm.ro\/2024\/#website","url":"https:\/\/draculafilm.ro\/2024\/","name":"Dracula Film Festival","description":"Dracula Film Festival - Horror &amp; Fantasy Film Festival.","potentialAction":[{"@type":"SearchAction","target":{"@type":"EntryPoint","urlTemplate":"https:\/\/draculafilm.ro\/2024\/?s={search_term_string}"},"query-input":"required name=search_term_string"}],"inLanguage":"ro-RO"}]}},"_links":{"self":[{"href":"https:\/\/draculafilm.ro\/2024\/wp-json\/wp\/v2\/pages\/36"}],"collection":[{"href":"https:\/\/draculafilm.ro\/2024\/wp-json\/wp\/v2\/pages"}],"about":[{"href":"https:\/\/draculafilm.ro\/2024\/wp-json\/wp\/v2\/types\/page"}],"author":[{"embeddable":true,"href":"https:\/\/draculafilm.ro\/2024\/wp-json\/wp\/v2\/users\/1"}],"replies":[{"embeddable":true,"href":"https:\/\/draculafilm.ro\/2024\/wp-json\/wp\/v2\/comments?post=36"}],"version-history":[{"count":10,"href":"https:\/\/draculafilm.ro\/2024\/wp-json\/wp\/v2\/pages\/36\/revisions"}],"predecessor-version":[{"id":4154,"href":"https:\/\/draculafilm.ro\/2024\/wp-json\/wp\/v2\/pages\/36\/revisions\/4154"}],"wp:attachment":[{"href":"https:\/\/draculafilm.ro\/2024\/wp-json\/wp\/v2\/media?parent=36"}],"curies":[{"name":"wp","href":"https:\/\/api.w.org\/{rel}","templated":true}]}}